{"id":2297,"date":"2017-07-25T22:02:59","date_gmt":"2017-07-25T22:02:59","guid":{"rendered":"http:\/\/dev.vitellelab.com\/?page_id=2297"},"modified":"2023-07-31T10:33:42","modified_gmt":"2023-07-31T17:33:42","slug":"contract-manufacturing","status":"publish","type":"page","link":"https:\/\/www.vitellelab.com\/es\/contract-manufacturing","title":{"rendered":"FABRICACI\u00d3N POR CONTRATO"},"content":{"rendered":"<p><div class=\"fusion-fullwidth fullwidth-box fusion-builder-row-1 nonhundred-percent-fullwidth non-hundred-percent-height-scrolling\" style=\"--awb-background-position:left top;--awb-border-sizes-top:0px;--awb-border-sizes-bottom:0px;--awb-border-sizes-left:0px;--awb-border-sizes-right:0px;--awb-border-color:#3d3d3d;--awb-border-radius-top-left:0px;--awb-border-radius-top-right:0px;--awb-border-radius-bottom-right:0px;--awb-border-radius-bottom-left:0px;--awb-padding-top:0px;--awb-padding-bottom:0px;--awb-background-color:rgba(255,255,255,0.5);--awb-flex-wrap:wrap;\" ><div class=\"fusion-builder-row fusion-row\"><div class=\"fusion-layout-column fusion_builder_column fusion-builder-column-0 fusion_builder_column_1_2 1_2 fusion-one-half fusion-column-first fusion-column-no-min-height\" style=\"--awb-padding-bottom:35px;--awb-bg-size:cover;--awb-margin-bottom:0px;width:48%; margin-right: 4%;\"><div class=\"fusion-column-wrapper fusion-flex-column-wrapper-legacy\"><div class=\"fusion-text fusion-text-1\"><h2 style=\"text-align: left;\"><span style=\"color: #51b9e9;\">LA CIENCIA DE LA BELLEZA<\/span><\/h2>\n<p>El arte, la imaginaci\u00f3n, la excelencia y la pasi\u00f3n son las piedras angulares de nuestra metodolog\u00eda de fabricaci\u00f3n y formulaci\u00f3n de cuidado personal. Desde 1997, <strong>Vitelle Lab<\/strong> se ha especializado en la creaci\u00f3n y producci\u00f3n de cuidado premium de la piel y el cuerpo, empleando ingredientes de vanguardia que brindan beneficios reales al usuario final.<\/p>\n<p>Creemos que para ser verdaderamente especial, se requiere que un producto logre m\u00e1s de una funci\u00f3n.<\/p>\n<\/div><div class=\"fusion-clearfix\"><\/div><\/div><\/div><div class=\"fusion-layout-column fusion_builder_column fusion-builder-column-1 fusion_builder_column_1_2 1_2 fusion-one-half fusion-column-last fusion-column-no-min-height\" style=\"--awb-padding-top:65px;--awb-bg-size:cover;--awb-margin-bottom:0px;width:48%;\"><div class=\"fusion-column-wrapper fusion-flex-column-wrapper-legacy\"><div class=\"fusion-text fusion-text-2\"><p>Al ofrecer formulaciones din\u00e1micas, con beneficios en cascada, nuestro cliente puede comercializar sus productos de manera m\u00e1s efectiva. Creemos que para lograr el nivel superior de funcionalidad, no se pueden cortar esquinas en calidad y eficacia, ya que ambos son esenciales para un producto terminado superior. Como resultado <strong>Vitelle<\/strong> ha elevado la percepci\u00f3n del mercado de los resultados que un producto de marca privada puede ofrecer y establecer un nuevo est\u00e1ndar dentro del mercado profesional del cuidado de la piel.<\/p>\n<\/div><div class=\"fusion-clearfix\"><\/div><\/div><\/div><div class=\"fusion-layout-column fusion_builder_column fusion-builder-column-2 fusion_builder_column_1_1 1_1 fusion-one-full fusion-column-first fusion-column-last\" style=\"--awb-bg-image:url(&#039;https:\/\/www.vitellelab.com\/wp-content\/uploads\/2017\/07\/contract-2.jpg&#039;);--awb-bg-size:cover;--awb-border-color:#03a9f4;--awb-border-top:1px;--awb-border-right:1px;--awb-border-bottom:1px;--awb-border-left:1px;--awb-border-style:solid;\"><div class=\"fusion-column-wrapper fusion-column-has-shadow fusion-flex-column-wrapper-legacy fusion-empty-column-bg-image fusion-column-has-bg-image\" data-bg-url=\"https:\/\/www.vitellelab.com\/wp-content\/uploads\/2017\/07\/contract-2.jpg\"><img decoding=\"async\" class=\"fusion-empty-dims-img-placeholder\" src=\"data:image\/svg+xml,%3Csvg%20xmlns%3D%27http%3A%2F%2Fwww.w3.org%2F2000%2Fsvg%27%20width%3D%271400%27%20height%3D%27581%27%20viewBox%3D%270%200%201400%20581%27%3E%3Crect%20width%3D%271400%27%20height%3D%27581%27%20fill-opacity%3D%220%22%2F%3E%3C%2Fsvg%3E\"><div class=\"fusion-clearfix\"><\/div><\/div><\/div><div class=\"fusion-layout-column fusion_builder_column fusion-builder-column-3 fusion_builder_column_1_1 1_1 fusion-one-full fusion-column-first fusion-column-last\" style=\"--awb-padding-top:35px;--awb-bg-size:cover;\"><div class=\"fusion-column-wrapper fusion-flex-column-wrapper-legacy\"><div class=\"fusion-text fusion-text-3\"><h2 class=\"p1\"><span style=\"color: #51b9e9;\">FORMULACIONES PERSONALIZADAS<\/span><\/h2>\n<\/div><div class=\"fusion-clearfix\"><\/div><\/div><\/div><div class=\"fusion-layout-column fusion_builder_column fusion-builder-column-4 fusion_builder_column_1_2 1_2 fusion-one-half fusion-column-first fusion-column-no-min-height\" style=\"--awb-bg-size:cover;--awb-margin-bottom:0px;width:48%; margin-right: 4%;\"><div class=\"fusion-column-wrapper fusion-flex-column-wrapper-legacy\"><div class=\"fusion-text fusion-text-4\"><p>Para aquellos clientes que buscan algo que sea distintivamente suyo, estamos aqu\u00ed para escuchar sus necesidades y ayudarlo a crear una f\u00f3rmula que sea verdaderamente \u00fanica. Con experiencia tanto est\u00e9tica como cient\u00edfica, nuestro dedicado equipo de Investigaci\u00f3n y Desarrollo lo guiar\u00e1 a trav\u00e9s de un proceso inicial que lo ayudar\u00e1 a navegar por la gran cantidad de mitos y desinformaci\u00f3n que a menudo pueden acompa\u00f1ar la comercializaci\u00f3n de ingredientes para el cuidado de la piel.<\/p>\n<p>Nuestro objetivo es ayudarlo a crear un producto altamente funcional que sea bien recibido comercialmente, pero que posea beneficios basados en evidencia que resulten de la validaci\u00f3n cient\u00edfica.<\/p>\n<\/div><div class=\"fusion-clearfix\"><\/div><\/div><\/div><div class=\"fusion-layout-column fusion_builder_column fusion-builder-column-5 fusion_builder_column_1_2 1_2 fusion-one-half fusion-column-last fusion-column-no-min-height\" style=\"--awb-bg-size:cover;--awb-margin-bottom:0px;width:48%;\"><div class=\"fusion-column-wrapper fusion-flex-column-wrapper-legacy\"><div class=\"fusion-text fusion-text-5\"><p>Una vez que apruebe su prototipo y hayamos completado nuestras pruebas est\u00e1ndar de estabilidad y conservantes, puede comenzar a pedir su producto. Los m\u00ednimos de fabricaci\u00f3n personalizados comienzan en 40 litros para la mayor\u00eda de los productos, con un potencial de procesamiento por lotes de 400 litros por carrera. Los productos personalizados se pueden comprar en cualquiera de nuestras opciones de embalaje est\u00e1ndar para que pueda agregarlos a las colecciones de marcas privadas existentes si lo desea. Tambi\u00e9n podemos trabajar con el embalaje suministrado por el cliente si compra directamente a sus propios proveedores.<\/p>\n<p>Nuestros productos se fabrican de acuerdo con GMPC con referencia a: ISO2217: 2007 (E) - Cosm\u00e9ticos - directrices sobre buenas pr\u00e1cticas de fabricaci\u00f3n.<\/p>\n<\/div><div class=\"fusion-clearfix\"><\/div><\/div><\/div><\/div><\/div><div class=\"fusion-fullwidth fullwidth-box fusion-builder-row-2 nonhundred-percent-fullwidth non-hundred-percent-height-scrolling\" style=\"--awb-background-position:left top;--awb-border-sizes-top:0px;--awb-border-sizes-bottom:0px;--awb-border-sizes-left:0px;--awb-border-sizes-right:0px;--awb-border-color:#3d3d3d;--awb-border-radius-top-left:0px;--awb-border-radius-top-right:0px;--awb-border-radius-bottom-right:0px;--awb-border-radius-bottom-left:0px;--awb-padding-top:0px;--awb-padding-bottom:0px;--awb-background-color:rgba(255,255,255,0.5);--awb-flex-wrap:wrap;\" ><div class=\"fusion-builder-row fusion-row\"><div class=\"fusion-layout-column fusion_builder_column fusion-builder-column-6 fusion_builder_column_1_1 1_1 fusion-one-full fusion-column-first fusion-column-last\" style=\"--awb-bg-size:cover;\"><div class=\"fusion-column-wrapper fusion-flex-column-wrapper-legacy\"><div class=\"fusion-sep-clear\"><\/div><div class=\"fusion-separator fusion-full-width-sep\" style=\"margin-left: auto;margin-right: auto;margin-top:40px;margin-bottom:30px;width:100%;\"><div class=\"fusion-separator-border sep-single sep-dotted\" style=\"--awb-height:20px;--awb-amount:20px;--awb-sep-color:#514848;border-color:#514848;border-top-width:1px;\"><\/div><\/div><div class=\"fusion-sep-clear\"><\/div><div class=\"fusion-text fusion-text-6\"><h2 class=\"p1\"><span style=\"color: #51b9e9;\">GARANT\u00cdA DE CALIDAD<\/span><\/h2>\n<\/div><div class=\"fusion-clearfix\"><\/div><\/div><\/div><div class=\"fusion-layout-column fusion_builder_column fusion-builder-column-7 fusion_builder_column_1_2 1_2 fusion-one-half fusion-column-first fusion-column-no-min-height\" style=\"--awb-bg-size:cover;--awb-margin-bottom:0px;width:48%; margin-right: 4%;\"><div class=\"fusion-column-wrapper fusion-flex-column-wrapper-legacy\"><div class=\"fusion-text fusion-text-7\"><p>Cada producto que fabricamos es investigado y probado por nuestro equipo de desarrollo antes de ser lanzado a la venta. Ese equipo est\u00e1 formado por esteticistas, qu\u00edmicos cosm\u00e9ticos y consumidores de cuidado de la piel. Se realizan pruebas pr\u00e1cticas y en la sala de tratamiento para refinar las aplicaciones cl\u00ednicas y en el hogar de cada f\u00f3rmula. Como fabricante libre de crueldad, probamos solo en voluntarios humanos y nunca probamos en animales.<\/p>\n<\/div><div class=\"fusion-text fusion-text-8\"><p><strong>Vitelle<\/strong> tiene un compromiso de larga data para realizar negocios de una manera que cumpla con los m\u00e1s altos est\u00e1ndares legales y \u00e9ticos. El cumplimiento y el comportamiento \u00e9tico son parte de nuestros valores fundamentales que se aplican a todos los empleados y asociados y ofrecen una gu\u00eda espec\u00edfica de las expectativas de nuestra empresa.<\/p>\n<\/div><div class=\"fusion-clearfix\"><\/div><\/div><\/div><div class=\"fusion-layout-column fusion_builder_column fusion-builder-column-8 fusion_builder_column_1_2 1_2 fusion-one-half fusion-column-last fusion-column-no-min-height\" style=\"--awb-bg-size:cover;--awb-margin-bottom:0px;width:48%;\"><div class=\"fusion-column-wrapper fusion-flex-column-wrapper-legacy\"><div class=\"fusion-text fusion-text-9\"><p>En la b\u00fasqueda de la excelencia y el bienestar <strong>Vitelle<\/strong> Se suscribe a las siguientes pautas para las pr\u00e1cticas comerciales:<\/p>\n<ul>\n<li>Trato \u00e9tico a clientes o proveedores<\/li>\n<li>No publicidad negativa o enga\u00f1osa<\/li>\n<li>No pr\u00e1cticas comerciales o de marketing desleales<\/li>\n<li class=\"li1\"><span class=\"s2\">Respeto de los derechos fundamentales de los trabajadores<\/span><\/li>\n<li class=\"li1\"><span class=\"s2\">No ignorar las normas de salud, seguridad o medio ambiente<\/span><\/li>\n<li class=\"li1\"><span class=\"s2\">No pruebas en animales<\/span><\/li>\n<li class=\"li1\"><span class=\"s2\">Solo comprar materiales o suministros de compa\u00f1\u00edas que se sabe que emplean pr\u00e1cticas \u00e9ticas ambientales o de empleo.<\/span><\/li>\n<\/ul>\n<\/div><div class=\"fusion-clearfix\"><\/div><\/div><\/div><\/div><\/div><\/p>","protected":false},"excerpt":{"rendered":"","protected":false},"author":1,"featured_media":0,"parent":0,"menu_order":0,"comment_status":"closed","ping_status":"closed","template":"","meta":{"om_disable_all_campaigns":false,"_monsterinsights_skip_tracking":false,"_monsterinsights_sitenote_active":false,"_monsterinsights_sitenote_note":"","_monsterinsights_sitenote_category":0,"footnotes":""},"class_list":["post-2297","page","type-page","status-publish","hentry"],"aioseo_notices":[],"jetpack_shortlink":"https:\/\/wp.me\/P95uaQ-B3","jetpack_sharing_enabled":true,"_links":{"self":[{"href":"https:\/\/www.vitellelab.com\/es\/wp-json\/wp\/v2\/pages\/2297"}],"collection":[{"href":"https:\/\/www.vitellelab.com\/es\/wp-json\/wp\/v2\/pages"}],"about":[{"href":"https:\/\/www.vitellelab.com\/es\/wp-json\/wp\/v2\/types\/page"}],"author":[{"embeddable":true,"href":"https:\/\/www.vitellelab.com\/es\/wp-json\/wp\/v2\/users\/1"}],"replies":[{"embeddable":true,"href":"https:\/\/www.vitellelab.com\/es\/wp-json\/wp\/v2\/comments?post=2297"}],"version-history":[{"count":0,"href":"https:\/\/www.vitellelab.com\/es\/wp-json\/wp\/v2\/pages\/2297\/revisions"}],"wp:attachment":[{"href":"https:\/\/www.vitellelab.com\/es\/wp-json\/wp\/v2\/media?parent=2297"}],"curies":[{"name":"wp","href":"https:\/\/api.w.org\/{rel}","templated":true}]}}