{"id":2323,"date":"2017-07-25T23:13:02","date_gmt":"2017-07-25T23:13:02","guid":{"rendered":"http:\/\/dev.vitellelab.com\/?page_id=2323"},"modified":"2024-09-17T14:58:54","modified_gmt":"2024-09-17T21:58:54","slug":"products-overview","status":"publish","type":"page","link":"https:\/\/www.vitellelab.com\/es\/products-overview","title":{"rendered":"DESCRIPCI\u00d3N GENERAL DE LOS PRODUCTOS"},"content":{"rendered":"<div class=\"fusion-fullwidth fullwidth-box fusion-builder-row-1 nonhundred-percent-fullwidth non-hundred-percent-height-scrolling\" style=\"--awb-background-position:left top;--awb-border-sizes-top:0px;--awb-border-sizes-bottom:0px;--awb-border-sizes-left:0px;--awb-border-sizes-right:0px;--awb-border-color:#3d3d3d;--awb-border-radius-top-left:0px;--awb-border-radius-top-right:0px;--awb-border-radius-bottom-right:0px;--awb-border-radius-bottom-left:0px;--awb-padding-top:0px;--awb-padding-right:0px;--awb-padding-bottom:0px;--awb-padding-left:0px;--awb-background-color:rgba(255,255,255,0.5);--awb-flex-wrap:wrap;\" ><div class=\"fusion-builder-row fusion-row\"><div class=\"fusion-layout-column fusion_builder_column fusion-builder-column-0 fusion_builder_column_1_2 1_2 fusion-one-half fusion-column-first fusion-column-no-min-height\" style=\"--awb-padding-bottom:20px;--awb-bg-size:cover;--awb-margin-bottom:0px;width:48%; margin-right: 4%;\"><div class=\"fusion-column-wrapper fusion-flex-column-wrapper-legacy\"><div class=\"fusion-text fusion-text-1\"><h2><span style=\"color: #51b9e9;\">PRODUCTOS<\/span><\/h2>\n<p class=\"p1\"><span class=\"s1\">El primer paso es seleccionar los productos que mejor se adapten a su clientela y visi\u00f3n de negocio.\u00a0 <\/span><span class=\"s2\">Ofrecemos una serie de colecciones distintivas. La metodolog\u00eda de formulaci\u00f3n para cada colecci\u00f3n refleja los requisitos t\u00e9cnicos de eficacia y rendimiento. Sabemos que no es suficiente tener su propia l\u00ednea de productos; Las f\u00f3rmulas deben resistir o superar cualquier marca que haya llevado en sus estantes<\/span><\/p>\n<\/div><div class=\"fusion-clearfix\"><\/div><\/div><\/div><div class=\"fusion-layout-column fusion_builder_column fusion-builder-column-1 fusion_builder_column_1_2 1_2 fusion-one-half fusion-column-last\" style=\"--awb-padding-top:63px;--awb-bg-size:cover;width:48%;\"><div class=\"fusion-column-wrapper fusion-flex-column-wrapper-legacy\"><div class=\"fusion-text fusion-text-2\"><p><strong>Ofrecemos 3 categor\u00edas para elegir:<\/strong><\/p>\n<p style=\"padding-left: 30px;\"><a href=\"https:\/\/www.vitellelab.com\/es\/cosmeceutical-skincare-collection\/\">CUIDADO COSMEC\u00c9UTICO DE LA PIEL<\/a><\/p>\n<p style=\"padding-left: 30px;\"><a href=\"https:\/\/www.vitellelab.com\/es\/advanced-skincare-collections\/\">COLECCIONES PARA CUIDADO DE LA PIEL AVANZADO<\/a><\/p>\n<p style=\"padding-left: 30px;\"><a href=\"#natural\">CUIDADO DE LA PIEL NATURAL<\/a><\/p>\n<\/div><div class=\"fusion-clearfix\"><\/div><\/div><\/div><div class=\"fusion-layout-column fusion_builder_column fusion-builder-column-2 fusion_builder_column_1_6 1_6 fusion-one-sixth fusion-column-first\" style=\"--awb-bg-size:cover;width:16.666666666667%;width:calc(16.666666666667% - ( ( 4% + 4% ) * 0.16666666666667 ) );margin-right: 4%;\"><div class=\"fusion-column-wrapper fusion-flex-column-wrapper-legacy\"><div class=\"fusion-clearfix\"><\/div><\/div><\/div><div class=\"fusion-layout-column fusion_builder_column fusion-builder-column-3 fusion_builder_column_2_3 2_3 fusion-two-third\" style=\"--awb-padding-bottom:50px;--awb-bg-size:cover;width:66.666666666667%;width:calc(66.666666666667% - ( ( 4% + 4% ) * 0.66666666666667 ) );margin-right: 4%;\" id=\"clinical\"><div class=\"fusion-column-wrapper fusion-flex-column-wrapper-legacy\"><div class=\"fusion-sep-clear\"><\/div><div class=\"fusion-separator fusion-full-width-sep\" style=\"margin-left: auto;margin-right: auto;margin-top:40px;margin-bottom:30px;width:100%;\"><div class=\"fusion-separator-border sep-single sep-dotted\" style=\"--awb-height:20px;--awb-amount:20px;--awb-sep-color:#514848;border-color:#514848;border-top-width:1px;\"><\/div><\/div><div class=\"fusion-sep-clear\"><\/div><div class=\"fusion-clearfix\"><\/div><\/div><\/div><div class=\"fusion-layout-column fusion_builder_column fusion-builder-column-4 fusion_builder_column_1_6 1_6 fusion-one-sixth fusion-column-last\" style=\"--awb-bg-size:cover;width:16.666666666667%;width:calc(16.666666666667% - ( ( 4% + 4% ) * 0.16666666666667 ) );\"><div class=\"fusion-column-wrapper fusion-flex-column-wrapper-legacy\"><div class=\"fusion-clearfix\"><\/div><\/div><\/div><div class=\"fusion-layout-column fusion_builder_column fusion-builder-column-5 fusion_builder_column_1_3 1_3 fusion-one-third fusion-column-first\" style=\"--awb-bg-size:cover;width:33.333333333333%;width:calc(33.333333333333% - ( ( 4% ) * 0.33333333333333 ) );margin-right: 4%;\"><div class=\"fusion-column-wrapper fusion-flex-column-wrapper-legacy\"><div class=\"fusion-image-element in-legacy-container\" style=\"--awb-liftup-border-radius:9px;--awb-caption-title-font-family:var(--h2_typography-font-family);--awb-caption-title-font-weight:var(--h2_typography-font-weight);--awb-caption-title-font-style:var(--h2_typography-font-style);--awb-caption-title-size:var(--h2_typography-font-size);--awb-caption-title-transform:var(--h2_typography-text-transform);--awb-caption-title-line-height:var(--h2_typography-line-height);--awb-caption-title-letter-spacing:var(--h2_typography-letter-spacing);\"><div class=\"awb-image-frame awb-image-frame-1 imageframe-liftup imageframe-1 fusion-animated\" data-animationtype=\"zoomIn\" data-animationduration=\"0.4\" data-animationoffset=\"top-into-view\"><span class=\"fusion-imageframe imageframe-dropshadow imageframe-1\" style=\"border:1px solid #5e5e5e;border-radius:9px;-webkit-box-shadow: 3px 3px 7px rgba(0,0,0,0.3);box-shadow: 3px 3px 7px rgba(0,0,0,0.3);\"><a href=\"https:\/\/i0.wp.com\/www.vitellelab.com\/wp-content\/uploads\/2021\/05\/Cosmeceutical.png?ssl=1\" class=\"fusion-lightbox\" data-rel=\"iLightbox[88db29dbcc7e9cf608f]\" data-title=\"Cosmeceutical\" title=\"Cosmeceutical\"><img data-recalc-dims=\"1\" decoding=\"async\" width=\"747\" height=\"635\" alt=\"Vitelle Naturals\" src=\"https:\/\/i0.wp.com\/www.vitellelab.com\/wp-content\/uploads\/2021\/05\/Cosmeceutical.png?resize=747%2C635&#038;ssl=1\" class=\"img-responsive wp-image-3515\" srcset=\"https:\/\/i0.wp.com\/www.vitellelab.com\/wp-content\/uploads\/2021\/05\/Cosmeceutical.png?resize=200%2C170&amp;ssl=1 200w, https:\/\/i0.wp.com\/www.vitellelab.com\/wp-content\/uploads\/2021\/05\/Cosmeceutical.png?resize=300%2C255&amp;ssl=1 300w, https:\/\/i0.wp.com\/www.vitellelab.com\/wp-content\/uploads\/2021\/05\/Cosmeceutical.png?resize=400%2C340&amp;ssl=1 400w, https:\/\/i0.wp.com\/www.vitellelab.com\/wp-content\/uploads\/2021\/05\/Cosmeceutical.png?resize=600%2C510&amp;ssl=1 600w, https:\/\/i0.wp.com\/www.vitellelab.com\/wp-content\/uploads\/2021\/05\/Cosmeceutical.png?fit=747%2C635&amp;ssl=1 747w\" sizes=\"(max-width: 800px) 100vw, 400px\" \/><\/a><\/span><\/div><\/div><div class=\"fusion-clearfix\"><\/div><\/div><\/div><div class=\"fusion-layout-column fusion_builder_column fusion-builder-column-6 fusion_builder_column_2_3 2_3 fusion-two-third fusion-column-last\" style=\"--awb-bg-size:cover;--awb-margin-bottom:0px;width:66.666666666667%;width:calc(66.666666666667% - ( ( 4% ) * 0.66666666666667 ) );\"><div class=\"fusion-column-wrapper fusion-flex-column-wrapper-legacy\"><div class=\"fusion-text fusion-text-3\"><h2 class=\"p1\"><span style=\"color: #51b9e9;\">CUIDADO COSMEC\u00c9UTICO DE LA PIEL<\/span><\/h2>\n<p>INCEPTION MD is our premium professional skin care collection that favors both phyto-origin and scientifically validated actives that help fortify, nourish and enhance skin health. With more than 25 years of experience working with Dermatologists, Cosmetic Surgeons and skin care professionals, the formulation team at Vitelle Labs has meticulously evaluated and selected active ingredients which offer truly amazing skin conditioning benefits. Vitelle Labs is a recognized expert in the formulation and manufacture of professional skin care and we are the manufacturing partner for many of the leading skin care brands used and sold globally in professional venues.<\/p>\n<\/div><div class=\"fusion-button-wrapper\"><a class=\"fusion-button button-flat fusion-button-default-size button-default fusion-button-default button-1 fusion-button-default-span fusion-button-default-type\" target=\"_self\" href=\"https:\/\/www.vitellelab.com\/es\/cosmeceutical-skincare-collection\/\"><span class=\"fusion-button-text\">APRENDE MAS <\/span><\/a><\/div><div class=\"fusion-clearfix\"><\/div><\/div><\/div><div class=\"fusion-layout-column fusion_builder_column fusion-builder-column-7 fusion_builder_column_1_6 1_6 fusion-one-sixth fusion-column-first\" style=\"--awb-bg-size:cover;width:16.666666666667%;width:calc(16.666666666667% - ( ( 4% + 4% ) * 0.16666666666667 ) );margin-right: 4%;\"><div class=\"fusion-column-wrapper fusion-flex-column-wrapper-legacy\"><div class=\"fusion-clearfix\"><\/div><\/div><\/div><div class=\"fusion-layout-column fusion_builder_column fusion-builder-column-8 fusion_builder_column_2_3 2_3 fusion-two-third\" style=\"--awb-padding-bottom:50px;--awb-bg-size:cover;width:66.666666666667%;width:calc(66.666666666667% - ( ( 4% + 4% ) * 0.66666666666667 ) );margin-right: 4%;\" id=\"clinical\"><div class=\"fusion-column-wrapper fusion-flex-column-wrapper-legacy\"><div class=\"fusion-sep-clear\"><\/div><div class=\"fusion-separator fusion-full-width-sep\" style=\"margin-left: auto;margin-right: auto;margin-top:40px;margin-bottom:30px;width:100%;\"><div class=\"fusion-separator-border sep-single sep-dotted\" style=\"--awb-height:20px;--awb-amount:20px;--awb-sep-color:#514848;border-color:#514848;border-top-width:1px;\"><\/div><\/div><div class=\"fusion-sep-clear\"><\/div><div class=\"fusion-clearfix\"><\/div><\/div><\/div><div class=\"fusion-layout-column fusion_builder_column fusion-builder-column-9 fusion_builder_column_1_6 1_6 fusion-one-sixth fusion-column-last\" style=\"--awb-bg-size:cover;width:16.666666666667%;width:calc(16.666666666667% - ( ( 4% + 4% ) * 0.16666666666667 ) );\"><div class=\"fusion-column-wrapper fusion-flex-column-wrapper-legacy\"><div class=\"fusion-clearfix\"><\/div><\/div><\/div><div class=\"fusion-layout-column fusion_builder_column fusion-builder-column-10 fusion_builder_column_2_3 2_3 fusion-two-third fusion-column-first\" style=\"--awb-bg-size:cover;--awb-margin-bottom:0px;width:66.666666666667%;width:calc(66.666666666667% - ( ( 4% ) * 0.66666666666667 ) );margin-right: 4%;\"><div class=\"fusion-column-wrapper fusion-flex-column-wrapper-legacy\"><div class=\"fusion-text fusion-text-4\"><h2 class=\"p1\"><span style=\"color: #51b9e9;\">COLECCIONES PARA CUIDADO DE LA PIEL AVANZADO<\/span><\/h2>\n<p>As a\u00a0 Medical Spa owner, you understand the importance of highly effective, evidence-based skin care to your clientele. You work in a fast-paced environment, with demands on your time, so it\u2019s important that you find a supplier you can trust and who understands your needs.<\/p>\n<p>Vitelle has several \u2018Getting Started\u2019 programs designed for the medical esthetic market, to help you launch your brand. Not only do we offer very effective products you\u2019ll be proud to call your own, we also offer basic programs starting at only $500 for professionals who want to start modestly and build their line over time.<\/p>\n<p>With over 100 unique formulas, we\u2019re confident you\u2019ll find products that meet your needs and exceed expectations!<\/p>\n<\/div><div class=\"fusion-button-wrapper\"><a class=\"fusion-button button-flat fusion-button-default-size button-default fusion-button-default button-2 fusion-button-default-span fusion-button-default-type\" target=\"_self\" href=\"https:\/\/www.vitellelab.com\/es\/advanced-skincare-collections\/\"><span class=\"fusion-button-text\">APRENDE MAS <\/span><\/a><\/div><div class=\"fusion-clearfix\"><\/div><\/div><\/div><div class=\"fusion-layout-column fusion_builder_column fusion-builder-column-11 fusion_builder_column_1_3 1_3 fusion-one-third fusion-column-last\" style=\"--awb-bg-color:rgba(178,178,178,0);--awb-bg-color-hover:rgba(178,178,178,0);--awb-bg-size:cover;--awb-margin-bottom:0px;width:33.333333333333%;width:calc(33.333333333333% - ( ( 4% ) * 0.33333333333333 ) );\"><div class=\"fusion-column-wrapper fusion-flex-column-wrapper-legacy\"><div class=\"fusion-image-element in-legacy-container\" style=\"--awb-liftup-border-radius:9px;--awb-caption-title-font-family:var(--h2_typography-font-family);--awb-caption-title-font-weight:var(--h2_typography-font-weight);--awb-caption-title-font-style:var(--h2_typography-font-style);--awb-caption-title-size:var(--h2_typography-font-size);--awb-caption-title-transform:var(--h2_typography-text-transform);--awb-caption-title-line-height:var(--h2_typography-line-height);--awb-caption-title-letter-spacing:var(--h2_typography-letter-spacing);\"><div class=\"awb-image-frame awb-image-frame-2 imageframe-liftup imageframe-2 fusion-animated\" data-animationtype=\"zoomIn\" data-animationduration=\"0.4\" data-animationoffset=\"top-into-view\"><span class=\"fusion-imageframe imageframe-dropshadow imageframe-2\" style=\"border:1px solid #5e5e5e;border-radius:9px;-webkit-box-shadow: 3px 3px 7px rgba(0,0,0,0.3);box-shadow: 3px 3px 7px rgba(0,0,0,0.3);\"><a href=\"https:\/\/i0.wp.com\/www.vitellelab.com\/wp-content\/uploads\/2021\/05\/Advanced-Skincare.png?ssl=1\" class=\"fusion-lightbox\" data-rel=\"iLightbox[c77dea9a1852033b1af]\" data-title=\"Advanced Skincare\" title=\"Advanced Skincare\"><img data-recalc-dims=\"1\" decoding=\"async\" width=\"747\" height=\"635\" alt=\"Advanced Skincare\" src=\"https:\/\/i0.wp.com\/www.vitellelab.com\/wp-content\/uploads\/2021\/05\/Advanced-Skincare.png?resize=747%2C635&#038;ssl=1\" class=\"img-responsive wp-image-3517\" srcset=\"https:\/\/i0.wp.com\/www.vitellelab.com\/wp-content\/uploads\/2021\/05\/Advanced-Skincare.png?resize=200%2C170&amp;ssl=1 200w, https:\/\/i0.wp.com\/www.vitellelab.com\/wp-content\/uploads\/2021\/05\/Advanced-Skincare.png?resize=300%2C255&amp;ssl=1 300w, https:\/\/i0.wp.com\/www.vitellelab.com\/wp-content\/uploads\/2021\/05\/Advanced-Skincare.png?resize=400%2C340&amp;ssl=1 400w, https:\/\/i0.wp.com\/www.vitellelab.com\/wp-content\/uploads\/2021\/05\/Advanced-Skincare.png?resize=600%2C510&amp;ssl=1 600w, https:\/\/i0.wp.com\/www.vitellelab.com\/wp-content\/uploads\/2021\/05\/Advanced-Skincare.png?fit=747%2C635&amp;ssl=1 747w\" sizes=\"(max-width: 800px) 100vw, 400px\" \/><\/a><\/span><\/div><\/div><div class=\"fusion-clearfix\"><\/div><\/div><\/div><div class=\"fusion-layout-column fusion_builder_column fusion-builder-column-12 fusion_builder_column_1_6 1_6 fusion-one-sixth fusion-column-first\" style=\"--awb-bg-size:cover;width:16.666666666667%;width:calc(16.666666666667% - ( ( 4% + 4% ) * 0.16666666666667 ) );margin-right: 4%;\"><div class=\"fusion-column-wrapper fusion-flex-column-wrapper-legacy\"><div class=\"fusion-clearfix\"><\/div><\/div><\/div><div class=\"fusion-layout-column fusion_builder_column fusion-builder-column-13 fusion_builder_column_2_3 2_3 fusion-two-third\" style=\"--awb-padding-right:30px;--awb-padding-bottom:50px;--awb-bg-size:cover;width:66.666666666667%;width:calc(66.666666666667% - ( ( 4% + 4% ) * 0.66666666666667 ) );margin-right: 4%;\" id=\"natural\"><div class=\"fusion-column-wrapper fusion-flex-column-wrapper-legacy\"><div class=\"fusion-sep-clear\"><\/div><div class=\"fusion-separator fusion-full-width-sep\" style=\"margin-left: auto;margin-right: auto;margin-top:60px;margin-bottom:30px;width:100%;\"><div class=\"fusion-separator-border sep-single sep-dotted\" style=\"--awb-height:20px;--awb-amount:20px;--awb-sep-color:#514848;border-color:#514848;border-top-width:1px;\"><\/div><\/div><div class=\"fusion-sep-clear\"><\/div><div class=\"fusion-clearfix\"><\/div><\/div><\/div><div class=\"fusion-layout-column fusion_builder_column fusion-builder-column-14 fusion_builder_column_1_6 1_6 fusion-one-sixth fusion-column-last\" style=\"--awb-bg-size:cover;width:16.666666666667%;width:calc(16.666666666667% - ( ( 4% + 4% ) * 0.16666666666667 ) );\"><div class=\"fusion-column-wrapper fusion-flex-column-wrapper-legacy\"><div class=\"fusion-clearfix\"><\/div><\/div><\/div><div class=\"fusion-layout-column fusion_builder_column fusion-builder-column-15 fusion_builder_column_1_3 1_3 fusion-one-third fusion-column-first\" style=\"--awb-bg-size:cover;width:33.333333333333%;width:calc(33.333333333333% - ( ( 4% ) * 0.33333333333333 ) );margin-right: 4%;\"><div class=\"fusion-column-wrapper fusion-flex-column-wrapper-legacy\"><div class=\"fusion-image-element in-legacy-container\" style=\"--awb-liftup-border-radius:9px;--awb-caption-title-font-family:var(--h2_typography-font-family);--awb-caption-title-font-weight:var(--h2_typography-font-weight);--awb-caption-title-font-style:var(--h2_typography-font-style);--awb-caption-title-size:var(--h2_typography-font-size);--awb-caption-title-transform:var(--h2_typography-text-transform);--awb-caption-title-line-height:var(--h2_typography-line-height);--awb-caption-title-letter-spacing:var(--h2_typography-letter-spacing);\"><div class=\"awb-image-frame awb-image-frame-3 imageframe-liftup imageframe-3 fusion-animated\" data-animationtype=\"zoomIn\" data-animationduration=\"0.4\" data-animationoffset=\"top-into-view\"><span class=\"fusion-imageframe imageframe-dropshadow imageframe-3\" style=\"border:1px solid #5e5e5e;border-radius:9px;-webkit-box-shadow: 3px 3px 7px rgba(0,0,0,0.3);box-shadow: 3px 3px 7px rgba(0,0,0,0.3);\"><a href=\"https:\/\/i0.wp.com\/www.vitellelab.com\/wp-content\/uploads\/2021\/05\/Naturals.png?ssl=1\" class=\"fusion-lightbox\" data-rel=\"iLightbox[8df372609163bb28126]\" data-title=\"Naturals\" title=\"Naturals\"><img data-recalc-dims=\"1\" decoding=\"async\" width=\"747\" height=\"635\" alt=\"Vitelle Naturals\" src=\"https:\/\/i0.wp.com\/www.vitellelab.com\/wp-content\/uploads\/2021\/05\/Naturals.png?resize=747%2C635&#038;ssl=1\" class=\"img-responsive wp-image-3518\" srcset=\"https:\/\/i0.wp.com\/www.vitellelab.com\/wp-content\/uploads\/2021\/05\/Naturals.png?resize=200%2C170&amp;ssl=1 200w, https:\/\/i0.wp.com\/www.vitellelab.com\/wp-content\/uploads\/2021\/05\/Naturals.png?resize=300%2C255&amp;ssl=1 300w, https:\/\/i0.wp.com\/www.vitellelab.com\/wp-content\/uploads\/2021\/05\/Naturals.png?resize=400%2C340&amp;ssl=1 400w, https:\/\/i0.wp.com\/www.vitellelab.com\/wp-content\/uploads\/2021\/05\/Naturals.png?resize=600%2C510&amp;ssl=1 600w, https:\/\/i0.wp.com\/www.vitellelab.com\/wp-content\/uploads\/2021\/05\/Naturals.png?fit=747%2C635&amp;ssl=1 747w\" sizes=\"(max-width: 800px) 100vw, 400px\" \/><\/a><\/span><\/div><\/div><div class=\"fusion-clearfix\"><\/div><\/div><\/div><div class=\"fusion-layout-column fusion_builder_column fusion-builder-column-16 fusion_builder_column_2_3 2_3 fusion-two-third fusion-column-last\" style=\"--awb-bg-size:cover;width:66.666666666667%;width:calc(66.666666666667% - ( ( 4% ) * 0.66666666666667 ) );\"><div class=\"fusion-column-wrapper fusion-flex-column-wrapper-legacy\"><div class=\"fusion-text fusion-text-5\"><h2 class=\"p1\" style=\"text-align: left;\"><span style=\"color: #51b9e9;\">CUIDADO DE LA PIEL NATURAL<\/span><\/h2>\n<p>Natural skincare is nothing new to the industry. A trend that started in Europe more than 40 years ago, has gained significant acclaim in the North American market. Many skincare practices focus exclusively on the eco-conscious consumers who desire products which align with their green lifestyle choices.<\/p>\n<p>Naturals Rainforest Collection is an outstanding collection of skincare for both men and women. With products for most skin types and conditions, you\u2019ll be amazed how beneficial and enjoyable it is to work with natural source ingredients in your skincare practice.<\/p>\n<\/div><div class=\"fusion-button-wrapper\"><a class=\"fusion-button button-flat fusion-button-default-size button-default fusion-button-default button-3 fusion-button-default-span fusion-button-default-type\" target=\"_self\" href=\"https:\/\/www.vitellelab.com\/es\/natural-organic\/\"><span class=\"fusion-button-text\">APRENDE MAS <\/span><\/a><\/div><div class=\"fusion-clearfix\"><\/div><\/div><\/div><div class=\"fusion-layout-column fusion_builder_column fusion-builder-column-17 fusion_builder_column_1_6 1_6 fusion-one-sixth fusion-column-first\" style=\"--awb-bg-size:cover;width:16.666666666667%;width:calc(16.666666666667% - ( ( 4% + 4% ) * 0.16666666666667 ) );margin-right: 4%;\"><div class=\"fusion-column-wrapper fusion-flex-column-wrapper-legacy\"><div class=\"fusion-clearfix\"><\/div><\/div><\/div><div class=\"fusion-layout-column fusion_builder_column fusion-builder-column-18 fusion_builder_column_2_3 2_3 fusion-two-third\" style=\"--awb-padding-top:30px;--awb-padding-bottom:50px;--awb-bg-size:cover;width:66.666666666667%;width:calc(66.666666666667% - ( ( 4% + 4% ) * 0.66666666666667 ) );margin-right: 4%;\" id=\"mineral\"><div class=\"fusion-column-wrapper fusion-flex-column-wrapper-legacy\"><div class=\"fusion-sep-clear\"><\/div><div class=\"fusion-separator fusion-full-width-sep\" style=\"margin-left: auto;margin-right: auto;margin-top:40px;margin-bottom:30px;width:100%;\"><div class=\"fusion-separator-border sep-single sep-dotted\" style=\"--awb-height:20px;--awb-amount:20px;--awb-sep-color:#514848;border-color:#514848;border-top-width:1px;\"><\/div><\/div><div class=\"fusion-sep-clear\"><\/div><div class=\"fusion-clearfix\"><\/div><\/div><\/div><div class=\"fusion-layout-column fusion_builder_column fusion-builder-column-19 fusion_builder_column_1_6 1_6 fusion-one-sixth fusion-column-last\" style=\"--awb-bg-size:cover;width:16.666666666667%;width:calc(16.666666666667% - ( ( 4% + 4% ) * 0.16666666666667 ) );\"><div class=\"fusion-column-wrapper fusion-flex-column-wrapper-legacy\"><div class=\"fusion-clearfix\"><\/div><\/div><\/div><\/div><\/div>","protected":false},"excerpt":{"rendered":"","protected":false},"author":1,"featured_media":0,"parent":0,"menu_order":0,"comment_status":"closed","ping_status":"closed","template":"","meta":{"om_disable_all_campaigns":false,"_monsterinsights_skip_tracking":false,"_monsterinsights_sitenote_active":false,"_monsterinsights_sitenote_note":"","_monsterinsights_sitenote_category":0,"footnotes":""},"class_list":["post-2323","page","type-page","status-publish","hentry"],"aioseo_notices":[],"jetpack_shortlink":"https:\/\/wp.me\/P95uaQ-Bt","jetpack_sharing_enabled":true,"_links":{"self":[{"href":"https:\/\/www.vitellelab.com\/es\/wp-json\/wp\/v2\/pages\/2323"}],"collection":[{"href":"https:\/\/www.vitellelab.com\/es\/wp-json\/wp\/v2\/pages"}],"about":[{"href":"https:\/\/www.vitellelab.com\/es\/wp-json\/wp\/v2\/types\/page"}],"author":[{"embeddable":true,"href":"https:\/\/www.vitellelab.com\/es\/wp-json\/wp\/v2\/users\/1"}],"replies":[{"embeddable":true,"href":"https:\/\/www.vitellelab.com\/es\/wp-json\/wp\/v2\/comments?post=2323"}],"version-history":[{"count":0,"href":"https:\/\/www.vitellelab.com\/es\/wp-json\/wp\/v2\/pages\/2323\/revisions"}],"wp:attachment":[{"href":"https:\/\/www.vitellelab.com\/es\/wp-json\/wp\/v2\/media?parent=2323"}],"curies":[{"name":"wp","href":"https:\/\/api.w.org\/{rel}","templated":true}]}}