{"id":3402,"date":"2020-01-13T14:48:14","date_gmt":"2020-01-13T22:48:14","guid":{"rendered":"https:\/\/www.vitellelab.com\/?page_id=3402"},"modified":"2023-07-24T16:01:59","modified_gmt":"2023-07-24T23:01:59","slug":"eu-ready-private-label","status":"publish","type":"page","link":"https:\/\/www.vitellelab.com\/es\/eu-ready-private-label","title":{"rendered":"UNION EUROPEA DE MARCA PRIVADA"},"content":{"rendered":"<p><div class=\"fusion-fullwidth fullwidth-box fusion-builder-row-1 nonhundred-percent-fullwidth non-hundred-percent-height-scrolling\" style=\"--awb-border-radius-top-left:0px;--awb-border-radius-top-right:0px;--awb-border-radius-bottom-right:0px;--awb-border-radius-bottom-left:0px;--awb-flex-wrap:wrap;\" ><div class=\"fusion-builder-row fusion-row\"><div class=\"fusion-layout-column fusion_builder_column fusion-builder-column-0 fusion_builder_column_1_2 1_2 fusion-one-half fusion-column-first\" style=\"--awb-bg-size:cover;width:50%;width:calc(50% - ( ( 4% ) * 0.5 ) );margin-right: 4%;\"><div class=\"fusion-column-wrapper fusion-flex-column-wrapper-legacy\"><div class=\"fusion-text fusion-text-1\"><p>La demanda de marca privada ha experimentado un aumento constante a nivel mundial y actualmente est\u00e1 experimentando un m\u00e1ximo hist\u00f3rico en Europa. La cuota de mercado de la marca de distribuidor de 17 pa\u00edses europeos es del 30% o m\u00e1s.<\/p>\n<p>En respuesta al n\u00famero r\u00e9cord de empresas nuevas y existentes que est\u00e1n invirtiendo en sus propios programas de marca de distribuidor para contrarrestar la competencia de los competidores en l\u00ednea y de comercio electr\u00f3nico, <strong>Vitelle<\/strong> ofrece cuidado de la piel listo para la Union Europea que abre la puerta a  marcas personalizadas para m\u00e9dicos y consultorios MedSpa.<\/p>\n<p>Con 20+ a\u00f1os de experiencia formulando y fabricando para un grupo diverso de marcas profesionales, <strong>Vitelle<\/strong> trae al mercado INCEPTION MD. Esta colecci\u00f3n ofrece una amplia gama de productos dirigidos a pacientes que visitan consultorios cl\u00ednicos. INCEPTION MD contiene potentes valores de carga de p\u00e9ptidos, vitaminas e ingredientes acondicionadores avanzados de la piel que optimizan la salud y la luminosidad de la piel.<\/p>\n<\/div><div class=\"fusion-clearfix\"><\/div><\/div><\/div><div class=\"fusion-layout-column fusion_builder_column fusion-builder-column-1 fusion_builder_column_1_2 1_2 fusion-one-half fusion-column-last\" style=\"--awb-bg-size:cover;width:50%;width:calc(50% - ( ( 4% ) * 0.5 ) );\"><div class=\"fusion-column-wrapper fusion-flex-column-wrapper-legacy\"><div class=\"fusion-text fusion-text-2\"><p>Como cliente de <strong>Vitelle Lab<\/strong> marca privada que compra INCEPTION MD en la Uni\u00f3n Europea, su programa de inicio llave en mano incluir\u00e1 el registro del producto y la notificaci\u00f3n realizada por nuestro equipo interno de qu\u00edmicos de formulaci\u00f3n. Ya se han completado las costosas evaluaciones t\u00edpicas de registro, pruebas y seguridad que se requieren y que a menudo son abrumadoras para las pr\u00e1cticas m\u00e1s peque\u00f1as. Colaboramos en cada paso de su puesta en marcha para que su nueva colecci\u00f3n de marca pueda venderse legalmente en su pa\u00eds de origen.<\/p>\n<p>Nuestros dise\u00f1adores gr\u00e1ficos personalizan completamente las etiquetas de sus productos para que pueda lanzar con un concepto de marketing \u00fanico. Nuestro proceso de impresi\u00f3n interno de peque\u00f1as tiradas abre la puerta a una flexibilidad de contenido significativa, lo que es particularmente deseable para aquellas empresas que requieren contenido multiling\u00fce.<\/p>\n<p>Hemos ayudado a cientos de clientes a lanzar y hacer crecer marcas profesionales. Nuestra experiencia en la formulaci\u00f3n y comercializaci\u00f3n del cuidado de la piel es una muy buena raz\u00f3n para dar un primer paso.\u00a0 <strong>Vitelle<\/strong> es conocido por su calidad excepcional, formulaciones de fuente natural mejoradas sin\u00e9rgicamente con concentraciones intensivas de cosmec\u00e9uticos.<\/p>\n<\/div><div class=\"fusion-clearfix\"><\/div><\/div><\/div><\/div><\/div><div class=\"fusion-fullwidth fullwidth-box fusion-builder-row-2 nonhundred-percent-fullwidth non-hundred-percent-height-scrolling\" style=\"--awb-border-radius-top-left:0px;--awb-border-radius-top-right:0px;--awb-border-radius-bottom-right:0px;--awb-border-radius-bottom-left:0px;--awb-flex-wrap:wrap;\" ><div class=\"fusion-builder-row fusion-row\"><div class=\"fusion-layout-column fusion_builder_column fusion-builder-column-2 fusion_builder_column_1_1 1_1 fusion-one-full fusion-column-first fusion-column-last\" style=\"--awb-bg-image:url(&#039;https:\/\/www.vitellelab.com\/wp-content\/uploads\/2020\/01\/EU-Ready-Private-Label_2-2.png&#039;);--awb-bg-size:cover;--awb-border-color:#008af4;--awb-border-top:1px;--awb-border-right:1px;--awb-border-bottom:1px;--awb-border-left:1px;--awb-border-style:solid;\"><div class=\"fusion-column-wrapper fusion-flex-column-wrapper-legacy fusion-empty-column-bg-image fusion-column-has-bg-image\" data-bg-url=\"https:\/\/www.vitellelab.com\/wp-content\/uploads\/2020\/01\/EU-Ready-Private-Label_2-2.png\"><img decoding=\"async\" class=\"fusion-empty-dims-img-placeholder\" src=\"data:image\/svg+xml,%3Csvg%20xmlns%3D%27http%3A%2F%2Fwww.w3.org%2F2000%2Fsvg%27%20width%3D%27813%27%20height%3D%27380%27%20viewBox%3D%270%200%20813%20380%27%3E%3Crect%20width%3D%27813%27%20height%3D%27380%27%20fill-opacity%3D%220%22%2F%3E%3C%2Fsvg%3E\"><div class=\"fusion-clearfix\"><\/div><\/div><\/div><\/div><\/div><\/p>","protected":false},"excerpt":{"rendered":"","protected":false},"author":1,"featured_media":0,"parent":0,"menu_order":0,"comment_status":"closed","ping_status":"closed","template":"","meta":{"om_disable_all_campaigns":false,"_monsterinsights_skip_tracking":false,"_monsterinsights_sitenote_active":false,"_monsterinsights_sitenote_note":"","_monsterinsights_sitenote_category":0,"footnotes":""},"class_list":["post-3402","page","type-page","status-publish","hentry"],"aioseo_notices":[],"jetpack_shortlink":"https:\/\/wp.me\/P95uaQ-SS","jetpack_sharing_enabled":true,"_links":{"self":[{"href":"https:\/\/www.vitellelab.com\/es\/wp-json\/wp\/v2\/pages\/3402"}],"collection":[{"href":"https:\/\/www.vitellelab.com\/es\/wp-json\/wp\/v2\/pages"}],"about":[{"href":"https:\/\/www.vitellelab.com\/es\/wp-json\/wp\/v2\/types\/page"}],"author":[{"embeddable":true,"href":"https:\/\/www.vitellelab.com\/es\/wp-json\/wp\/v2\/users\/1"}],"replies":[{"embeddable":true,"href":"https:\/\/www.vitellelab.com\/es\/wp-json\/wp\/v2\/comments?post=3402"}],"version-history":[{"count":0,"href":"https:\/\/www.vitellelab.com\/es\/wp-json\/wp\/v2\/pages\/3402\/revisions"}],"wp:attachment":[{"href":"https:\/\/www.vitellelab.com\/es\/wp-json\/wp\/v2\/media?parent=3402"}],"curies":[{"name":"wp","href":"https:\/\/api.w.org\/{rel}","templated":true}]}}