{"id":3523,"date":"2021-05-06T11:55:00","date_gmt":"2021-05-06T18:55:00","guid":{"rendered":"https:\/\/www.vitellelab.com\/?page_id=3523"},"modified":"2023-07-19T17:00:18","modified_gmt":"2023-07-20T00:00:18","slug":"cosmeceutical-skincare-collection","status":"publish","type":"page","link":"https:\/\/www.vitellelab.com\/es\/cosmeceutical-skincare-collection","title":{"rendered":"CUIDADO COSMEC\u00c9UTICO DE LA PIEL"},"content":{"rendered":"<p><div class=\"fusion-fullwidth fullwidth-box fusion-builder-row-1 nonhundred-percent-fullwidth non-hundred-percent-height-scrolling\" style=\"--awb-background-position:left top;--awb-border-sizes-top:0px;--awb-border-sizes-bottom:0px;--awb-border-sizes-left:0px;--awb-border-sizes-right:0px;--awb-border-color:#3d3d3d;--awb-border-radius-top-left:0px;--awb-border-radius-top-right:0px;--awb-border-radius-bottom-right:0px;--awb-border-radius-bottom-left:0px;--awb-padding-top:0px;--awb-padding-bottom:0px;--awb-background-color:rgba(255,255,255,0.5);--awb-flex-wrap:wrap;\" ><div class=\"fusion-builder-row fusion-row\"><div class=\"fusion-layout-column fusion_builder_column fusion-builder-column-0 fusion_builder_column_1_2 1_2 fusion-one-half fusion-column-first fusion-column-no-min-height\" style=\"--awb-bg-size:cover;--awb-margin-bottom:0px;width:48%; margin-right: 4%;\"><div class=\"fusion-column-wrapper fusion-flex-column-wrapper-legacy\"><div class=\"fusion-text fusion-text-1\"><h2><span style=\"color: #51b9e9;\">SOLUCIONES TRANSFORMADORAS PARA EL CUIDADO DE LA PIEL<\/span><\/h2>\n<p style=\"margin: 0in 0in 15.0pt 0in;\"><span style=\"font-size: 13.0pt; font-family: Mulish; color: #595959; letter-spacing: .25pt;\">Durante casi un cuarto de siglo, el equipo de desarrollo de productos de\u00a0<strong><span style=\"font-family: Mulish;\">Vitelle Lab<\/span><\/strong>\u00a0han estado conceptualizando y desarrollando el cuidado de la piel y el cuerpo que es ampliamente utilizado y recomendado por pr\u00e1cticas m\u00e9dicamente enfocadas, dermat\u00f3logos y cirujanos pl\u00e1sticos. El mercado de la est\u00e9tica cl\u00ednica es altamente competitivo, para competir y sobresalir, requiere productos que ofrezcan resultados visuales y eficacia cient\u00edficamente validada.<\/span><\/p>\n<\/div><div class=\"fusion-clearfix\"><\/div><\/div><\/div><div class=\"fusion-layout-column fusion_builder_column fusion-builder-column-1 fusion_builder_column_1_2 1_2 fusion-one-half fusion-column-last fusion-column-no-min-height\" style=\"--awb-padding-top:60px;--awb-bg-size:cover;--awb-margin-bottom:0px;width:48%;\"><div class=\"fusion-column-wrapper fusion-flex-column-wrapper-legacy\"><div class=\"fusion-text fusion-text-2\"><p class=\"p1\" style=\"margin: 0in 0in 15.0pt 0in;\"><span class=\"s1\"><span style=\"font-size: 13.0pt; font-family: Mulish; color: #595959; letter-spacing: .25pt;\">Nuestro enfoque para el desarrollo de productos une lo mejor de la ciencia con la tecnolog\u00eda de formulaci\u00f3n ecol\u00f3gica, lo que resulta en productos altamente efectivos que demuestran una preferencia por los materiales de origen natural.<\/span><\/span><\/p>\n<p class=\"p1\" style=\"margin: 0in 0in 15.0pt 0in;\"><b><span style=\"font-size: 13.0pt; font-family: Mulish; color: #595959; letter-spacing: .25pt;\">Inception MD<\/span><\/b><span style=\"font-size: 13.0pt; font-family: Mulish; color: #595959; letter-spacing: .25pt;\"> es nuestra colecci\u00f3n de cuidado de la piel m\u00e1s nueva y poderosa que se ofrece exclusivamente a m\u00e9dicos y pr\u00e1cticas cl\u00ednicas. <\/span><\/p>\n<\/div><div class=\"fusion-clearfix\"><\/div><\/div><\/div><div class=\"fusion-layout-column fusion_builder_column fusion-builder-column-2 fusion_builder_column_1_4 1_4 fusion-one-fourth fusion-column-first\" style=\"--awb-bg-size:cover;width:25%;width:calc(25% - ( ( 4% + 4% ) * 0.25 ) );margin-right: 4%;\"><div class=\"fusion-column-wrapper fusion-flex-column-wrapper-legacy\"><div class=\"fusion-clearfix\"><\/div><\/div><\/div><div class=\"fusion-layout-column fusion_builder_column fusion-builder-column-3 fusion_builder_column_1_2 1_2 fusion-one-half\" style=\"--awb-bg-size:cover;width:50%;width:calc(50% - ( ( 4% + 4% ) * 0.5 ) );margin-right: 4%;\"><div class=\"fusion-column-wrapper fusion-flex-column-wrapper-legacy\"><div class=\"fusion-sep-clear\"><\/div><div class=\"fusion-separator fusion-full-width-sep\" style=\"margin-left: auto;margin-right: auto;margin-top:40px;margin-bottom:30px;width:100%;\"><div class=\"fusion-separator-border sep-single sep-dotted\" style=\"--awb-height:20px;--awb-amount:20px;--awb-sep-color:#514848;border-color:#514848;border-top-width:1px;\"><\/div><\/div><div class=\"fusion-sep-clear\"><\/div><div class=\"fusion-clearfix\"><\/div><\/div><\/div><div class=\"fusion-layout-column fusion_builder_column fusion-builder-column-4 fusion_builder_column_1_4 1_4 fusion-one-fourth fusion-column-last\" style=\"--awb-bg-size:cover;width:25%;width:calc(25% - ( ( 4% + 4% ) * 0.25 ) );\"><div class=\"fusion-column-wrapper fusion-flex-column-wrapper-legacy\"><div class=\"fusion-clearfix\"><\/div><\/div><\/div><\/div><\/div><div class=\"fusion-fullwidth fullwidth-box fusion-builder-row-2 nonhundred-percent-fullwidth non-hundred-percent-height-scrolling\" style=\"--awb-border-radius-top-left:0px;--awb-border-radius-top-right:0px;--awb-border-radius-bottom-right:0px;--awb-border-radius-bottom-left:0px;--awb-flex-wrap:wrap;\" ><div class=\"fusion-builder-row fusion-row\"><div class=\"fusion-layout-column fusion_builder_column fusion-builder-column-5 fusion_builder_column_2_3 2_3 fusion-two-third fusion-column-first\" style=\"--awb-bg-size:cover;width:66.666666666667%;width:calc(66.666666666667% - ( ( 4% ) * 0.66666666666667 ) );margin-right: 4%;\"><div class=\"fusion-column-wrapper fusion-flex-column-wrapper-legacy\"><div class=\"fusion-text fusion-text-3\"><h2 class=\"p1\"><span style=\"color: #51b9e9;\">Inception MD<\/span><\/h2>\n<p><span class=\"s1\">Nuestra nueva colecci\u00f3n de productos fortificados con p\u00e9ptidos que contienen concentraciones significativas de vitaminas e ingredientes activos que resultan en beneficios sustanciales de acondicionamiento de la piel.<\/span><\/p>\n<\/div><div class=\"fusion-clearfix\"><\/div><\/div><\/div><div class=\"fusion-layout-column fusion_builder_column fusion-builder-column-6 fusion_builder_column_1_3 1_3 fusion-one-third fusion-column-last\" style=\"--awb-bg-size:cover;width:33.333333333333%;width:calc(33.333333333333% - ( ( 4% ) * 0.33333333333333 ) );\"><div class=\"fusion-column-wrapper fusion-flex-column-wrapper-legacy\"><div class=\"fusion-clearfix\"><\/div><\/div><\/div><div class=\"fusion-layout-column fusion_builder_column fusion-builder-column-7 fusion_builder_column_1_3 1_3 fusion-one-third fusion-column-first fusion-column-no-min-height\" style=\"--awb-bg-size:cover;--awb-margin-bottom:0px;width:30.6666%; margin-right: 4%;\"><div class=\"fusion-column-wrapper fusion-flex-column-wrapper-legacy\"><div class=\"fusion-text fusion-text-4\"><ul>\n<li class=\"p2\"><span class=\"s4\">Lanzado en 2017<\/span><\/li>\n<li class=\"p2\">Programa preconfigurado escalonado<\/li>\n<li class=\"p2\">Colecci\u00f3n exclusiva de productos para cirujanos est\u00e9ticos y dermat\u00f3logos<\/li>\n<li class=\"p2\">Gama completa de productos que satisfacen las diferentes necesidades de los clientes<\/li>\n<li class=\"p2\">Los productos de esta colecci\u00f3n contienen cantidades significativas de p\u00e9ptidos y vitaminas<\/li>\n<li class=\"p2\">Este programa incluye muchos extras para empezar a operar y beneficios continuos<\/li>\n<\/ul>\n<\/div><div class=\"fusion-clearfix\"><\/div><\/div><\/div><div class=\"fusion-layout-column fusion_builder_column fusion-builder-column-8 fusion_builder_column_1_3 1_3 fusion-one-third fusion-column-no-min-height\" style=\"--awb-padding-top:12px;--awb-bg-size:cover;--awb-margin-bottom:0px;width:30.6666%; margin-right: 4%;\"><div class=\"fusion-column-wrapper fusion-flex-column-wrapper-legacy\"><div class=\"fusion-text fusion-text-5\"><p><strong><span class=\"s1\">Ingredientes destacados<\/span><span class=\"s2\">:<\/span><span class=\"s2\"><br \/>\n<\/span><\/strong><span class=\"s1\">\u00b7<\/span><span class=\"s2\">\u00a0<\/span><span class=\"s2\">Acetyl Tetrapeptide-11<br \/>\n<\/span><span class=\"s1\">\u00b7<\/span><span class=\"s2\">\u00a0<\/span>Nonap\u00e9ptido-1<br \/>\n<span class=\"s1\">\u00b7<\/span><span class=\"s2\">\u00a0<\/span>Fosfol\u00edpidos (y) Esfingol\u00edpidos<br \/>\n<span class=\"s1\">\u00b7<\/span><span class=\"s2\">\u00a0<\/span>Diglicinato de azeloilo pot\u00e1sico<br \/>\n<span class=\"s1\">\u00b7<\/span><span class=\"s2\">\u00a0<\/span>Poliholosides de linaza<br \/>\n<span class=\"s1\">\u00b7<\/span><span class=\"s2\">\u00a0<\/span>ARGIRELINE\u00ae Soluci\u00f3n pept\u00eddica<br \/>\n<span class=\"s1\">\u00b7\u00a0<\/span>\u00c1cido mand\u00e9lico<br \/>\n<span class=\"s1\">\u00b7<\/span><span class=\"s2\">\u00a0<\/span>Retinol encapsulado<\/p>\n<p class=\"p1\"><span class=\"s2\">\u00a0<\/span><\/p>\n<\/div><div class=\"fusion-clearfix\"><\/div><\/div><\/div><div class=\"fusion-layout-column fusion_builder_column fusion-builder-column-9 fusion_builder_column_1_3 1_3 fusion-one-third fusion-column-last fusion-column-no-min-height\" style=\"--awb-bg-size:cover;--awb-margin-bottom:0px;width:30.6666%;\"><div class=\"fusion-column-wrapper fusion-flex-column-wrapper-legacy\"><div class=\"fusion-image-element in-legacy-container\" style=\"--awb-liftup-border-radius:0px;--awb-caption-title-font-family:var(--h2_typography-font-family);--awb-caption-title-font-weight:var(--h2_typography-font-weight);--awb-caption-title-font-style:var(--h2_typography-font-style);--awb-caption-title-size:var(--h2_typography-font-size);--awb-caption-title-transform:var(--h2_typography-text-transform);--awb-caption-title-line-height:var(--h2_typography-line-height);--awb-caption-title-letter-spacing:var(--h2_typography-letter-spacing);\"><div class=\"awb-image-frame awb-image-frame-1 imageframe-liftup\"><span class=\"fusion-imageframe imageframe-dropshadow imageframe-1\" style=\"border:1px solid #000000;-webkit-box-shadow: 3px 3px 7px rgba(0,0,0,0.3);box-shadow: 3px 3px 7px rgba(0,0,0,0.3);\"><img data-recalc-dims=\"1\" decoding=\"async\" width=\"770\" height=\"685\" alt=\"MEDSPA ELITE CLINICAL SKINCARE\" title=\"Inception MD\" src=\"https:\/\/i0.wp.com\/www.vitellelab.com\/wp-content\/uploads\/2021\/05\/Website-Update-2021-Inception-MD-Image.jpg?resize=770%2C685&#038;ssl=1\" class=\"img-responsive wp-image-3559\" srcset=\"https:\/\/i0.wp.com\/www.vitellelab.com\/wp-content\/uploads\/2021\/05\/Website-Update-2021-Inception-MD-Image.jpg?resize=200%2C178&amp;ssl=1 200w, https:\/\/i0.wp.com\/www.vitellelab.com\/wp-content\/uploads\/2021\/05\/Website-Update-2021-Inception-MD-Image.jpg?resize=300%2C267&amp;ssl=1 300w, https:\/\/i0.wp.com\/www.vitellelab.com\/wp-content\/uploads\/2021\/05\/Website-Update-2021-Inception-MD-Image.jpg?resize=400%2C356&amp;ssl=1 400w, https:\/\/i0.wp.com\/www.vitellelab.com\/wp-content\/uploads\/2021\/05\/Website-Update-2021-Inception-MD-Image.jpg?resize=600%2C534&amp;ssl=1 600w, https:\/\/i0.wp.com\/www.vitellelab.com\/wp-content\/uploads\/2021\/05\/Website-Update-2021-Inception-MD-Image.jpg?resize=768%2C683&amp;ssl=1 768w, https:\/\/i0.wp.com\/www.vitellelab.com\/wp-content\/uploads\/2021\/05\/Website-Update-2021-Inception-MD-Image.jpg?fit=770%2C685&amp;ssl=1 770w\" sizes=\"(max-width: 800px) 100vw, 400px\" \/><\/span><\/div><\/div><div class=\"fusion-clearfix\"><\/div><\/div><\/div><\/div><\/div>\n<div class=\"fusion-fullwidth fullwidth-box fusion-builder-row-3 fusion-flex-container nonhundred-percent-fullwidth non-hundred-percent-height-scrolling\" style=\"--awb-border-radius-top-left:0px;--awb-border-radius-top-right:0px;--awb-border-radius-bottom-right:0px;--awb-border-radius-bottom-left:0px;--awb-padding-top:50px;--awb-padding-bottom:50px;--awb-flex-wrap:wrap;\" ><div class=\"fusion-builder-row fusion-row fusion-flex-align-items-flex-start fusion-flex-content-wrap\" style=\"max-width:1144px;margin-left: calc(-4% \/ 2 );margin-right: calc(-4% \/ 2 );\"><div class=\"fusion-layout-column fusion_builder_column fusion-builder-column-10 fusion_builder_column_1_1 1_1 fusion-flex-column\" style=\"--awb-bg-size:cover;--awb-width-large:100%;--awb-margin-top-large:0px;--awb-spacing-right-large:1.92%;--awb-margin-bottom-large:20px;--awb-spacing-left-large:1.92%;--awb-width-medium:100%;--awb-order-medium:0;--awb-spacing-right-medium:1.92%;--awb-spacing-left-medium:1.92%;--awb-width-small:100%;--awb-order-small:0;--awb-spacing-right-small:1.92%;--awb-spacing-left-small:1.92%;\"><div class=\"fusion-column-wrapper fusion-column-has-shadow fusion-flex-justify-content-flex-start fusion-content-layout-column\"><a class=\"awb-lightbox awb-lightbox-1\" href=\"https:\/\/vimeo.com\/853882404\" data-rel=\"iLightbox\"><img data-recalc-dims=\"1\" decoding=\"async\" src=\"https:\/\/www.vitellelab.com\/wp-content\/uploads\/2023\/08\/Cosmeceutical_sp.jpg\" alt=\"Vitelle Lab\"><\/a><\/div><\/div><\/div><\/div><\/p>","protected":false},"excerpt":{"rendered":"","protected":false},"author":1,"featured_media":0,"parent":0,"menu_order":0,"comment_status":"closed","ping_status":"closed","template":"","meta":{"om_disable_all_campaigns":false,"_monsterinsights_skip_tracking":false,"_monsterinsights_sitenote_active":false,"_monsterinsights_sitenote_note":"","_monsterinsights_sitenote_category":0,"footnotes":""},"class_list":["post-3523","page","type-page","status-publish","hentry"],"aioseo_notices":[],"jetpack_shortlink":"https:\/\/wp.me\/P95uaQ-UP","jetpack_sharing_enabled":true,"_links":{"self":[{"href":"https:\/\/www.vitellelab.com\/es\/wp-json\/wp\/v2\/pages\/3523"}],"collection":[{"href":"https:\/\/www.vitellelab.com\/es\/wp-json\/wp\/v2\/pages"}],"about":[{"href":"https:\/\/www.vitellelab.com\/es\/wp-json\/wp\/v2\/types\/page"}],"author":[{"embeddable":true,"href":"https:\/\/www.vitellelab.com\/es\/wp-json\/wp\/v2\/users\/1"}],"replies":[{"embeddable":true,"href":"https:\/\/www.vitellelab.com\/es\/wp-json\/wp\/v2\/comments?post=3523"}],"version-history":[{"count":0,"href":"https:\/\/www.vitellelab.com\/es\/wp-json\/wp\/v2\/pages\/3523\/revisions"}],"wp:attachment":[{"href":"https:\/\/www.vitellelab.com\/es\/wp-json\/wp\/v2\/media?parent=3523"}],"curies":[{"name":"wp","href":"https:\/\/api.w.org\/{rel}","templated":true}]}}