{"id":544,"date":"2011-09-05T23:49:52","date_gmt":"2011-09-06T06:49:52","guid":{"rendered":"http:\/\/www.VitelleLab.com\/?page_id=544"},"modified":"2023-08-11T17:36:23","modified_gmt":"2023-08-12T00:36:23","slug":"advanced-skincare-collections","status":"publish","type":"page","link":"https:\/\/www.vitellelab.com\/es\/advanced-skincare-collections","title":{"rendered":"COLECCIONES PARA CUIDADO DE LA PIEL AVANZADO"},"content":{"rendered":"<p><div class=\"fusion-fullwidth fullwidth-box fusion-builder-row-1 nonhundred-percent-fullwidth non-hundred-percent-height-scrolling\" style=\"--awb-background-position:left top;--awb-border-sizes-top:0px;--awb-border-sizes-bottom:0px;--awb-border-sizes-left:0px;--awb-border-sizes-right:0px;--awb-border-color:#3d3d3d;--awb-border-radius-top-left:0px;--awb-border-radius-top-right:0px;--awb-border-radius-bottom-right:0px;--awb-border-radius-bottom-left:0px;--awb-padding-top:0px;--awb-padding-bottom:0px;--awb-background-color:rgba(255,255,255,0.5);--awb-flex-wrap:wrap;\" ><div class=\"fusion-builder-row fusion-row\"><div class=\"fusion-layout-column fusion_builder_column fusion-builder-column-0 fusion_builder_column_1_2 1_2 fusion-one-half fusion-column-first fusion-column-no-min-height\" style=\"--awb-bg-size:cover;--awb-margin-bottom:0px;width:48%; margin-right: 4%;\"><div class=\"fusion-column-wrapper fusion-flex-column-wrapper-legacy\"><div class=\"fusion-text fusion-text-1\"><h2><span style=\"color: #51b9e9;\">CUIDADO EXTRAORDINARIO DE LA PIEL\u00a0<\/span><\/h2>\n<p>Entendemos lo importante que es la calidad, por lo que ofrecemos formulaciones potentes que ofrecen resultados. Usted estara orgulloso de poder llamar suyos a estos productos.<\/p>\n<p><strong>Vitelle<\/strong>\u00a0ofrece dos colecciones distintivas para MediSpa y profesionales cl\u00ednicamente enfocados que buscan una marca privada.<\/p>\n<\/div><div class=\"fusion-clearfix\"><\/div><\/div><\/div><div class=\"fusion-layout-column fusion_builder_column fusion-builder-column-1 fusion_builder_column_1_2 1_2 fusion-one-half fusion-column-last fusion-column-no-min-height\" style=\"--awb-padding-top:60px;--awb-bg-size:cover;--awb-margin-bottom:0px;width:48%;\"><div class=\"fusion-column-wrapper fusion-flex-column-wrapper-legacy\"><div class=\"fusion-text fusion-text-2\"><p>Nuestro <strong>Peptide Matrix<\/strong> y <strong>Medscience<\/strong> son colecciones que satisfacen las necesidades \u00fanicas de sus clientes. Los potentes productos para el cuidado del hogar y profesionales que se encuentran en estas colecciones respaldan la luminosidad y vitalidad \u00f3ptimas de la piel.<\/p>\n<\/div><div class=\"fusion-clearfix\"><\/div><\/div><\/div><\/div><\/div><div class=\"fusion-fullwidth fullwidth-box fusion-builder-row-2 nonhundred-percent-fullwidth non-hundred-percent-height-scrolling\" style=\"--awb-border-radius-top-left:0px;--awb-border-radius-top-right:0px;--awb-border-radius-bottom-right:0px;--awb-border-radius-bottom-left:0px;--awb-flex-wrap:wrap;\" ><div class=\"fusion-builder-row fusion-row\"><div class=\"fusion-layout-column fusion_builder_column fusion-builder-column-2 fusion_builder_column_1_4 1_4 fusion-one-fourth fusion-column-first\" style=\"--awb-bg-size:cover;width:25%;width:calc(25% - ( ( 4% + 4% ) * 0.25 ) );margin-right: 4%;\"><div class=\"fusion-column-wrapper fusion-flex-column-wrapper-legacy\"><div class=\"fusion-clearfix\"><\/div><\/div><\/div><div class=\"fusion-layout-column fusion_builder_column fusion-builder-column-3 fusion_builder_column_1_2 1_2 fusion-one-half\" style=\"--awb-bg-size:cover;width:50%;width:calc(50% - ( ( 4% + 4% ) * 0.5 ) );margin-right: 4%;\"><div class=\"fusion-column-wrapper fusion-flex-column-wrapper-legacy\"><div class=\"fusion-sep-clear\"><\/div><div class=\"fusion-separator fusion-full-width-sep\" style=\"margin-left: auto;margin-right: auto;margin-top:60px;margin-bottom:30px;width:100%;\"><div class=\"fusion-separator-border sep-single sep-dotted\" style=\"--awb-height:20px;--awb-amount:20px;--awb-sep-color:#514848;border-color:#514848;border-top-width:1px;\"><\/div><\/div><div class=\"fusion-sep-clear\"><\/div><div class=\"fusion-clearfix\"><\/div><\/div><\/div><div class=\"fusion-layout-column fusion_builder_column fusion-builder-column-4 fusion_builder_column_1_4 1_4 fusion-one-fourth fusion-column-last\" style=\"--awb-bg-size:cover;width:25%;width:calc(25% - ( ( 4% + 4% ) * 0.25 ) );\"><div class=\"fusion-column-wrapper fusion-flex-column-wrapper-legacy\"><div class=\"fusion-clearfix\"><\/div><\/div><\/div><div class=\"fusion-layout-column fusion_builder_column fusion-builder-column-5 fusion_builder_column_2_3 2_3 fusion-two-third fusion-column-first\" style=\"--awb-bg-size:cover;width:66.666666666667%;width:calc(66.666666666667% - ( ( 4% ) * 0.66666666666667 ) );margin-right: 4%;\"><div class=\"fusion-column-wrapper fusion-flex-column-wrapper-legacy\"><div class=\"fusion-text fusion-text-3\"><h2 class=\"p1\"><span style=\"color: #51b9e9;\">Peptide Matrix<\/span><\/h2>\n<p><span class=\"s1\">Peptide Matrix es una colecci\u00f3n intensiva de grado m\u00e9dico que proporciona fortificaci\u00f3n multicapa a la piel. Estas f\u00f3rmulas altamente concentradas contienen activos que apoyan la funci\u00f3n saludable de la piel y ofrecen una mejora sustancial a la piel.<\/span><\/p>\n<\/div><div class=\"fusion-clearfix\"><\/div><\/div><\/div><div class=\"fusion-layout-column fusion_builder_column fusion-builder-column-6 fusion_builder_column_1_3 1_3 fusion-one-third fusion-column-last\" style=\"--awb-bg-size:cover;width:33.333333333333%;width:calc(33.333333333333% - ( ( 4% ) * 0.33333333333333 ) );\"><div class=\"fusion-column-wrapper fusion-flex-column-wrapper-legacy\"><div class=\"fusion-clearfix\"><\/div><\/div><\/div><div class=\"fusion-layout-column fusion_builder_column fusion-builder-column-7 fusion_builder_column_1_3 1_3 fusion-one-third fusion-column-first fusion-column-no-min-height\" style=\"--awb-bg-size:cover;--awb-margin-bottom:0px;width:30.6666%; margin-right: 4%;\"><div class=\"fusion-column-wrapper fusion-flex-column-wrapper-legacy\"><div class=\"fusion-text fusion-text-4\"><ul>\n<li>Lanzado en 2013<\/li>\n<li>Programa a la carta<\/li>\n<li>Recomendado para pr\u00e1cticas de Spa M\u00e9dicos, Cirujanos Cosm\u00e9ticos y Dermat\u00f3logos<\/li>\n<li>Gama completa de productos que satisfacen las diferentes necesidades de los clientes<\/li>\n<li>Los productos de esta colecci\u00f3n contienen cantidades significativas de p\u00e9ptidos e ingredientes acondicionadores de la piel<\/li>\n<li>Altamente concentrados<\/li>\n<li>Libre de Parabenos<\/li>\n<li>Esta colecci\u00f3n incluye una serie de tratamientos exfoliantes y peelings profesionales<\/li>\n<li>Esta colecci\u00f3n contiene una colecci\u00f3n boutique de cuidado corporal especializado.<\/li>\n<\/ul>\n<\/div><div class=\"fusion-clearfix\"><\/div><\/div><\/div><div class=\"fusion-layout-column fusion_builder_column fusion-builder-column-8 fusion_builder_column_1_3 1_3 fusion-one-third fusion-column-no-min-height\" style=\"--awb-padding-top:12px;--awb-bg-size:cover;--awb-margin-bottom:0px;width:30.6666%; margin-right: 4%;\"><div class=\"fusion-column-wrapper fusion-flex-column-wrapper-legacy\"><div class=\"fusion-text fusion-text-5\"><p><strong><span class=\"s1\">Ingredientes destacados<\/span><span class=\"s2\">:<\/span><span class=\"s2\"><br \/>\n<\/span><\/strong><span class=\"s1\">\u00b7<\/span><span class=\"s2\"> P\u00e9ptido SYN-COLL\u00ae<\/span><span class=\"s2\"><br \/>\n<\/span><span class=\"s1\">\u00b7<\/span><span class=\"s2\"> DELISENS\u2122\u00a0Soluci\u00f3n pept\u00eddica<\/span><br \/>\n<span class=\"s1\">\u00b7<\/span><span class=\"s2\"> Astaxantina<\/span><br \/>\n<span class=\"s1\">\u00b7<\/span><span class=\"s2\"> Floretina<\/span><br \/>\n<span class=\"s1\">\u00b7<\/span><span class=\"s2\"> Emblica<\/span><br \/>\n<span class=\"s1\">\u00b7<\/span><span class=\"s2\"> \u00c1cido k\u00f3jico<\/span><br \/>\n<span class=\"s1\">\u00b7\u00a0<span class=\"s2\">\u00c1cido Azelaico<\/span><\/span><br \/>\n<span class=\"s1\">\u00b7<\/span><span class=\"s2\"> \u00c1cido Hialur\u00f3nico<\/span><\/p>\n<p class=\"p1\"><span class=\"s2\">\u00a0<\/span><\/p>\n<\/div><div class=\"fusion-clearfix\"><\/div><\/div><\/div><div class=\"fusion-layout-column fusion_builder_column fusion-builder-column-9 fusion_builder_column_1_3 1_3 fusion-one-third fusion-column-last\" style=\"--awb-bg-size:cover;--awb-border-color:#000000;--awb-border-top:0;--awb-border-right:0;--awb-border-bottom:0;--awb-border-left:0;--awb-border-style:solid;width:30.6666%;\"><div class=\"fusion-column-wrapper fusion-flex-column-wrapper-legacy\"><div class=\"fusion-image-element in-legacy-container\" style=\"--awb-liftup-border-radius:0px;--awb-caption-title-font-family:var(--h2_typography-font-family);--awb-caption-title-font-weight:var(--h2_typography-font-weight);--awb-caption-title-font-style:var(--h2_typography-font-style);--awb-caption-title-size:var(--h2_typography-font-size);--awb-caption-title-transform:var(--h2_typography-text-transform);--awb-caption-title-line-height:var(--h2_typography-line-height);--awb-caption-title-letter-spacing:var(--h2_typography-letter-spacing);\"><div class=\"awb-image-frame awb-image-frame-1 imageframe-liftup\"><span class=\"fusion-imageframe imageframe-dropshadow imageframe-1\" style=\"border:1px solid #000000;-webkit-box-shadow: 3px 3px 7px rgba(0,0,0,0.3);box-shadow: 3px 3px 7px rgba(0,0,0,0.3);\"><img data-recalc-dims=\"1\" decoding=\"async\" width=\"800\" height=\"659\" alt=\"PEPTIDE MATRIX CLINICAL SKINCARE\" title=\"Peptide\" src=\"https:\/\/i0.wp.com\/www.vitellelab.com\/wp-content\/uploads\/2021\/05\/Peptide-1.jpg?resize=800%2C659&#038;ssl=1\" class=\"img-responsive wp-image-3570\" srcset=\"https:\/\/i0.wp.com\/www.vitellelab.com\/wp-content\/uploads\/2021\/05\/Peptide-1.jpg?resize=200%2C165&amp;ssl=1 200w, https:\/\/i0.wp.com\/www.vitellelab.com\/wp-content\/uploads\/2021\/05\/Peptide-1.jpg?resize=300%2C247&amp;ssl=1 300w, https:\/\/i0.wp.com\/www.vitellelab.com\/wp-content\/uploads\/2021\/05\/Peptide-1.jpg?resize=400%2C330&amp;ssl=1 400w, https:\/\/i0.wp.com\/www.vitellelab.com\/wp-content\/uploads\/2021\/05\/Peptide-1.jpg?resize=600%2C494&amp;ssl=1 600w, https:\/\/i0.wp.com\/www.vitellelab.com\/wp-content\/uploads\/2021\/05\/Peptide-1.jpg?resize=768%2C633&amp;ssl=1 768w, https:\/\/i0.wp.com\/www.vitellelab.com\/wp-content\/uploads\/2021\/05\/Peptide-1.jpg?fit=800%2C659&amp;ssl=1 800w\" sizes=\"(max-width: 800px) 100vw, 400px\" \/><\/span><\/div><\/div><div class=\"fusion-clearfix\"><\/div><\/div><\/div><\/div><\/div><div class=\"fusion-fullwidth fullwidth-box fusion-builder-row-3 nonhundred-percent-fullwidth non-hundred-percent-height-scrolling\" style=\"--awb-border-radius-top-left:0px;--awb-border-radius-top-right:0px;--awb-border-radius-bottom-right:0px;--awb-border-radius-bottom-left:0px;--awb-flex-wrap:wrap;\" ><div class=\"fusion-builder-row fusion-row\"><div class=\"fusion-layout-column fusion_builder_column fusion-builder-column-10 fusion_builder_column_1_4 1_4 fusion-one-fourth fusion-column-first\" style=\"--awb-bg-size:cover;width:25%;width:calc(25% - ( ( 4% + 4% ) * 0.25 ) );margin-right: 4%;\"><div class=\"fusion-column-wrapper fusion-flex-column-wrapper-legacy\"><div class=\"fusion-clearfix\"><\/div><\/div><\/div><div class=\"fusion-layout-column fusion_builder_column fusion-builder-column-11 fusion_builder_column_1_2 1_2 fusion-one-half\" style=\"--awb-bg-size:cover;width:50%;width:calc(50% - ( ( 4% + 4% ) * 0.5 ) );margin-right: 4%;\"><div class=\"fusion-column-wrapper fusion-flex-column-wrapper-legacy\"><div class=\"fusion-sep-clear\"><\/div><div class=\"fusion-separator fusion-full-width-sep\" style=\"margin-left: auto;margin-right: auto;margin-top:60px;margin-bottom:30px;width:100%;\"><div class=\"fusion-separator-border sep-single sep-dotted\" style=\"--awb-height:20px;--awb-amount:20px;--awb-sep-color:#514848;border-color:#514848;border-top-width:1px;\"><\/div><\/div><div class=\"fusion-sep-clear\"><\/div><div class=\"fusion-clearfix\"><\/div><\/div><\/div><div class=\"fusion-layout-column fusion_builder_column fusion-builder-column-12 fusion_builder_column_1_4 1_4 fusion-one-fourth fusion-column-last\" style=\"--awb-bg-size:cover;width:25%;width:calc(25% - ( ( 4% + 4% ) * 0.25 ) );\"><div class=\"fusion-column-wrapper fusion-flex-column-wrapper-legacy\"><div class=\"fusion-clearfix\"><\/div><\/div><\/div><div class=\"fusion-layout-column fusion_builder_column fusion-builder-column-13 fusion_builder_column_2_3 2_3 fusion-two-third fusion-column-first\" style=\"--awb-bg-size:cover;width:66.666666666667%;width:calc(66.666666666667% - ( ( 4% ) * 0.66666666666667 ) );margin-right: 4%;\"><div class=\"fusion-column-wrapper fusion-flex-column-wrapper-legacy\"><div class=\"fusion-text fusion-text-6\"><h2 class=\"p1\"><span style=\"color: #51b9e9;\">Medscience<\/span><\/h2>\n<p><span class=\"s1\">Medscience es una innovadora soluci\u00f3n antienvejecimiento para el cuidado de la piel que ofrece a los profesionales de la est\u00e9tica una l\u00ednea completa de productos minoristas y profesionales de marca privada totalmente personalizables. Esta colecci\u00f3n se centra en atenuar los resultados del tratamiento que generalmente se logran en una pr\u00e1ctica est\u00e9tica m\u00e9dica.<\/span><\/p>\n<\/div><div class=\"fusion-clearfix\"><\/div><\/div><\/div><div class=\"fusion-layout-column fusion_builder_column fusion-builder-column-14 fusion_builder_column_1_3 1_3 fusion-one-third fusion-column-last\" style=\"--awb-bg-size:cover;width:33.333333333333%;width:calc(33.333333333333% - ( ( 4% ) * 0.33333333333333 ) );\"><div class=\"fusion-column-wrapper fusion-flex-column-wrapper-legacy\"><div class=\"fusion-clearfix\"><\/div><\/div><\/div><div class=\"fusion-layout-column fusion_builder_column fusion-builder-column-15 fusion_builder_column_1_3 1_3 fusion-one-third fusion-column-first fusion-column-no-min-height\" style=\"--awb-bg-size:cover;--awb-margin-bottom:0px;width:30.6666%; margin-right: 4%;\"><div class=\"fusion-column-wrapper fusion-flex-column-wrapper-legacy\"><div class=\"fusion-text fusion-text-7\"><ul>\n<li>Lanzado en 2013<\/li>\n<li>Recomendado para pr\u00e1cticas M\u00e9dicas de Spa, Esteticistas y Profesionales del cuidado de la piel<\/li>\n<li>Gama completa de productos que satisfacen las diferentes necesidades de los clientes<\/li>\n<li>Los productos de esta colecci\u00f3n contienen poca o ninguna fragancia y son muy adecuados para tratamientos posteriores al peeling \/ quir\u00fargicos y cuidado en el hogar.<\/li>\n<li>No contiene colorantes FD &amp; C, parabenos, hidroquinona o lauril sulfato de sodio<\/li>\n<li>Libre de Parabenos<\/li>\n<li>Esta colecci\u00f3n incluye una amplia gama de productos solo para profesionales<\/li>\n<\/ul>\n<\/div><div class=\"fusion-clearfix\"><\/div><\/div><\/div><div class=\"fusion-layout-column fusion_builder_column fusion-builder-column-16 fusion_builder_column_1_3 1_3 fusion-one-third fusion-column-no-min-height\" style=\"--awb-padding-top:12px;--awb-bg-size:cover;--awb-margin-bottom:0px;width:30.6666%; margin-right: 4%;\"><div class=\"fusion-column-wrapper fusion-flex-column-wrapper-legacy\"><div class=\"fusion-text fusion-text-8\"><p><strong><span class=\"s1\">Ingredientes destacados<\/span><span class=\"s2\">:<\/span><span class=\"s2\"><br \/>\n<\/span><\/strong><span class=\"s1\">\u00b7<\/span><span class=\"s2\"> ARGIRELINE\u00ae Soluci\u00f3n pept\u00eddica<\/span><span class=\"s2\"><br \/>\n<\/span><span class=\"s1\">\u00b7<\/span><span class=\"s2\"> Polip\u00e9ptido de \u00e1cido asc\u00f3rbico<\/span><br \/>\n<span class=\"s1\">\u00b7<\/span><span class=\"s2\"> Dimethylaminoethanol (DMAE)<\/span><br \/>\n<span class=\"s1\">\u00b7<\/span><span class=\"s2\"> \u00c1cido ti\u00f3ctico (ALA)<\/span><br \/>\n<span class=\"s1\">\u00b7<\/span><span class=\"s2\"> Retinol<\/span><br \/>\n<span class=\"s1\">\u00b7<\/span><span class=\"s2\"> Alfa Arbutina<\/span><br \/>\n<span class=\"s1\">\u00b7 \u00c1cido gamma-aminobut\u00edrico<\/span><\/p>\n<p class=\"p1\"><span class=\"s2\">\u00a0<\/span><\/p>\n<\/div><div class=\"fusion-clearfix\"><\/div><\/div><\/div><div class=\"fusion-layout-column fusion_builder_column fusion-builder-column-17 fusion_builder_column_1_3 1_3 fusion-one-third fusion-column-last fusion-column-no-min-height\" style=\"--awb-bg-size:cover;--awb-margin-bottom:0px;width:30.6666%;\"><div class=\"fusion-column-wrapper fusion-flex-column-wrapper-legacy\"><div class=\"fusion-image-element in-legacy-container\" style=\"--awb-liftup-border-radius:0px;--awb-caption-title-font-family:var(--h2_typography-font-family);--awb-caption-title-font-weight:var(--h2_typography-font-weight);--awb-caption-title-font-style:var(--h2_typography-font-style);--awb-caption-title-size:var(--h2_typography-font-size);--awb-caption-title-transform:var(--h2_typography-text-transform);--awb-caption-title-line-height:var(--h2_typography-line-height);--awb-caption-title-letter-spacing:var(--h2_typography-letter-spacing);\"><div class=\"awb-image-frame awb-image-frame-2 imageframe-liftup\"><span class=\"fusion-imageframe imageframe-dropshadow imageframe-2\" style=\"border:1px solid #000000;-webkit-box-shadow: 3px 3px 7px rgba(0,0,0,0.3);box-shadow: 3px 3px 7px rgba(0,0,0,0.3);\"><img data-recalc-dims=\"1\" decoding=\"async\" width=\"800\" height=\"659\" alt=\"MED SCIENCE CLINICAL SKINCARE\" title=\"Website-Update-2021-Medscience-Image2\" src=\"https:\/\/i0.wp.com\/www.vitellelab.com\/wp-content\/uploads\/2021\/05\/Website-Update-2021-Medscience-Image2-1.jpg?resize=800%2C659&#038;ssl=1\" class=\"img-responsive wp-image-3572\" srcset=\"https:\/\/i0.wp.com\/www.vitellelab.com\/wp-content\/uploads\/2021\/05\/Website-Update-2021-Medscience-Image2-1.jpg?resize=200%2C165&amp;ssl=1 200w, https:\/\/i0.wp.com\/www.vitellelab.com\/wp-content\/uploads\/2021\/05\/Website-Update-2021-Medscience-Image2-1.jpg?resize=300%2C247&amp;ssl=1 300w, https:\/\/i0.wp.com\/www.vitellelab.com\/wp-content\/uploads\/2021\/05\/Website-Update-2021-Medscience-Image2-1.jpg?resize=400%2C330&amp;ssl=1 400w, https:\/\/i0.wp.com\/www.vitellelab.com\/wp-content\/uploads\/2021\/05\/Website-Update-2021-Medscience-Image2-1.jpg?resize=600%2C494&amp;ssl=1 600w, https:\/\/i0.wp.com\/www.vitellelab.com\/wp-content\/uploads\/2021\/05\/Website-Update-2021-Medscience-Image2-1.jpg?resize=768%2C633&amp;ssl=1 768w, https:\/\/i0.wp.com\/www.vitellelab.com\/wp-content\/uploads\/2021\/05\/Website-Update-2021-Medscience-Image2-1.jpg?fit=800%2C659&amp;ssl=1 800w\" sizes=\"(max-width: 800px) 100vw, 400px\" \/><\/span><\/div><\/div><div class=\"fusion-clearfix\"><\/div><\/div><\/div><\/div><\/div><\/p>","protected":false},"excerpt":{"rendered":"","protected":false},"author":1,"featured_media":0,"parent":0,"menu_order":0,"comment_status":"closed","ping_status":"closed","template":"","meta":{"om_disable_all_campaigns":false,"_monsterinsights_skip_tracking":false,"_monsterinsights_sitenote_active":false,"_monsterinsights_sitenote_note":"","_monsterinsights_sitenote_category":0,"footnotes":""},"class_list":["post-544","page","type-page","status-publish","hentry"],"aioseo_notices":[],"jetpack_shortlink":"https:\/\/wp.me\/P95uaQ-8M","jetpack_sharing_enabled":true,"_links":{"self":[{"href":"https:\/\/www.vitellelab.com\/es\/wp-json\/wp\/v2\/pages\/544"}],"collection":[{"href":"https:\/\/www.vitellelab.com\/es\/wp-json\/wp\/v2\/pages"}],"about":[{"href":"https:\/\/www.vitellelab.com\/es\/wp-json\/wp\/v2\/types\/page"}],"author":[{"embeddable":true,"href":"https:\/\/www.vitellelab.com\/es\/wp-json\/wp\/v2\/users\/1"}],"replies":[{"embeddable":true,"href":"https:\/\/www.vitellelab.com\/es\/wp-json\/wp\/v2\/comments?post=544"}],"version-history":[{"count":0,"href":"https:\/\/www.vitellelab.com\/es\/wp-json\/wp\/v2\/pages\/544\/revisions"}],"wp:attachment":[{"href":"https:\/\/www.vitellelab.com\/es\/wp-json\/wp\/v2\/media?parent=544"}],"curies":[{"name":"wp","href":"https:\/\/api.w.org\/{rel}","templated":true}]}}