{"id":84,"date":"2011-07-06T02:24:55","date_gmt":"2011-07-06T09:24:55","guid":{"rendered":"http:\/\/s373655352.onlinehome.us\/?page_id=84"},"modified":"2024-09-12T09:02:32","modified_gmt":"2024-09-12T16:02:32","slug":"packaging","status":"publish","type":"page","link":"https:\/\/www.vitellelab.com\/es\/packaging","title":{"rendered":"PACKAGING&#8230; THAT BRINGS YOUR BRAND TO LIFE"},"content":{"rendered":"<p><div class=\"fusion-fullwidth fullwidth-box fusion-builder-row-1 nonhundred-percent-fullwidth non-hundred-percent-height-scrolling\" style=\"--awb-background-position:left top;--awb-border-sizes-top:0px;--awb-border-sizes-bottom:0px;--awb-border-sizes-left:0px;--awb-border-sizes-right:0px;--awb-border-color:#3d3d3d;--awb-border-radius-top-left:0px;--awb-border-radius-top-right:0px;--awb-border-radius-bottom-right:0px;--awb-border-radius-bottom-left:0px;--awb-padding-top:0px;--awb-padding-bottom:0px;--awb-background-color:rgba(255,255,255,0.5);--awb-flex-wrap:wrap;\" ><div class=\"fusion-builder-row fusion-row\"><div class=\"fusion-layout-column fusion_builder_column fusion-builder-column-0 fusion_builder_column_1_2 1_2 fusion-one-half fusion-column-first fusion-column-no-min-height\" style=\"--awb-bg-size:cover;--awb-margin-bottom:0px;width:48%; margin-right: 4%;\"><div class=\"fusion-column-wrapper fusion-flex-column-wrapper-legacy\"><div class=\"fusion-text fusion-text-1\"><h2><span style=\"color: #00ccff;\">CREE SU PROPIA COLECCI\u00d3N \u00daNICA<\/span><\/h2>\n<p>La calidad del producto, la eficacia y el emvasado juegan un papel clave en el lanzamiento y crecimiento de su colecci\u00f3n de marca privada de cuidado de la piel y cuerpo . Entendemos que los clientes tienen gustos variados y, por lo tanto, ofrecemos una amplia variedad de envases en stock que se actualizan regularmente para mantenerse al d\u00eda con las tendencias actuales.<\/p>\n<p>Nuestra amplia gama de envases en stock permite a los clientes identificar y evaluar los envases cosm\u00e9ticos que satisfacen sus necesidades. Ya sea que se trate de una preferencia por vidrio, acr\u00edlico o aluminio, revisamos a fondo sus opciones y lo ayudamos a seleccionar los envases que m\u00e1s se alinean con el dise\u00f1o de su etiqueta y la visi\u00f3n de la marca.<\/p>\n<p>Desde limpiadores hasta sueros y humectantes, puede mezclar y combinar entre nuestras colecciones exclusivas para crear un aspecto completamente \u00fanico o, si ya tiene su propio envase, llenaremos nuestras exquisitas f\u00f3rmulas en esos recipientes para usted. No podr\u00eda ser m\u00e1s f\u00e1cil.<\/p>\n<\/div><div class=\"fusion-clearfix\"><\/div><\/div><\/div><div class=\"fusion-layout-column fusion_builder_column fusion-builder-column-1 fusion_builder_column_1_2 1_2 fusion-one-half fusion-column-last fusion-column-no-min-height\" style=\"--awb-padding-top:60px;--awb-bg-size:cover;--awb-margin-bottom:0px;width:48%;\"><div class=\"fusion-column-wrapper fusion-flex-column-wrapper-legacy\"><div class=\"fusion-text fusion-text-2\"><p>Todo lo que necesita hacer es elegir el embalaje y los productos adecuados para usted y dejarnos el resto a nosotros. Como cliente de marca privada, recibir\u00e1 sus productos completamente etiquetados y listos para usar o vender. Integramos su dise\u00f1o de etiqueta \u00fanico, logotipo y contenido de etiqueta personalizado en un dise\u00f1o todo incluido que se le env\u00eda digitalmente para su aprobaci\u00f3n final. Una vez que comience a ordenar sus productos, todo lo que tendr\u00e1 que hacer es desempacar su pedido y comenzar a vender.<\/p>\n<p>Al disfrutar de sus productos, sus clientes ver\u00e1n el contenido de su etiqueta personalizada, la lista completa de ingredientes, las instrucciones de uso y su informaci\u00f3n de contacto o comercial. Si est\u00e1 vendiendo por la web, su sitio web tambi\u00e9n se puede enumerar en el panel de contacto para que a sus clientes les resulte f\u00e1cil encontrarlo para volver a ordenar.<\/p>\n<\/div><div class=\"fusion-clearfix\"><\/div><\/div><\/div><\/div><\/div><div class=\"fusion-fullwidth fullwidth-box fusion-builder-row-2 nonhundred-percent-fullwidth non-hundred-percent-height-scrolling\" style=\"--awb-border-sizes-top:1px;--awb-border-sizes-bottom:1px;--awb-border-sizes-left:0px;--awb-border-sizes-right:0px;--awb-border-color:#2d2d2d;--awb-border-radius-top-left:0px;--awb-border-radius-top-right:0px;--awb-border-radius-bottom-right:0px;--awb-border-radius-bottom-left:0px;--awb-background-color:#f2f2f2;--awb-flex-wrap:wrap;\" ><div class=\"fusion-builder-row fusion-row\"><div class=\"fusion-layout-column fusion_builder_column fusion-builder-column-2 fusion_builder_column_1_1 1_1 fusion-one-full fusion-column-first fusion-column-last\" style=\"--awb-bg-size:cover;--awb-margin-bottom:0px;\"><div class=\"fusion-column-wrapper fusion-flex-column-wrapper-legacy\"><div class=\"fusion-column-content-centered\"><div class=\"fusion-column-content\"><div class=\"fusion-text fusion-text-3\"><h2 style=\"text-align: center;\"><span style=\"color: #00ccff;\">GALER\u00cdA DE INSPIRACI\u00d3N<\/span><\/h2>\n<\/div><div class=\"fusion-slider-sc fusion-flexslider-loading flexslider flexslider-hover-type-zoomin\" data-slideshow_autoplay=\"1\" data-slideshow_smooth_height=\"0\" data-slideshow_speed=\"4000\" style=\"max-width:100%;height:100%;\"><ul class=\"slides\"><li class=\"image\"><span class=\"fusion-image-hover-element hover-type-zoomin\"><img data-recalc-dims=\"1\" decoding=\"async\" src=\"https:\/\/i0.wp.com\/www.vitellelab.com\/wp-content\/uploads\/2011\/07\/Vitelle_Packaging_161.jpg?resize=800%2C495&#038;ssl=1\" alt=\"Vitelle_Packaging_16\" width=\"800\" height=\"495\" class=\"wp-image-372\" srcset=\"https:\/\/i0.wp.com\/www.vitellelab.com\/wp-content\/uploads\/2011\/07\/Vitelle_Packaging_161.jpg?resize=300%2C186&amp;ssl=1 300w, https:\/\/i0.wp.com\/www.vitellelab.com\/wp-content\/uploads\/2011\/07\/Vitelle_Packaging_161.jpg?resize=768%2C475&amp;ssl=1 768w, https:\/\/i0.wp.com\/www.vitellelab.com\/wp-content\/uploads\/2011\/07\/Vitelle_Packaging_161.jpg?fit=800%2C495&amp;ssl=1 800w\" sizes=\"(max-width: 800px) 100vw, 800px\" \/><\/span><\/li><li class=\"image\"><span class=\"fusion-image-hover-element hover-type-zoomin\"><img data-recalc-dims=\"1\" decoding=\"async\" src=\"https:\/\/i0.wp.com\/www.vitellelab.com\/wp-content\/uploads\/2011\/07\/Vitelle_Packaging_15.jpg?resize=800%2C495&#038;ssl=1\" alt=\"Vitelle Packaging\" width=\"800\" height=\"495\" class=\"wp-image-142\" srcset=\"https:\/\/i0.wp.com\/www.vitellelab.com\/wp-content\/uploads\/2011\/07\/Vitelle_Packaging_15.jpg?resize=300%2C186&amp;ssl=1 300w, https:\/\/i0.wp.com\/www.vitellelab.com\/wp-content\/uploads\/2011\/07\/Vitelle_Packaging_15.jpg?resize=768%2C475&amp;ssl=1 768w, https:\/\/i0.wp.com\/www.vitellelab.com\/wp-content\/uploads\/2011\/07\/Vitelle_Packaging_15.jpg?fit=800%2C495&amp;ssl=1 800w\" sizes=\"(max-width: 800px) 100vw, 800px\" \/><\/span><\/li><li class=\"image\"><span class=\"fusion-image-hover-element hover-type-zoomin\"><img data-recalc-dims=\"1\" decoding=\"async\" src=\"https:\/\/i0.wp.com\/www.vitellelab.com\/wp-content\/uploads\/2011\/07\/Vitelle_Packaging_13.jpg?resize=800%2C495&#038;ssl=1\" alt=\"Vitelle Packaging\" width=\"800\" height=\"495\" class=\"wp-image-140\" srcset=\"https:\/\/i0.wp.com\/www.vitellelab.com\/wp-content\/uploads\/2011\/07\/Vitelle_Packaging_13.jpg?resize=300%2C186&amp;ssl=1 300w, https:\/\/i0.wp.com\/www.vitellelab.com\/wp-content\/uploads\/2011\/07\/Vitelle_Packaging_13.jpg?resize=768%2C475&amp;ssl=1 768w, https:\/\/i0.wp.com\/www.vitellelab.com\/wp-content\/uploads\/2011\/07\/Vitelle_Packaging_13.jpg?fit=800%2C495&amp;ssl=1 800w\" sizes=\"(max-width: 800px) 100vw, 800px\" \/><\/span><\/li><li class=\"image\"><span class=\"fusion-image-hover-element hover-type-zoomin\"><img data-recalc-dims=\"1\" decoding=\"async\" src=\"https:\/\/i0.wp.com\/www.vitellelab.com\/wp-content\/uploads\/2011\/07\/Vitelle_Packaging_111.jpg?resize=800%2C495&#038;ssl=1\" alt=\"Vitelle_Packaging_11\" width=\"800\" height=\"495\" class=\"wp-image-367\" srcset=\"https:\/\/i0.wp.com\/www.vitellelab.com\/wp-content\/uploads\/2011\/07\/Vitelle_Packaging_111.jpg?resize=300%2C186&amp;ssl=1 300w, https:\/\/i0.wp.com\/www.vitellelab.com\/wp-content\/uploads\/2011\/07\/Vitelle_Packaging_111.jpg?resize=768%2C475&amp;ssl=1 768w, https:\/\/i0.wp.com\/www.vitellelab.com\/wp-content\/uploads\/2011\/07\/Vitelle_Packaging_111.jpg?fit=800%2C495&amp;ssl=1 800w\" sizes=\"(max-width: 800px) 100vw, 800px\" \/><\/span><\/li><li class=\"image\"><span class=\"fusion-image-hover-element hover-type-zoomin\"><img data-recalc-dims=\"1\" decoding=\"async\" src=\"https:\/\/i0.wp.com\/www.vitellelab.com\/wp-content\/uploads\/2011\/07\/Vitelle_Packaging_91.jpg?resize=800%2C495&#038;ssl=1\" alt=\"Vitelle_Packaging_9\" width=\"800\" height=\"495\" class=\"wp-image-365\" srcset=\"https:\/\/i0.wp.com\/www.vitellelab.com\/wp-content\/uploads\/2011\/07\/Vitelle_Packaging_91.jpg?resize=300%2C186&amp;ssl=1 300w, https:\/\/i0.wp.com\/www.vitellelab.com\/wp-content\/uploads\/2011\/07\/Vitelle_Packaging_91.jpg?resize=768%2C475&amp;ssl=1 768w, https:\/\/i0.wp.com\/www.vitellelab.com\/wp-content\/uploads\/2011\/07\/Vitelle_Packaging_91.jpg?fit=800%2C495&amp;ssl=1 800w\" sizes=\"(max-width: 800px) 100vw, 800px\" \/><\/span><\/li><li class=\"image\"><span class=\"fusion-image-hover-element hover-type-zoomin\"><img data-recalc-dims=\"1\" decoding=\"async\" src=\"https:\/\/i0.wp.com\/www.vitellelab.com\/wp-content\/uploads\/2011\/07\/Vitelle_Packaging_81.jpg?resize=800%2C495&#038;ssl=1\" alt=\"Vitelle_Packaging_8\" width=\"800\" height=\"495\" class=\"wp-image-364\" srcset=\"https:\/\/i0.wp.com\/www.vitellelab.com\/wp-content\/uploads\/2011\/07\/Vitelle_Packaging_81.jpg?resize=300%2C186&amp;ssl=1 300w, https:\/\/i0.wp.com\/www.vitellelab.com\/wp-content\/uploads\/2011\/07\/Vitelle_Packaging_81.jpg?resize=768%2C475&amp;ssl=1 768w, https:\/\/i0.wp.com\/www.vitellelab.com\/wp-content\/uploads\/2011\/07\/Vitelle_Packaging_81.jpg?fit=800%2C495&amp;ssl=1 800w\" sizes=\"(max-width: 800px) 100vw, 800px\" \/><\/span><\/li><li class=\"image\"><span class=\"fusion-image-hover-element hover-type-zoomin\"><img data-recalc-dims=\"1\" decoding=\"async\" src=\"https:\/\/i0.wp.com\/www.vitellelab.com\/wp-content\/uploads\/2011\/07\/Vitelle_Packaging_61.jpg?resize=800%2C495&#038;ssl=1\" alt=\"Vitelle_Packaging_6\" width=\"800\" height=\"495\" class=\"wp-image-362\" srcset=\"https:\/\/i0.wp.com\/www.vitellelab.com\/wp-content\/uploads\/2011\/07\/Vitelle_Packaging_61.jpg?resize=300%2C186&amp;ssl=1 300w, https:\/\/i0.wp.com\/www.vitellelab.com\/wp-content\/uploads\/2011\/07\/Vitelle_Packaging_61.jpg?resize=768%2C475&amp;ssl=1 768w, https:\/\/i0.wp.com\/www.vitellelab.com\/wp-content\/uploads\/2011\/07\/Vitelle_Packaging_61.jpg?fit=800%2C495&amp;ssl=1 800w\" sizes=\"(max-width: 800px) 100vw, 800px\" \/><\/span><\/li><li class=\"image\"><span class=\"fusion-image-hover-element hover-type-zoomin\"><img data-recalc-dims=\"1\" decoding=\"async\" src=\"https:\/\/i0.wp.com\/www.vitellelab.com\/wp-content\/uploads\/2011\/07\/Vitelle_Packaging_51.jpg?resize=800%2C495&#038;ssl=1\" alt=\"Vitelle_Packaging_5\" width=\"800\" height=\"495\" class=\"wp-image-361\" srcset=\"https:\/\/i0.wp.com\/www.vitellelab.com\/wp-content\/uploads\/2011\/07\/Vitelle_Packaging_51.jpg?resize=300%2C186&amp;ssl=1 300w, https:\/\/i0.wp.com\/www.vitellelab.com\/wp-content\/uploads\/2011\/07\/Vitelle_Packaging_51.jpg?resize=768%2C475&amp;ssl=1 768w, https:\/\/i0.wp.com\/www.vitellelab.com\/wp-content\/uploads\/2011\/07\/Vitelle_Packaging_51.jpg?fit=800%2C495&amp;ssl=1 800w\" sizes=\"(max-width: 800px) 100vw, 800px\" \/><\/span><\/li><li class=\"image\"><span class=\"fusion-image-hover-element hover-type-zoomin\"><img data-recalc-dims=\"1\" decoding=\"async\" src=\"https:\/\/i0.wp.com\/www.vitellelab.com\/wp-content\/uploads\/2011\/07\/Vitelle_Packaging_41.jpg?resize=800%2C495&#038;ssl=1\" alt=\"Vitelle_Packaging_4\" width=\"800\" height=\"495\" class=\"wp-image-360\" srcset=\"https:\/\/i0.wp.com\/www.vitellelab.com\/wp-content\/uploads\/2011\/07\/Vitelle_Packaging_41.jpg?resize=300%2C186&amp;ssl=1 300w, https:\/\/i0.wp.com\/www.vitellelab.com\/wp-content\/uploads\/2011\/07\/Vitelle_Packaging_41.jpg?resize=768%2C475&amp;ssl=1 768w, https:\/\/i0.wp.com\/www.vitellelab.com\/wp-content\/uploads\/2011\/07\/Vitelle_Packaging_41.jpg?fit=800%2C495&amp;ssl=1 800w\" sizes=\"(max-width: 800px) 100vw, 800px\" \/><\/span><\/li><li class=\"image\"><span class=\"fusion-image-hover-element hover-type-zoomin\"><img data-recalc-dims=\"1\" decoding=\"async\" src=\"https:\/\/i0.wp.com\/www.vitellelab.com\/wp-content\/uploads\/2011\/07\/Vitelle_Packaging_3.jpg?resize=800%2C495&#038;ssl=1\" alt=\"Vitelle Packaging\" width=\"800\" height=\"495\" class=\"wp-image-130\" srcset=\"https:\/\/i0.wp.com\/www.vitellelab.com\/wp-content\/uploads\/2011\/07\/Vitelle_Packaging_3.jpg?resize=300%2C186&amp;ssl=1 300w, https:\/\/i0.wp.com\/www.vitellelab.com\/wp-content\/uploads\/2011\/07\/Vitelle_Packaging_3.jpg?resize=768%2C475&amp;ssl=1 768w, https:\/\/i0.wp.com\/www.vitellelab.com\/wp-content\/uploads\/2011\/07\/Vitelle_Packaging_3.jpg?fit=800%2C495&amp;ssl=1 800w\" sizes=\"(max-width: 800px) 100vw, 800px\" \/><\/span><\/li><li class=\"image\"><span class=\"fusion-image-hover-element hover-type-zoomin\"><img data-recalc-dims=\"1\" decoding=\"async\" src=\"https:\/\/i0.wp.com\/www.vitellelab.com\/wp-content\/uploads\/2011\/07\/Vitelle_Packaging_21.jpg?resize=800%2C495&#038;ssl=1\" alt=\"Vitelle_Packaging_2\" width=\"800\" height=\"495\" class=\"wp-image-358\" srcset=\"https:\/\/i0.wp.com\/www.vitellelab.com\/wp-content\/uploads\/2011\/07\/Vitelle_Packaging_21.jpg?resize=300%2C186&amp;ssl=1 300w, https:\/\/i0.wp.com\/www.vitellelab.com\/wp-content\/uploads\/2011\/07\/Vitelle_Packaging_21.jpg?resize=768%2C475&amp;ssl=1 768w, https:\/\/i0.wp.com\/www.vitellelab.com\/wp-content\/uploads\/2011\/07\/Vitelle_Packaging_21.jpg?fit=800%2C495&amp;ssl=1 800w\" sizes=\"(max-width: 800px) 100vw, 800px\" \/><\/span><\/li><li class=\"image\"><span class=\"fusion-image-hover-element hover-type-zoomin\"><img data-recalc-dims=\"1\" decoding=\"async\" src=\"https:\/\/i0.wp.com\/www.vitellelab.com\/wp-content\/uploads\/2011\/07\/Vitelle_Packaging_17.jpg?resize=800%2C495&#038;ssl=1\" alt=\"Vitelle_Packaging_1\" width=\"800\" height=\"495\" class=\"wp-image-357\" srcset=\"https:\/\/i0.wp.com\/www.vitellelab.com\/wp-content\/uploads\/2011\/07\/Vitelle_Packaging_17.jpg?resize=300%2C186&amp;ssl=1 300w, https:\/\/i0.wp.com\/www.vitellelab.com\/wp-content\/uploads\/2011\/07\/Vitelle_Packaging_17.jpg?resize=768%2C475&amp;ssl=1 768w, https:\/\/i0.wp.com\/www.vitellelab.com\/wp-content\/uploads\/2011\/07\/Vitelle_Packaging_17.jpg?fit=800%2C495&amp;ssl=1 800w\" sizes=\"(max-width: 800px) 100vw, 800px\" \/><\/span><\/li><\/ul><\/div><\/div><\/div><div class=\"fusion-clearfix\"><\/div><\/div><\/div><\/div><\/div><\/p>","protected":false},"excerpt":{"rendered":"","protected":false},"author":1,"featured_media":0,"parent":0,"menu_order":0,"comment_status":"closed","ping_status":"closed","template":"100-width.php","meta":{"om_disable_all_campaigns":false,"_monsterinsights_skip_tracking":false,"_monsterinsights_sitenote_active":false,"_monsterinsights_sitenote_note":"","_monsterinsights_sitenote_category":0,"footnotes":""},"class_list":["post-84","page","type-page","status-publish","hentry"],"aioseo_notices":[],"jetpack_shortlink":"https:\/\/wp.me\/P95uaQ-1m","jetpack_sharing_enabled":true,"_links":{"self":[{"href":"https:\/\/www.vitellelab.com\/es\/wp-json\/wp\/v2\/pages\/84"}],"collection":[{"href":"https:\/\/www.vitellelab.com\/es\/wp-json\/wp\/v2\/pages"}],"about":[{"href":"https:\/\/www.vitellelab.com\/es\/wp-json\/wp\/v2\/types\/page"}],"author":[{"embeddable":true,"href":"https:\/\/www.vitellelab.com\/es\/wp-json\/wp\/v2\/users\/1"}],"replies":[{"embeddable":true,"href":"https:\/\/www.vitellelab.com\/es\/wp-json\/wp\/v2\/comments?post=84"}],"version-history":[{"count":0,"href":"https:\/\/www.vitellelab.com\/es\/wp-json\/wp\/v2\/pages\/84\/revisions"}],"wp:attachment":[{"href":"https:\/\/www.vitellelab.com\/es\/wp-json\/wp\/v2\/media?parent=84"}],"curies":[{"name":"wp","href":"https:\/\/api.w.org\/{rel}","templated":true}]}}