{"id":2297,"date":"2017-07-25T22:02:59","date_gmt":"2017-07-25T22:02:59","guid":{"rendered":"http:\/\/dev.vitellelab.com\/?page_id=2297"},"modified":"2023-07-31T10:33:42","modified_gmt":"2023-07-31T17:33:42","slug":"contract-manufacturing","status":"publish","type":"page","link":"https:\/\/www.vitellelab.com\/fr\/contract-manufacturing","title":{"rendered":"FABRICATION CONTRACTUELLE"},"content":{"rendered":"<p><div class=\"fusion-fullwidth fullwidth-box fusion-builder-row-1 nonhundred-percent-fullwidth non-hundred-percent-height-scrolling\" style=\"--awb-background-position:left top;--awb-border-sizes-top:0px;--awb-border-sizes-bottom:0px;--awb-border-sizes-left:0px;--awb-border-sizes-right:0px;--awb-border-color:#3d3d3d;--awb-border-radius-top-left:0px;--awb-border-radius-top-right:0px;--awb-border-radius-bottom-right:0px;--awb-border-radius-bottom-left:0px;--awb-padding-top:0px;--awb-padding-bottom:0px;--awb-background-color:rgba(255,255,255,0.5);--awb-flex-wrap:wrap;\" ><div class=\"fusion-builder-row fusion-row\"><div class=\"fusion-layout-column fusion_builder_column fusion-builder-column-0 fusion_builder_column_1_2 1_2 fusion-one-half fusion-column-first fusion-column-no-min-height\" style=\"--awb-padding-bottom:35px;--awb-bg-size:cover;--awb-margin-bottom:0px;width:48%; margin-right: 4%;\"><div class=\"fusion-column-wrapper fusion-flex-column-wrapper-legacy\"><div class=\"fusion-text fusion-text-1\"><h2 style=\"text-align: left;\"><span style=\"color: #51b9e9;\">LA SCIENCE DE LA BEAUT\u00c9<\/span><\/h2>\n<p>L'art, l'imagination, l'excellence et la passion sont les pierres angulaires de notre m\u00e9thodologie de fabrication et de formulation de produits de soins personnels. Depuis 1997, <strong>Start your journey<\/strong> s'est sp\u00e9cialis\u00e9e dans la cr\u00e9ation et la production de produits de soins pour la peau et le corps de qualit\u00e9 sup\u00e9rieure, en utilisant des ingr\u00e9dients de pointe qui procurent de r\u00e9els avantages \u00e0 l'utilisateur final.<\/p>\n<p>Nous pensons que pour \u00eatre vraiment sp\u00e9cial, un produit doit remplir plus d'une fonction.<\/p>\n<\/div><div class=\"fusion-clearfix\"><\/div><\/div><\/div><div class=\"fusion-layout-column fusion_builder_column fusion-builder-column-1 fusion_builder_column_1_2 1_2 fusion-one-half fusion-column-last fusion-column-no-min-height\" style=\"--awb-padding-top:65px;--awb-bg-size:cover;--awb-margin-bottom:0px;width:48%;\"><div class=\"fusion-column-wrapper fusion-flex-column-wrapper-legacy\"><div class=\"fusion-text fusion-text-2\"><p>En proposant des formulations dynamiques, avec des avantages en cascade, nos clients peuvent commercialiser leurs produits de mani\u00e8re plus efficace. Nous pensons que pour atteindre le plus haut niveau de fonctionnalit\u00e9, il ne faut pas l\u00e9siner sur la qualit\u00e9 et l'efficacit\u00e9, car elles sont toutes deux essentielles pour obtenir un produit fini de qualit\u00e9 sup\u00e9rieure. C'est pourquoi <strong>Vitelle<\/strong> a am\u00e9lior\u00e9 la perception du march\u00e9 quant aux r\u00e9sultats qu'un produit de marque priv\u00e9e peut offrir et a \u00e9tabli une nouvelle norme sur le march\u00e9 des soins de la peau professionnels.<\/p>\n<\/div><div class=\"fusion-clearfix\"><\/div><\/div><\/div><div class=\"fusion-layout-column fusion_builder_column fusion-builder-column-2 fusion_builder_column_1_1 1_1 fusion-one-full fusion-column-first fusion-column-last\" style=\"--awb-bg-image:url(&#039;https:\/\/www.vitellelab.com\/wp-content\/uploads\/2017\/07\/contract-2.jpg&#039;);--awb-bg-size:cover;--awb-border-color:#03a9f4;--awb-border-top:1px;--awb-border-right:1px;--awb-border-bottom:1px;--awb-border-left:1px;--awb-border-style:solid;\"><div class=\"fusion-column-wrapper fusion-column-has-shadow fusion-flex-column-wrapper-legacy fusion-empty-column-bg-image fusion-column-has-bg-image\" data-bg-url=\"https:\/\/www.vitellelab.com\/wp-content\/uploads\/2017\/07\/contract-2.jpg\"><img decoding=\"async\" class=\"fusion-empty-dims-img-placeholder\" src=\"data:image\/svg+xml,%3Csvg%20xmlns%3D%27http%3A%2F%2Fwww.w3.org%2F2000%2Fsvg%27%20width%3D%271400%27%20height%3D%27581%27%20viewBox%3D%270%200%201400%20581%27%3E%3Crect%20width%3D%271400%27%20height%3D%27581%27%20fill-opacity%3D%220%22%2F%3E%3C%2Fsvg%3E\"><div class=\"fusion-clearfix\"><\/div><\/div><\/div><div class=\"fusion-layout-column fusion_builder_column fusion-builder-column-3 fusion_builder_column_1_1 1_1 fusion-one-full fusion-column-first fusion-column-last\" style=\"--awb-padding-top:35px;--awb-bg-size:cover;\"><div class=\"fusion-column-wrapper fusion-flex-column-wrapper-legacy\"><div class=\"fusion-text fusion-text-3\"><h2 class=\"p1\"><span style=\"color: #51b9e9;\">FORMULATIONS PERSONNALIS\u00c9ES<\/span><\/h2>\n<\/div><div class=\"fusion-clearfix\"><\/div><\/div><\/div><div class=\"fusion-layout-column fusion_builder_column fusion-builder-column-4 fusion_builder_column_1_2 1_2 fusion-one-half fusion-column-first fusion-column-no-min-height\" style=\"--awb-bg-size:cover;--awb-margin-bottom:0px;width:48%; margin-right: 4%;\"><div class=\"fusion-column-wrapper fusion-flex-column-wrapper-legacy\"><div class=\"fusion-text fusion-text-4\"><p>our les clients qui recherchent quelque chose qui leur soit propre, nous sommes l\u00e0 pour \u00e9couter vos besoins et vous aider \u00e0 cr\u00e9er une formule vraiment unique. Avec une expertise \u00e0 la fois esth\u00e9tique et scientifique, notre \u00e9quipe d\u00e9di\u00e9e \u00e0 la recherche et au d\u00e9veloppement vous guidera \u00e0 travers un processus de cr\u00e9ation qui vous aidera \u00e0 naviguer dans la pl\u00e9thore de mythes et d'informations erron\u00e9es qui accompagnent souvent le marketing des ingr\u00e9dients de soins de la peau.<\/p>\n<p>Notre objectif est de vous aider \u00e0 cr\u00e9er un produit hautement fonctionnel qui sera bien accueilli sur le plan commercial, tout en pr\u00e9sentant des avantages prouv\u00e9s qui r\u00e9sultent d'une validation scientifique.<\/p>\n<\/div><div class=\"fusion-clearfix\"><\/div><\/div><\/div><div class=\"fusion-layout-column fusion_builder_column fusion-builder-column-5 fusion_builder_column_1_2 1_2 fusion-one-half fusion-column-last fusion-column-no-min-height\" style=\"--awb-bg-size:cover;--awb-margin-bottom:0px;width:48%;\"><div class=\"fusion-column-wrapper fusion-flex-column-wrapper-legacy\"><div class=\"fusion-text fusion-text-5\"><p>Une fois que vous avez approuv\u00e9 votre prototype et que nous avons effectu\u00e9 nos tests de stabilit\u00e9 et de conservation standard, vous pouvez commencer \u00e0 commander votre produit. Les minimums de fabrication sur mesure commencent \u00e0 40 litres pour la plupart des produits, avec un potentiel de mise en lot jusqu'\u00e0 400 litres par s\u00e9rie. Les produits personnalis\u00e9s peuvent \u00eatre achet\u00e9s dans n'importe lequel de nos emballages standard afin que vous puissiez les ajouter \u00e0 des collections de marques priv\u00e9es existantes si vous le souhaitez. Nous pouvons \u00e9galement travailler avec des emballages fournis par le client si vous achetez directement aupr\u00e8s de vos propres fournisseurs.<\/p>\n<p>Nos produits sont fabriqu\u00e9s conform\u00e9ment aux bonnes pratiques de fabrication (GMPC) en r\u00e9f\u00e9rence \u00e0 la norme ISO2217:2007(E) - Cosm\u00e9tiques - Lignes directrices relatives aux bonnes pratiques de fabrication<\/p>\n<\/div><div class=\"fusion-clearfix\"><\/div><\/div><\/div><\/div><\/div><div class=\"fusion-fullwidth fullwidth-box fusion-builder-row-2 nonhundred-percent-fullwidth non-hundred-percent-height-scrolling\" style=\"--awb-background-position:left top;--awb-border-sizes-top:0px;--awb-border-sizes-bottom:0px;--awb-border-sizes-left:0px;--awb-border-sizes-right:0px;--awb-border-color:#3d3d3d;--awb-border-radius-top-left:0px;--awb-border-radius-top-right:0px;--awb-border-radius-bottom-right:0px;--awb-border-radius-bottom-left:0px;--awb-padding-top:0px;--awb-padding-bottom:0px;--awb-background-color:rgba(255,255,255,0.5);--awb-flex-wrap:wrap;\" ><div class=\"fusion-builder-row fusion-row\"><div class=\"fusion-layout-column fusion_builder_column fusion-builder-column-6 fusion_builder_column_1_1 1_1 fusion-one-full fusion-column-first fusion-column-last\" style=\"--awb-bg-size:cover;\"><div class=\"fusion-column-wrapper fusion-flex-column-wrapper-legacy\"><div class=\"fusion-sep-clear\"><\/div><div class=\"fusion-separator fusion-full-width-sep\" style=\"margin-left: auto;margin-right: auto;margin-top:40px;margin-bottom:30px;width:100%;\"><div class=\"fusion-separator-border sep-single sep-dotted\" style=\"--awb-height:20px;--awb-amount:20px;--awb-sep-color:#514848;border-color:#514848;border-top-width:1px;\"><\/div><\/div><div class=\"fusion-sep-clear\"><\/div><div class=\"fusion-text fusion-text-6\"><h2 class=\"p1\"><span style=\"color: #51b9e9;\">L'ASSURANCE QUALIT\u00c9<\/span><\/h2>\n<\/div><div class=\"fusion-clearfix\"><\/div><\/div><\/div><div class=\"fusion-layout-column fusion_builder_column fusion-builder-column-7 fusion_builder_column_1_2 1_2 fusion-one-half fusion-column-first fusion-column-no-min-height\" style=\"--awb-bg-size:cover;--awb-margin-bottom:0px;width:48%; margin-right: 4%;\"><div class=\"fusion-column-wrapper fusion-flex-column-wrapper-legacy\"><div class=\"fusion-text fusion-text-7\"><p>Chaque produit que nous fabriquons est \u00e9tudi\u00e9 et test\u00e9 par notre \u00e9quipe de d\u00e9veloppement avant d'\u00eatre mis en vente. Cette \u00e9quipe est compos\u00e9e d'esth\u00e9ticiennes, de chimistes cosm\u00e9tiques et de consommateurs de soins de la peau. Des tests pratiques et en salle de traitement sont effectu\u00e9s pour affiner les applications domestiques et cliniques de chaque formule. En tant que fabricant sans cruaut\u00e9, nous ne testons que sur des volontaires humains et jamais sur des animaux.<\/p>\n<\/div><div class=\"fusion-text fusion-text-8\"><p><strong>Vitelle<\/strong> s'est engag\u00e9e de longue date \u00e0 mener ses activit\u00e9s dans le respect des normes juridiques et \u00e9thiques les plus strictes. La conformit\u00e9 et le comportement \u00e9thique font partie de nos valeurs fondamentales qui s'appliquent \u00e0 tous les employ\u00e9s et associ\u00e9s et offrent des conseils sp\u00e9cifiques sur les attentes de notre entreprise.<\/p>\n<\/div><div class=\"fusion-clearfix\"><\/div><\/div><\/div><div class=\"fusion-layout-column fusion_builder_column fusion-builder-column-8 fusion_builder_column_1_2 1_2 fusion-one-half fusion-column-last fusion-column-no-min-height\" style=\"--awb-bg-size:cover;--awb-margin-bottom:0px;width:48%;\"><div class=\"fusion-column-wrapper fusion-flex-column-wrapper-legacy\"><div class=\"fusion-text fusion-text-9\"><p>En qu\u00eate d'excellence et de bien-\u00eatre <strong>Vitelle<\/strong> souscrit aux lignes directrices suivantes en mati\u00e8re de pratiques commerciales :<\/p>\n<ul>\n<li>Traitement \u00e9thique des clients ou des fournisseurs<\/li>\n<li>Pas de publicit\u00e9 n\u00e9gative ou trompeuse<\/li>\n<li>Pas de pratiques marchandes ou commerciales d\u00e9loyales<\/li>\n<li class=\"li1\"><span class=\"s2\">Respect des droits fondamentaux des travailleurs<\/span><\/li>\n<li class=\"li1\"><span class=\"s2\">Ne pas ignorer les normes en mati\u00e8re de sant\u00e9, de s\u00e9curit\u00e9 et d'environnement<\/span><\/li>\n<li class=\"li1\"><span class=\"s2\">Pas de tests sur les animaux<\/span><\/li>\n<li class=\"li1\"><span class=\"s2\">N'acheter des mat\u00e9riaux ou des fournitures qu'aupr\u00e8s d'entreprises connues pour leurs pratiques \u00e9thiques en mati\u00e8re d'environnement ou d'emploi.<\/span><\/li>\n<\/ul>\n<\/div><div class=\"fusion-clearfix\"><\/div><\/div><\/div><\/div><\/div><\/p>","protected":false},"excerpt":{"rendered":"","protected":false},"author":1,"featured_media":0,"parent":0,"menu_order":0,"comment_status":"closed","ping_status":"closed","template":"","meta":{"om_disable_all_campaigns":false,"_monsterinsights_skip_tracking":false,"_monsterinsights_sitenote_active":false,"_monsterinsights_sitenote_note":"","_monsterinsights_sitenote_category":0,"footnotes":""},"class_list":["post-2297","page","type-page","status-publish","hentry"],"aioseo_notices":[],"jetpack_shortlink":"https:\/\/wp.me\/P95uaQ-B3","jetpack_sharing_enabled":true,"_links":{"self":[{"href":"https:\/\/www.vitellelab.com\/fr\/wp-json\/wp\/v2\/pages\/2297"}],"collection":[{"href":"https:\/\/www.vitellelab.com\/fr\/wp-json\/wp\/v2\/pages"}],"about":[{"href":"https:\/\/www.vitellelab.com\/fr\/wp-json\/wp\/v2\/types\/page"}],"author":[{"embeddable":true,"href":"https:\/\/www.vitellelab.com\/fr\/wp-json\/wp\/v2\/users\/1"}],"replies":[{"embeddable":true,"href":"https:\/\/www.vitellelab.com\/fr\/wp-json\/wp\/v2\/comments?post=2297"}],"version-history":[{"count":0,"href":"https:\/\/www.vitellelab.com\/fr\/wp-json\/wp\/v2\/pages\/2297\/revisions"}],"wp:attachment":[{"href":"https:\/\/www.vitellelab.com\/fr\/wp-json\/wp\/v2\/media?parent=2297"}],"curies":[{"name":"wp","href":"https:\/\/api.w.org\/{rel}","templated":true}]}}