{"id":2496,"date":"2017-07-28T04:19:31","date_gmt":"2017-07-28T04:19:31","guid":{"rendered":"http:\/\/dev.vitellelab.com\/?page_id=2496"},"modified":"2024-08-08T09:56:54","modified_gmt":"2024-08-08T16:56:54","slug":"extra-services","status":"publish","type":"page","link":"https:\/\/www.vitellelab.com\/fr\/extra-services","title":{"rendered":"SERVICES SUPPL\u00c9MENTAIRES"},"content":{"rendered":"<p><div class=\"fusion-fullwidth fullwidth-box fusion-builder-row-1 nonhundred-percent-fullwidth non-hundred-percent-height-scrolling\" style=\"--awb-background-position:left top;--awb-border-sizes-top:0px;--awb-border-sizes-bottom:0px;--awb-border-sizes-left:0px;--awb-border-sizes-right:0px;--awb-border-color:#3d3d3d;--awb-border-radius-top-left:0px;--awb-border-radius-top-right:0px;--awb-border-radius-bottom-right:0px;--awb-border-radius-bottom-left:0px;--awb-padding-top:30px;--awb-padding-bottom:0px;--awb-background-color:rgba(255,255,255,0.5);--awb-flex-wrap:wrap;\" ><div class=\"fusion-builder-row fusion-row\"><div class=\"fusion-layout-column fusion_builder_column fusion-builder-column-0 fusion_builder_column_2_3 2_3 fusion-two-third fusion-column-first fusion-column-no-min-height\" style=\"--awb-bg-size:cover;--awb-margin-bottom:0px;width:65.3333%; margin-right: 4%;\"><div class=\"fusion-column-wrapper fusion-flex-column-wrapper-legacy\"><div class=\"fusion-text fusion-text-1\"><h2 class=\"p1\"><span style=\"color: #51b9e9;\">AU-DEL\u00c0 DE L'ORDINAIRE<\/span><\/h2>\n<p>Il ne suffit pas d'avoir des produits et des emballages de qualit\u00e9 pour introduire et r\u00e9ussir \u00e0 vendre des produits de soin de la peau. Vous devez travailler avec des entreprises qui fournissent des services, une assistance et des produits qui permettent \u00e0 votre marque de se d\u00e9velopper selon la vision que vous avez d'elle.<\/p>\n<p>Nous croyons au d\u00e9veloppement d'une relation avec nos clients, afin d'en savoir plus sur votre activit\u00e9 et sur la mani\u00e8re dont nous pouvons servir au mieux vos int\u00e9r\u00eats. Que vous envisagiez un programme cl\u00e9 en main ou une s\u00e9lection de produits \u00e0 la carte, nous pouvons vous aider \u00e0 trouver des fournisseurs qui ont fait leurs preuves aupr\u00e8s des marques de soins de la peau et qui r\u00e9pondent aux besoins particuliers de ce type d'entreprise.<\/p>\n<\/div><div class=\"fusion-clearfix\"><\/div><\/div><\/div><div class=\"fusion-layout-column fusion_builder_column fusion-builder-column-1 fusion_builder_column_1_3 1_3 fusion-one-third fusion-column-last fusion-column-no-min-height\" style=\"--awb-padding-top:62px;--awb-bg-size:cover;width:30.6666%;\"><div class=\"fusion-column-wrapper fusion-flex-column-wrapper-legacy\"><div class=\"fusion-text fusion-text-2\"><p>Voici comment nous pouvons vous aider:<\/p>\n<ul>\n<li>Gestion des projets<\/li>\n<li>Conception graphique<\/li>\n<li>Exp\u00e9dition<\/li>\n<li>Connaissance des produits<\/li>\n<\/ul>\n<\/div><div class=\"fusion-clearfix\"><\/div><\/div><\/div><\/div><\/div><div class=\"fusion-fullwidth fullwidth-box fusion-builder-row-2 nonhundred-percent-fullwidth non-hundred-percent-height-scrolling\" style=\"--awb-border-radius-top-left:0px;--awb-border-radius-top-right:0px;--awb-border-radius-bottom-right:0px;--awb-border-radius-bottom-left:0px;--awb-flex-wrap:wrap;\" ><div class=\"fusion-builder-row fusion-row\"><div class=\"fusion-layout-column fusion_builder_column fusion-builder-column-2 fusion_builder_column_1_1 1_1 fusion-one-full fusion-column-first fusion-column-last\" style=\"--awb-padding-top:30px;--awb-padding-bottom:30px;--awb-bg-size:cover;\"><div class=\"fusion-column-wrapper fusion-flex-column-wrapper-legacy\"><div class=\"fusion-clearfix\"><\/div><\/div><\/div><\/div><\/div><div class=\"fusion-fullwidth fullwidth-box fusion-builder-row-3 nonhundred-percent-fullwidth non-hundred-percent-height-scrolling fusion-equal-height-columns\" style=\"--awb-border-sizes-top:0px;--awb-border-sizes-bottom:0px;--awb-border-sizes-left:0px;--awb-border-sizes-right:0px;--awb-border-style:dotted;--awb-border-radius-top-left:0px;--awb-border-radius-top-right:0px;--awb-border-radius-bottom-right:0px;--awb-border-radius-bottom-left:0px;--awb-padding-right:0px;--awb-padding-left:0px;--awb-flex-wrap:wrap;\" ><div class=\"fusion-builder-row fusion-row\"><div class=\"fusion-layout-column fusion_builder_column fusion-builder-column-3 fusion_builder_column_1_1 1_1 fusion-one-full fusion-column-first fusion-column-last\" style=\"--awb-bg-size:cover;\"><div class=\"fusion-column-wrapper fusion-flex-column-wrapper-legacy\"><div class=\"fusion-content-boxes content-boxes columns row fusion-columns-2 fusion-columns-total-2 fusion-content-boxes-1 content-boxes-icon-with-title content-left\" style=\"--awb-backgroundcolor:#f4f4f4;--awb-hover-accent-color:#1a80b6;--awb-circle-hover-accent-color:#1a80b6;\" data-animationoffset=\"top-into-view\"><div style=\"--awb-backgroundcolor:#f4f4f4;\" class=\"fusion-column content-box-column content-box-column content-box-column-1 col-lg-6 col-md-6 col-sm-6 fusion-content-box-hover content-box-column-first-in-row\"><div class=\"col content-box-wrapper content-wrapper-background link-area-link-icon icon-hover-animation-fade fusion-animated\" data-animationtype=\"slideInLeft\" data-animationduration=\"0.4\" data-animationoffset=\"top-into-view\"><div class=\"heading heading-with-icon icon-left\"><div class=\"icon\"><i style=\"border-color:#7c7c7c;border-width:1px;background-color:#606060;box-sizing:content-box;height:80px;width:80px;line-height:80px;border-radius:50%;font-size:40px;\" aria-hidden=\"true\" class=\"fontawesome-icon fa fa-cubes circle-yes\"><\/i><\/div><h2 class=\"content-box-heading\" style=\"--h2_typography-font-size:18px;line-height:23px;\">Gestion des projets<\/h2><\/div><div class=\"fusion-clearfix\"><\/div><div class=\"content-container\">\n<p style=\"text-align: left;\">When looking for a manufacturing partner it is recommended you work with someone with many years\u2019 experience coordinating and executing all aspects of product fulfillment. With almost 20 years&#8217; experience, Vitelle offers a complete supply chain solution. We work with companies who are new to skin care sales as well as large national brands.<\/p>\n<\/div><\/div><\/div><div style=\"--awb-backgroundcolor:#f4f4f4;\" class=\"fusion-column content-box-column content-box-column content-box-column-2 col-lg-6 col-md-6 col-sm-6 fusion-content-box-hover content-box-column-last content-box-column-last-in-row\"><div class=\"col content-box-wrapper content-wrapper-background link-area-link-icon icon-hover-animation-fade fusion-animated\" data-animationtype=\"fadeIn\" data-animationduration=\"0.3\" data-animationoffset=\"top-into-view\"><div class=\"heading heading-with-icon icon-left\"><div class=\"icon\"><i style=\"border-color:#7c7c7c;border-width:1px;background-color:#606060;box-sizing:content-box;height:80px;width:80px;line-height:80px;border-radius:50%;font-size:40px;\" aria-hidden=\"true\" class=\"fontawesome-icon fa fa-paint-brush circle-yes\"><\/i><\/div><h2 class=\"content-box-heading\" style=\"--h2_typography-font-size:18px;line-height:23px;\">DES RESSOURCES EN MATI\u00c8RE DE GRAPHISME ET DE MAT\u00c9RIAUX<\/h2><\/div><div class=\"fusion-clearfix\"><\/div><div class=\"content-container\">\n<p style=\"text-align: left;\">Nous voulons vous aider \u00e0 cr\u00e9er une image de marque attrayante et convaincante qui capte l'imagination de vos clients. Nos fournisseurs de r\u00e9f\u00e9rence de confiance offrent des prix comp\u00e9titifs et une impression de haute qualit\u00e9 sur des bo\u00eetes personnalis\u00e9es, des supports d'impression et du mat\u00e9riel promotionnel qui peuvent rehausser votre marque et faire passer vos ventes de produits \u00e0 un niveau sup\u00e9rieur.<\/p>\n<\/div><\/div><\/div><div class=\"fusion-clearfix\"><\/div><\/div><div class=\"fusion-content-boxes content-boxes columns row fusion-columns-2 fusion-columns-total-2 fusion-content-boxes-2 content-boxes-icon-with-title content-left\" style=\"--awb-backgroundcolor:#f4f4f4;--awb-hover-accent-color:#1a80b6;--awb-circle-hover-accent-color:#1a80b6;\" data-animationoffset=\"top-into-view\"><div style=\"--awb-backgroundcolor:#f4f4f4;\" class=\"fusion-column content-box-column content-box-column content-box-column-1 col-lg-6 col-md-6 col-sm-6 fusion-content-box-hover content-box-column-first-in-row\"><div class=\"col content-box-wrapper content-wrapper-background link-area-link-icon icon-hover-animation-fade\" data-animationoffset=\"top-into-view\"><div class=\"heading heading-with-icon icon-left\"><div class=\"icon\"><i style=\"border-color:#7c7c7c;border-width:1px;background-color:#898989;box-sizing:content-box;height:80px;width:80px;line-height:80px;border-radius:50%;font-size:40px;\" aria-hidden=\"true\" class=\"fontawesome-icon fa-truck fas circle-yes\"><\/i><\/div><h2 class=\"content-box-heading\" style=\"--h2_typography-font-size:18px;line-height:23px;\">EXP\u00c9DITION, LOGISTIQUE ET COURTAGE<\/h2><\/div><div class=\"fusion-clearfix\"><\/div><div class=\"content-container\">\n<p>Shipping and storage of skin care requires special attention to ensure products remain in good condition. We recommend climate-controlled warehousing and shipping to protect active ingredients and support optimal shelf life. We offer assistance with domestic and international shipping and with paperwork required for import and export.<\/p>\n<\/div><\/div><\/div><div style=\"--awb-backgroundcolor:#f4f4f4;\" class=\"fusion-column content-box-column content-box-column content-box-column-2 col-lg-6 col-md-6 col-sm-6 fusion-content-box-hover content-box-column-last content-box-column-last-in-row\"><div class=\"col content-box-wrapper content-wrapper-background link-area-link-icon icon-hover-animation-fade\" data-animationoffset=\"top-into-view\"><div class=\"heading heading-with-icon icon-left\"><div class=\"icon\"><i style=\"border-color:#7c7c7c;border-width:1px;background-color:#606060;box-sizing:content-box;height:80px;width:80px;line-height:80px;border-radius:50%;font-size:40px;\" aria-hidden=\"true\" class=\"fontawesome-icon fa fa-clipboard circle-yes\"><\/i><\/div><h2 class=\"content-box-heading\" style=\"--h2_typography-font-size:18px;line-height:23px;\">CONNAISSANCE DES PRODUITS ET FORMATION<\/h2><\/div><div class=\"fusion-clearfix\"><\/div><div class=\"content-container\">\n<p style=\"text-align: left;\">Comprendre et conna\u00eetre les produits que vous vendez est essentiel pour les professionnels des soins de la peau. Nous savons que votre temps est pr\u00e9cieux et que vous devez tirer le meilleur parti de vos sessions de formation. C'est pourquoi nous proposons une vari\u00e9t\u00e9 de modalit\u00e9s de formation personnalis\u00e9es, adapt\u00e9es sp\u00e9cifiquement \u00e0 votre activit\u00e9 et \u00e0 votre disponibilit\u00e9.<\/p>\n<\/div><\/div><\/div><div class=\"fusion-clearfix\"><\/div><\/div><div class=\"fusion-clearfix\"><\/div><\/div><\/div><\/div><\/div><\/p>","protected":false},"excerpt":{"rendered":"","protected":false},"author":2,"featured_media":0,"parent":0,"menu_order":0,"comment_status":"closed","ping_status":"closed","template":"","meta":{"om_disable_all_campaigns":false,"_monsterinsights_skip_tracking":false,"_monsterinsights_sitenote_active":false,"_monsterinsights_sitenote_note":"","_monsterinsights_sitenote_category":0,"footnotes":""},"class_list":["post-2496","page","type-page","status-publish","hentry"],"aioseo_notices":[],"jetpack_shortlink":"https:\/\/wp.me\/P95uaQ-Eg","jetpack_sharing_enabled":true,"_links":{"self":[{"href":"https:\/\/www.vitellelab.com\/fr\/wp-json\/wp\/v2\/pages\/2496"}],"collection":[{"href":"https:\/\/www.vitellelab.com\/fr\/wp-json\/wp\/v2\/pages"}],"about":[{"href":"https:\/\/www.vitellelab.com\/fr\/wp-json\/wp\/v2\/types\/page"}],"author":[{"embeddable":true,"href":"https:\/\/www.vitellelab.com\/fr\/wp-json\/wp\/v2\/users\/2"}],"replies":[{"embeddable":true,"href":"https:\/\/www.vitellelab.com\/fr\/wp-json\/wp\/v2\/comments?post=2496"}],"version-history":[{"count":0,"href":"https:\/\/www.vitellelab.com\/fr\/wp-json\/wp\/v2\/pages\/2496\/revisions"}],"wp:attachment":[{"href":"https:\/\/www.vitellelab.com\/fr\/wp-json\/wp\/v2\/media?parent=2496"}],"curies":[{"name":"wp","href":"https:\/\/api.w.org\/{rel}","templated":true}]}}