{"id":3402,"date":"2020-01-13T14:48:14","date_gmt":"2020-01-13T22:48:14","guid":{"rendered":"https:\/\/www.vitellelab.com\/?page_id=3402"},"modified":"2023-07-24T16:01:59","modified_gmt":"2023-07-24T23:01:59","slug":"eu-ready-private-label","status":"publish","type":"page","link":"https:\/\/www.vitellelab.com\/fr\/eu-ready-private-label","title":{"rendered":"LABEL PRIV\u00c9 PR\u00caT POUR L'UE"},"content":{"rendered":"<p><div class=\"fusion-fullwidth fullwidth-box fusion-builder-row-1 nonhundred-percent-fullwidth non-hundred-percent-height-scrolling\" style=\"--awb-border-radius-top-left:0px;--awb-border-radius-top-right:0px;--awb-border-radius-bottom-right:0px;--awb-border-radius-bottom-left:0px;--awb-flex-wrap:wrap;\" ><div class=\"fusion-builder-row fusion-row\"><div class=\"fusion-layout-column fusion_builder_column fusion-builder-column-0 fusion_builder_column_1_2 1_2 fusion-one-half fusion-column-first\" style=\"--awb-bg-size:cover;width:50%;width:calc(50% - ( ( 4% ) * 0.5 ) );margin-right: 4%;\"><div class=\"fusion-column-wrapper fusion-flex-column-wrapper-legacy\"><div class=\"fusion-text fusion-text-1\"><p>La demande de marques de distributeur a connu une augmentation constante au niveau mondial et atteint actuellement un niveau record en Europe. Dans 17 pays europ\u00e9ens, la part de march\u00e9 des marques de distributeurs est de 30 % ou plus.<\/p>\n<p>En r\u00e9ponse au nombre record d'entreprises nouvelles et existantes qui investissent dans leurs propres programmes de marques de distributeur pour contrer la concurrence du commerce en ligne et de l'e-commerce, <strong>Vitelle<\/strong> offers EU ready skin care that opens the door to custom branding for Doctors and Medical Spa Practices.<\/p>\n<p>Avec plus de 20 ans d'exp\u00e9rience dans la formulation et la fabrication pour un groupe diversifi\u00e9 de marques professionnelles, <strong>Vitelle<\/strong> lance sur le march\u00e9 INCEPTION MD. Cette collection offre une gamme compl\u00e8te de produits destin\u00e9s aux patients qui se rendent dans les cabinets m\u00e9dicaux. INCEPTION MD contient des valeurs de charge puissantes de peptides, de vitamines et d'ingr\u00e9dients de conditionnement cutan\u00e9 avanc\u00e9s qui optimisent la sant\u00e9 et l'\u00e9clat de la peau.<\/p>\n<\/div><div class=\"fusion-clearfix\"><\/div><\/div><\/div><div class=\"fusion-layout-column fusion_builder_column fusion-builder-column-1 fusion_builder_column_1_2 1_2 fusion-one-half fusion-column-last\" style=\"--awb-bg-size:cover;width:50%;width:calc(50% - ( ( 4% ) * 0.5 ) );\"><div class=\"fusion-column-wrapper fusion-flex-column-wrapper-legacy\"><div class=\"fusion-text fusion-text-2\"><p>En tant que <strong>Start your journey<\/strong> Client de marque priv\u00e9e achetant INCEPTION MD dans l'Union europ\u00e9enne, votre programme de d\u00e9marrage cl\u00e9 en main comprendra l'enregistrement et la notification du produit entrepris par notre \u00e9quipe interne de chimistes formulateurs. L'enregistrement, les tests et les \u00e9valuations de s\u00e9curit\u00e9 typiquement co\u00fbteux qui sont n\u00e9cessaires et souvent \u00e9crasants pour les petits cabinets ont d\u00e9j\u00e0 \u00e9t\u00e9 effectu\u00e9s. Nous collaborons \u00e0 chaque \u00e9tape de votre d\u00e9marrage afin que votre nouvelle collection de marque puisse \u00eatre vendue l\u00e9galement dans votre pays d'origine.<\/p>\n<p>Nos graphistes personnalisent enti\u00e8rement vos \u00e9tiquettes de produits afin que vous puissiez lancer un concept marketing unique. Notre processus d'impression interne en petits tirages ouvre la voie \u00e0 une grande souplesse de contenu, ce qui est particuli\u00e8rement souhaitable pour les entreprises qui ont besoin d'un contenu multilingue.<\/p>\n<p>Nous avons aid\u00e9 des centaines de clients \u00e0 lancer et \u00e0 d\u00e9velopper des marques professionnelles. Notre expertise en mati\u00e8re de formulation et de marketing des soins de la peau est une tr\u00e8s bonne raison de faire le premier pas.\u00a0 <strong>Vitelle<\/strong> est connu pour ses formulations de source naturelle d'une qualit\u00e9 exceptionnelle, renforc\u00e9es de mani\u00e8re synergique par des concentrations intensives de produits cosm\u00e9ceutiques.<\/p>\n<\/div><div class=\"fusion-clearfix\"><\/div><\/div><\/div><\/div><\/div><div class=\"fusion-fullwidth fullwidth-box fusion-builder-row-2 nonhundred-percent-fullwidth non-hundred-percent-height-scrolling\" style=\"--awb-border-radius-top-left:0px;--awb-border-radius-top-right:0px;--awb-border-radius-bottom-right:0px;--awb-border-radius-bottom-left:0px;--awb-flex-wrap:wrap;\" ><div class=\"fusion-builder-row fusion-row\"><div class=\"fusion-layout-column fusion_builder_column fusion-builder-column-2 fusion_builder_column_1_1 1_1 fusion-one-full fusion-column-first fusion-column-last\" style=\"--awb-bg-image:url(&#039;https:\/\/www.vitellelab.com\/wp-content\/uploads\/2020\/01\/EU-Ready-Private-Label_2-2.png&#039;);--awb-bg-size:cover;--awb-border-color:#008af4;--awb-border-top:1px;--awb-border-right:1px;--awb-border-bottom:1px;--awb-border-left:1px;--awb-border-style:solid;\"><div class=\"fusion-column-wrapper fusion-flex-column-wrapper-legacy fusion-empty-column-bg-image fusion-column-has-bg-image\" data-bg-url=\"https:\/\/www.vitellelab.com\/wp-content\/uploads\/2020\/01\/EU-Ready-Private-Label_2-2.png\"><img decoding=\"async\" class=\"fusion-empty-dims-img-placeholder\" src=\"data:image\/svg+xml,%3Csvg%20xmlns%3D%27http%3A%2F%2Fwww.w3.org%2F2000%2Fsvg%27%20width%3D%27813%27%20height%3D%27380%27%20viewBox%3D%270%200%20813%20380%27%3E%3Crect%20width%3D%27813%27%20height%3D%27380%27%20fill-opacity%3D%220%22%2F%3E%3C%2Fsvg%3E\"><div class=\"fusion-clearfix\"><\/div><\/div><\/div><\/div><\/div><\/p>","protected":false},"excerpt":{"rendered":"","protected":false},"author":1,"featured_media":0,"parent":0,"menu_order":0,"comment_status":"closed","ping_status":"closed","template":"","meta":{"om_disable_all_campaigns":false,"_monsterinsights_skip_tracking":false,"_monsterinsights_sitenote_active":false,"_monsterinsights_sitenote_note":"","_monsterinsights_sitenote_category":0,"footnotes":""},"class_list":["post-3402","page","type-page","status-publish","hentry"],"aioseo_notices":[],"jetpack_shortlink":"https:\/\/wp.me\/P95uaQ-SS","jetpack_sharing_enabled":true,"_links":{"self":[{"href":"https:\/\/www.vitellelab.com\/fr\/wp-json\/wp\/v2\/pages\/3402"}],"collection":[{"href":"https:\/\/www.vitellelab.com\/fr\/wp-json\/wp\/v2\/pages"}],"about":[{"href":"https:\/\/www.vitellelab.com\/fr\/wp-json\/wp\/v2\/types\/page"}],"author":[{"embeddable":true,"href":"https:\/\/www.vitellelab.com\/fr\/wp-json\/wp\/v2\/users\/1"}],"replies":[{"embeddable":true,"href":"https:\/\/www.vitellelab.com\/fr\/wp-json\/wp\/v2\/comments?post=3402"}],"version-history":[{"count":0,"href":"https:\/\/www.vitellelab.com\/fr\/wp-json\/wp\/v2\/pages\/3402\/revisions"}],"wp:attachment":[{"href":"https:\/\/www.vitellelab.com\/fr\/wp-json\/wp\/v2\/media?parent=3402"}],"curies":[{"name":"wp","href":"https:\/\/api.w.org\/{rel}","templated":true}]}}