{"id":540,"date":"2011-09-05T23:48:18","date_gmt":"2011-09-06T06:48:18","guid":{"rendered":"http:\/\/www.VitelleLab.com\/?page_id=540"},"modified":"2024-09-17T14:28:07","modified_gmt":"2024-09-17T21:28:07","slug":"natural-organic","status":"publish","type":"page","link":"https:\/\/www.vitellelab.com\/fr\/natural-organic","title":{"rendered":"NATUREL ET ORGANIQUE"},"content":{"rendered":"<p><div class=\"fusion-fullwidth fullwidth-box fusion-builder-row-1 nonhundred-percent-fullwidth non-hundred-percent-height-scrolling\" style=\"--awb-background-position:left top;--awb-border-sizes-top:0px;--awb-border-sizes-bottom:0px;--awb-border-sizes-left:0px;--awb-border-sizes-right:0px;--awb-border-color:#3d3d3d;--awb-border-radius-top-left:0px;--awb-border-radius-top-right:0px;--awb-border-radius-bottom-right:0px;--awb-border-radius-bottom-left:0px;--awb-padding-top:0px;--awb-padding-bottom:0px;--awb-background-color:rgba(255,255,255,0.5);--awb-flex-wrap:wrap;\" ><div class=\"fusion-builder-row fusion-row\"><div class=\"fusion-layout-column fusion_builder_column fusion-builder-column-0 fusion_builder_column_1_1 1_1 fusion-one-full fusion-column-first fusion-column-last\" style=\"--awb-bg-size:cover;\"><div class=\"fusion-column-wrapper fusion-flex-column-wrapper-legacy\"><div class=\"fusion-text fusion-text-1\"><h2 class=\"p1\" style=\"text-align: left;\"><span style=\"color: #51b9e9;\">COLLECTION RAINFOREST<\/span><\/h2>\n<\/div><div class=\"fusion-clearfix\"><\/div><\/div><\/div><div class=\"fusion-layout-column fusion_builder_column fusion-builder-column-1 fusion_builder_column_1_2 1_2 fusion-one-half fusion-column-first fusion-column-no-min-height\" style=\"--awb-bg-size:cover;--awb-margin-bottom:0px;width:48%; margin-right: 4%;\"><div class=\"fusion-column-wrapper fusion-flex-column-wrapper-legacy\"><div class=\"fusion-text fusion-text-2\"><p>Les clients soucieux de l'environnement recherchent des produits de soins holistiques qui correspondent \u00e0 leur mode de vie \u00e9cologique. Vitelle est \u00e0 la pointe de la recherche et du d\u00e9veloppement en mati\u00e8re de soins de la peau naturels et a r\u00e9volutionn\u00e9 le march\u00e9 des marques de distributeurs professionnelles avec l'introduction de sa collection Naturals de produits de soins de la peau et du corps \u00e9co-sensibles et v\u00e9g\u00e9taliens.<\/p>\n<p>En proposant votre propre ligne de soins naturels pour la peau et le corps, vous ouvrez la porte \u00e0 ce march\u00e9 tr\u00e8s lucratif qui a connu une croissance significative au cours des dix derni\u00e8res ann\u00e9es.<\/p>\n<\/div><div class=\"fusion-sep-clear\"><\/div><div class=\"fusion-separator fusion-full-width-sep\" style=\"margin-left: auto;margin-right: auto;margin-bottom:20px;width:100%;\"><\/div><div class=\"fusion-sep-clear\"><\/div><div class=\"fusion-clearfix\"><\/div><\/div><\/div><div class=\"fusion-layout-column fusion_builder_column fusion-builder-column-2 fusion_builder_column_1_2 1_2 fusion-one-half fusion-column-last fusion-column-no-min-height\" style=\"--awb-bg-size:cover;--awb-margin-bottom:0px;width:48%;\"><div class=\"fusion-column-wrapper fusion-flex-column-wrapper-legacy\"><div class=\"fusion-text fusion-text-3\"><p>This exquisite collection uses the latest natural skincare technology and offers a preference for naturally-derived earth-friendly emulsifiers, surfactants, butters, oils and mineral-derived colors.<\/p>\n<p>Naturals est une collection vibrante aux senteurs et textures exotiques qui s\u00e9duira les acheteurs les plus exigeants. Elle est exempte de parab\u00e8ne et de cruaut\u00e9 et est fabriqu\u00e9e selon des pratiques de fabrication propres et respectueuses de l'environnement.<\/p>\n<\/div><div class=\"fusion-clearfix\"><\/div><\/div><\/div><div class=\"fusion-layout-column fusion_builder_column fusion-builder-column-3 fusion_builder_column_1_1 1_1 fusion-one-full fusion-column-first fusion-column-last fusion-column-no-min-height\" style=\"--awb-bg-size:cover;--awb-margin-bottom:0px;\"><div class=\"fusion-column-wrapper fusion-flex-column-wrapper-legacy\"><div class=\"fusion-text fusion-text-4\"><h2 class=\"p1\" style=\"text-align: left;\"><span style=\"color: #51b9e9;\">A FULL RANGE OF SKINCARE<\/span><\/h2>\n<\/div><div class=\"fusion-clearfix\"><\/div><\/div><\/div><div class=\"fusion-layout-column fusion_builder_column fusion-builder-column-4 fusion_builder_column_1_2 1_2 fusion-one-half fusion-column-first fusion-column-no-min-height\" style=\"--awb-bg-size:cover;--awb-margin-bottom:0px;width:48%; margin-right: 4%;\"><div class=\"fusion-column-wrapper fusion-flex-column-wrapper-legacy\"><div class=\"fusion-text fusion-text-5\"><ul>\n<li>Types de peau trait\u00e9s dans cette collection : Normale \/ All\u00e9g\u00e9e ; Grasse \/ Mixte ; Mature \/ Anti-\u00e2ge ; Sensible \/ S\u00e8che ; Ultra-sensible ; Peau stress\u00e9e par l'environnement et d\u00e9fense contre la pollution<\/li>\n<\/ul>\n<\/div><div class=\"fusion-sep-clear\"><\/div><div class=\"fusion-separator fusion-full-width-sep\" style=\"margin-left: auto;margin-right: auto;margin-bottom:20px;width:100%;\"><\/div><div class=\"fusion-sep-clear\"><\/div><div class=\"fusion-clearfix\"><\/div><\/div><\/div><div class=\"fusion-layout-column fusion_builder_column fusion-builder-column-5 fusion_builder_column_1_2 1_2 fusion-one-half fusion-column-last fusion-column-no-min-height\" style=\"--awb-bg-size:cover;--awb-margin-bottom:0px;width:48%;\"><div class=\"fusion-column-wrapper fusion-flex-column-wrapper-legacy\"><div class=\"fusion-text fusion-text-6\"><ul>\n<li>Naturels pour hommes : Une collection boutique qui propose des produits de soins pour la peau normale \u00e0 s\u00e8che et normale \u00e0 grasse.<\/li>\n<li>Shaving Collection: Features Pre-Shave, Shave and Post-Shave Products<\/li>\n<\/ul>\n<\/div><div class=\"fusion-clearfix\"><\/div><\/div><\/div><div class=\"fusion-layout-column fusion_builder_column fusion-builder-column-6 fusion_builder_column_1_2 1_2 fusion-one-half fusion-column-first\" style=\"--awb-padding-top:25px;--awb-padding-bottom:0px;--awb-bg-size:cover;width:50%;width:calc(50% - ( ( 4% ) * 0.5 ) );margin-right: 4%;\"><div class=\"fusion-column-wrapper fusion-flex-column-wrapper-legacy\"><div class=\"fusion-image-element in-legacy-container\" style=\"--awb-caption-title-font-family:var(--h2_typography-font-family);--awb-caption-title-font-weight:var(--h2_typography-font-weight);--awb-caption-title-font-style:var(--h2_typography-font-style);--awb-caption-title-size:var(--h2_typography-font-size);--awb-caption-title-transform:var(--h2_typography-text-transform);--awb-caption-title-line-height:var(--h2_typography-line-height);--awb-caption-title-letter-spacing:var(--h2_typography-letter-spacing);\"><span class=\"fusion-imageframe imageframe-none imageframe-1 hover-type-none\"><img data-recalc-dims=\"1\" decoding=\"async\" width=\"1024\" height=\"724\" alt=\"Vitelle Rainforest\" title=\"Vitelle Rainforest\" src=\"https:\/\/i0.wp.com\/vitellelab.com\/wp-content\/uploads\/2011\/09\/Rainforest-1024x724.jpg?resize=1024%2C724&#038;ssl=1\" class=\"img-responsive wp-image-2990\" srcset=\"https:\/\/i0.wp.com\/www.vitellelab.com\/wp-content\/uploads\/2011\/09\/Rainforest.jpg?resize=200%2C141&amp;ssl=1 200w, https:\/\/i0.wp.com\/www.vitellelab.com\/wp-content\/uploads\/2011\/09\/Rainforest.jpg?resize=300%2C212&amp;ssl=1 300w, https:\/\/i0.wp.com\/www.vitellelab.com\/wp-content\/uploads\/2011\/09\/Rainforest.jpg?resize=400%2C283&amp;ssl=1 400w, https:\/\/i0.wp.com\/www.vitellelab.com\/wp-content\/uploads\/2011\/09\/Rainforest.jpg?resize=600%2C424&amp;ssl=1 600w, https:\/\/i0.wp.com\/www.vitellelab.com\/wp-content\/uploads\/2011\/09\/Rainforest.jpg?resize=768%2C543&amp;ssl=1 768w, https:\/\/i0.wp.com\/www.vitellelab.com\/wp-content\/uploads\/2011\/09\/Rainforest.jpg?resize=800%2C565&amp;ssl=1 800w, https:\/\/i0.wp.com\/www.vitellelab.com\/wp-content\/uploads\/2011\/09\/Rainforest.jpg?resize=1024%2C724&amp;ssl=1 1024w, https:\/\/i0.wp.com\/www.vitellelab.com\/wp-content\/uploads\/2011\/09\/Rainforest.jpg?resize=1200%2C848&amp;ssl=1 1200w, https:\/\/i0.wp.com\/www.vitellelab.com\/wp-content\/uploads\/2011\/09\/Rainforest.jpg?fit=1698%2C1200&amp;ssl=1 1698w\" sizes=\"(max-width: 800px) 100vw, 600px\" \/><\/span><\/div><div class=\"fusion-clearfix\"><\/div><\/div><\/div><div class=\"fusion-layout-column fusion_builder_column fusion-builder-column-7 fusion_builder_column_1_2 1_2 fusion-one-half fusion-column-last\" style=\"--awb-bg-size:cover;width:50%;width:calc(50% - ( ( 4% ) * 0.5 ) );\"><div class=\"fusion-column-wrapper fusion-flex-column-wrapper-legacy\"><div class=\"fusion-text fusion-text-7\"><h3><strong>Caract\u00e9ristiques de la collection Rainforest :<\/strong><\/h3>\n<p><i class=\"fb-icon-element-1 fb-icon-element fontawesome-icon fa fa-leaf circle-yes fusion-text-flow\" style=\"--awb-circlecolor:rgba(92,168,62,0.89);--awb-circlecolor-hover:rgba(92,168,62,0.89);--awb-circlebordercolor:#686868;--awb-circlebordercolor-hover:#686868;--awb-circlebordersize:1px;--awb-font-size:28.16px;--awb-width:56.32px;--awb-height:56.32px;--awb-line-height:54.32px;--awb-margin-right:16px;\"><\/i>Botanical Extracts derived in-house by steam distillation<\/p>\n<p><i class=\"fb-icon-element-2 fb-icon-element fontawesome-icon fa fa-leaf circle-yes fusion-text-flow\" style=\"--awb-circlecolor:rgba(92,168,62,0.89);--awb-circlecolor-hover:rgba(92,168,62,0.89);--awb-circlebordercolor:#686868;--awb-circlebordercolor-hover:#686868;--awb-circlebordersize:1px;--awb-font-size:28.16px;--awb-width:56.32px;--awb-height:56.32px;--awb-line-height:54.32px;--awb-margin-right:16px;\"><\/i>Plant derived Oils and Butters<\/p>\n<p><i class=\"fb-icon-element-3 fb-icon-element fontawesome-icon fa fa-leaf circle-yes fusion-text-flow\" style=\"--awb-circlecolor:rgba(92,168,62,0.89);--awb-circlecolor-hover:rgba(92,168,62,0.89);--awb-circlebordercolor:#686868;--awb-circlebordercolor-hover:#686868;--awb-circlebordersize:1px;--awb-font-size:28.16px;--awb-width:56.32px;--awb-height:56.32px;--awb-line-height:54.32px;--awb-margin-right:16px;\"><\/i>Vegan and Paraben free<\/p>\n<p><i class=\"fb-icon-element-4 fb-icon-element fontawesome-icon fa fa-leaf circle-yes fusion-text-flow\" style=\"--awb-circlecolor:rgba(92,168,62,0.89);--awb-circlecolor-hover:rgba(92,168,62,0.89);--awb-circlebordercolor:#686868;--awb-circlebordercolor-hover:#686868;--awb-circlebordersize:1px;--awb-font-size:28.16px;--awb-width:56.32px;--awb-height:56.32px;--awb-line-height:54.32px;--awb-margin-right:16px;\"><\/i>Small batch manufacturing<\/p>\n<p><i class=\"fb-icon-element-5 fb-icon-element fontawesome-icon fa fa-leaf circle-yes fusion-text-flow\" style=\"--awb-circlecolor:rgba(92,168,62,0.89);--awb-circlecolor-hover:rgba(92,168,62,0.89);--awb-circlebordercolor:#686868;--awb-circlebordercolor-hover:#686868;--awb-circlebordersize:1px;--awb-font-size:28.16px;--awb-width:56.32px;--awb-height:56.32px;--awb-line-height:54.32px;--awb-margin-right:16px;\"><\/i>Source min\u00e9rale et naturelle Colorants<\/p>\n<p><i class=\"fb-icon-element-6 fb-icon-element fontawesome-icon fa fa-leaf circle-yes fusion-text-flow\" style=\"--awb-circlecolor:rgba(92,168,62,0.89);--awb-circlecolor-hover:rgba(92,168,62,0.89);--awb-circlebordercolor:#686868;--awb-circlebordercolor-hover:#686868;--awb-circlebordersize:1px;--awb-font-size:28.16px;--awb-width:56.32px;--awb-height:56.32px;--awb-line-height:54.32px;--awb-margin-right:16px;\"><\/i>Pr\u00e9f\u00e9rence pour les ingr\u00e9dients issus de la culture sauvage et du commerce \u00e9quitable provenant de fournisseurs \u00e9thiques<\/p>\n<\/div><div class=\"fusion-clearfix\"><\/div><\/div><\/div><\/div><\/div><div class=\"fusion-fullwidth fullwidth-box fusion-builder-row-2 nonhundred-percent-fullwidth non-hundred-percent-height-scrolling\" style=\"--awb-border-radius-top-left:0px;--awb-border-radius-top-right:0px;--awb-border-radius-bottom-right:0px;--awb-border-radius-bottom-left:0px;--awb-padding-top:50px;--awb-padding-bottom:0px;--awb-flex-wrap:wrap;\" ><div class=\"fusion-builder-row fusion-row\"><div class=\"fusion-layout-column fusion_builder_column fusion-builder-column-8 fusion_builder_column_1_6 1_6 fusion-one-sixth fusion-column-first\" style=\"--awb-bg-size:cover;width:16.666666666667%;width:calc(16.666666666667% - ( ( 4% ) * 0.16666666666667 ) );margin-right: 4%;\"><div class=\"fusion-column-wrapper fusion-flex-column-wrapper-legacy\"><div class=\"fusion-clearfix\"><\/div><\/div><\/div><div class=\"fusion-layout-column fusion_builder_column fusion-builder-column-9 fusion_builder_column_1_2 1_2 fusion-one-half fusion-column-last\" style=\"--awb-bg-size:cover;width:50%;width:calc(50% - ( ( 4% ) * 0.5 ) );\"><div class=\"fusion-column-wrapper fusion-flex-column-wrapper-legacy\"><div class=\"fusion-content-boxes content-boxes columns row fusion-columns-1 fusion-columns-total-1 fusion-content-boxes-1 content-boxes-clean-vertical content-left content-boxes-icon-on-top\" style=\"--awb-hover-accent-color:#1a80b6;--awb-circle-hover-accent-color:#1a80b6;--awb-item-margin-bottom:40px;\" data-animationoffset=\"top-into-view\"><div style=\"--awb-backgroundcolor:rgba(214,234,180,0.43);border-color:rgba(255,255,255,0);\" class=\"fusion-column content-box-column content-box-column content-box-column-1 col-lg-12 col-md-12 col-sm-12 fusion-content-box-hover content-box-column-last content-box-column-last-in-row\"><div class=\"col content-box-wrapper content-wrapper-background link-area-link-icon icon-hover-animation-fade fusion-animated\" data-animationtype=\"fadeInLeft\" data-animationduration=\"0.3\" data-animationoffset=\"top-into-view\"><div class=\"heading heading-with-icon icon-left\"><div class=\"icon\"><i style=\"border-color:#333333;border-width:1px;background-color:#333333;box-sizing:content-box;height:50px;width:50px;line-height:50px;border-radius:50%;font-size:25px;\" aria-hidden=\"true\" class=\"fontawesome-icon fa-leaf fas circle-yes\"><\/i><\/div><\/div><div class=\"fusion-clearfix\"><\/div><div class=\"content-container\">\n<p style=\"text-align: left;\">From cleansers to eye treatments, Naturals is a complete skin care regime suitable for most skin types and conditions. Clients carrying this collection have successfully applied for a number of industry certifications, which include Vegan Certification, <a href=\"https:\/\/www.peta.org\/\">PETA<\/a>, <a href=\"https:\/\/www.leapingbunny.org\/\">Leaping Bunny<\/a> and Natural Skincare Authentication.<\/p>\n<\/div><\/div><\/div><div class=\"fusion-clearfix\"><\/div><\/div><div class=\"fusion-clearfix\"><\/div><\/div><\/div><\/div><\/div><\/p>","protected":false},"excerpt":{"rendered":"","protected":false},"author":1,"featured_media":0,"parent":0,"menu_order":0,"comment_status":"closed","ping_status":"closed","template":"","meta":{"om_disable_all_campaigns":false,"_monsterinsights_skip_tracking":false,"_monsterinsights_sitenote_active":false,"_monsterinsights_sitenote_note":"","_monsterinsights_sitenote_category":0,"footnotes":""},"class_list":["post-540","page","type-page","status-publish","hentry"],"aioseo_notices":[],"jetpack_shortlink":"https:\/\/wp.me\/P95uaQ-8I","jetpack_sharing_enabled":true,"_links":{"self":[{"href":"https:\/\/www.vitellelab.com\/fr\/wp-json\/wp\/v2\/pages\/540"}],"collection":[{"href":"https:\/\/www.vitellelab.com\/fr\/wp-json\/wp\/v2\/pages"}],"about":[{"href":"https:\/\/www.vitellelab.com\/fr\/wp-json\/wp\/v2\/types\/page"}],"author":[{"embeddable":true,"href":"https:\/\/www.vitellelab.com\/fr\/wp-json\/wp\/v2\/users\/1"}],"replies":[{"embeddable":true,"href":"https:\/\/www.vitellelab.com\/fr\/wp-json\/wp\/v2\/comments?post=540"}],"version-history":[{"count":0,"href":"https:\/\/www.vitellelab.com\/fr\/wp-json\/wp\/v2\/pages\/540\/revisions"}],"wp:attachment":[{"href":"https:\/\/www.vitellelab.com\/fr\/wp-json\/wp\/v2\/media?parent=540"}],"curies":[{"name":"wp","href":"https:\/\/api.w.org\/{rel}","templated":true}]}}