{"id":544,"date":"2011-09-05T23:49:52","date_gmt":"2011-09-06T06:49:52","guid":{"rendered":"http:\/\/www.VitelleLab.com\/?page_id=544"},"modified":"2023-08-11T17:36:23","modified_gmt":"2023-08-12T00:36:23","slug":"advanced-skincare-collections","status":"publish","type":"page","link":"https:\/\/www.vitellelab.com\/fr\/advanced-skincare-collections","title":{"rendered":"SOINS DE LA PEAU AVANC\u00c9S"},"content":{"rendered":"<p><div class=\"fusion-fullwidth fullwidth-box fusion-builder-row-1 nonhundred-percent-fullwidth non-hundred-percent-height-scrolling\" style=\"--awb-background-position:left top;--awb-border-sizes-top:0px;--awb-border-sizes-bottom:0px;--awb-border-sizes-left:0px;--awb-border-sizes-right:0px;--awb-border-color:#3d3d3d;--awb-border-radius-top-left:0px;--awb-border-radius-top-right:0px;--awb-border-radius-bottom-right:0px;--awb-border-radius-bottom-left:0px;--awb-padding-top:0px;--awb-padding-bottom:0px;--awb-background-color:rgba(255,255,255,0.5);--awb-flex-wrap:wrap;\" ><div class=\"fusion-builder-row fusion-row\"><div class=\"fusion-layout-column fusion_builder_column fusion-builder-column-0 fusion_builder_column_1_2 1_2 fusion-one-half fusion-column-first fusion-column-no-min-height\" style=\"--awb-bg-size:cover;--awb-margin-bottom:0px;width:48%; margin-right: 4%;\"><div class=\"fusion-column-wrapper fusion-flex-column-wrapper-legacy\"><div class=\"fusion-text fusion-text-1\"><h2><span style=\"color: #51b9e9;\">SOINS DE LA PEAU EXTRAORDINAIRES\u00a0<\/span><\/h2>\n<p>Nous comprenons l'importance de la qualit\u00e9, c'est pourquoi nous proposons des formulations puissantes qui donnent des r\u00e9sultats. Vous serez fier de vous approprier ces produits.<\/p>\n<p><strong>Vitelle<\/strong>\u00a0propose deux collections distinctes pour les professionnels des MediSpas et des cliniques qui cherchent \u00e0 cr\u00e9er leur propre marque.<\/p>\n<\/div><div class=\"fusion-clearfix\"><\/div><\/div><\/div><div class=\"fusion-layout-column fusion_builder_column fusion-builder-column-1 fusion_builder_column_1_2 1_2 fusion-one-half fusion-column-last fusion-column-no-min-height\" style=\"--awb-padding-top:60px;--awb-bg-size:cover;--awb-margin-bottom:0px;width:48%;\"><div class=\"fusion-column-wrapper fusion-flex-column-wrapper-legacy\"><div class=\"fusion-text fusion-text-2\"><p>Nos <strong>Peptide Matrix<\/strong> and <strong>Medscience<\/strong> Les collections r\u00e9pondent aux besoins uniques de vos clients. Les puissants produits de soins \u00e0 domicile et professionnels que l'on trouve dans ces collections favorisent l'\u00e9clat et la vitalit\u00e9 de la peau.<\/p>\n<\/div><div class=\"fusion-clearfix\"><\/div><\/div><\/div><\/div><\/div><div class=\"fusion-fullwidth fullwidth-box fusion-builder-row-2 nonhundred-percent-fullwidth non-hundred-percent-height-scrolling\" style=\"--awb-border-radius-top-left:0px;--awb-border-radius-top-right:0px;--awb-border-radius-bottom-right:0px;--awb-border-radius-bottom-left:0px;--awb-flex-wrap:wrap;\" ><div class=\"fusion-builder-row fusion-row\"><div class=\"fusion-layout-column fusion_builder_column fusion-builder-column-2 fusion_builder_column_1_4 1_4 fusion-one-fourth fusion-column-first\" style=\"--awb-bg-size:cover;width:25%;width:calc(25% - ( ( 4% + 4% ) * 0.25 ) );margin-right: 4%;\"><div class=\"fusion-column-wrapper fusion-flex-column-wrapper-legacy\"><div class=\"fusion-clearfix\"><\/div><\/div><\/div><div class=\"fusion-layout-column fusion_builder_column fusion-builder-column-3 fusion_builder_column_1_2 1_2 fusion-one-half\" style=\"--awb-bg-size:cover;width:50%;width:calc(50% - ( ( 4% + 4% ) * 0.5 ) );margin-right: 4%;\"><div class=\"fusion-column-wrapper fusion-flex-column-wrapper-legacy\"><div class=\"fusion-sep-clear\"><\/div><div class=\"fusion-separator fusion-full-width-sep\" style=\"margin-left: auto;margin-right: auto;margin-top:60px;margin-bottom:30px;width:100%;\"><div class=\"fusion-separator-border sep-single sep-dotted\" style=\"--awb-height:20px;--awb-amount:20px;--awb-sep-color:#514848;border-color:#514848;border-top-width:1px;\"><\/div><\/div><div class=\"fusion-sep-clear\"><\/div><div class=\"fusion-clearfix\"><\/div><\/div><\/div><div class=\"fusion-layout-column fusion_builder_column fusion-builder-column-4 fusion_builder_column_1_4 1_4 fusion-one-fourth fusion-column-last\" style=\"--awb-bg-size:cover;width:25%;width:calc(25% - ( ( 4% + 4% ) * 0.25 ) );\"><div class=\"fusion-column-wrapper fusion-flex-column-wrapper-legacy\"><div class=\"fusion-clearfix\"><\/div><\/div><\/div><div class=\"fusion-layout-column fusion_builder_column fusion-builder-column-5 fusion_builder_column_2_3 2_3 fusion-two-third fusion-column-first\" style=\"--awb-bg-size:cover;width:66.666666666667%;width:calc(66.666666666667% - ( ( 4% ) * 0.66666666666667 ) );margin-right: 4%;\"><div class=\"fusion-column-wrapper fusion-flex-column-wrapper-legacy\"><div class=\"fusion-text fusion-text-3\"><h2 class=\"p1\"><span style=\"color: #51b9e9;\">Peptide Matrix<\/span><\/h2>\n<p><span class=\"s1\">Peptide Matrix est une collection intensive de qualit\u00e9 m\u00e9dicale qui apporte une fortification multicouche \u00e0 la peau. Ces formules hautement concentr\u00e9es contiennent des actifs qui soutiennent la fonction saine de la peau et offrent une am\u00e9lioration substantielle de la peau.<\/span><\/p>\n<\/div><div class=\"fusion-clearfix\"><\/div><\/div><\/div><div class=\"fusion-layout-column fusion_builder_column fusion-builder-column-6 fusion_builder_column_1_3 1_3 fusion-one-third fusion-column-last\" style=\"--awb-bg-size:cover;width:33.333333333333%;width:calc(33.333333333333% - ( ( 4% ) * 0.33333333333333 ) );\"><div class=\"fusion-column-wrapper fusion-flex-column-wrapper-legacy\"><div class=\"fusion-clearfix\"><\/div><\/div><\/div><div class=\"fusion-layout-column fusion_builder_column fusion-builder-column-7 fusion_builder_column_1_3 1_3 fusion-one-third fusion-column-first fusion-column-no-min-height\" style=\"--awb-bg-size:cover;--awb-margin-bottom:0px;width:30.6666%; margin-right: 4%;\"><div class=\"fusion-column-wrapper fusion-flex-column-wrapper-legacy\"><div class=\"fusion-text fusion-text-4\"><ul>\n<li>Lanc\u00e9 en 2013Lanc\u00e9 en 2013<\/li>\n<li>Programme \u00e0 la carte<\/li>\n<li>Recommand\u00e9 pour les stations thermales, les chirurgiens esth\u00e9tiques et les dermatologues.<\/li>\n<li>Gamme compl\u00e8te de produits r\u00e9pondant aux besoins vari\u00e9s des clients<\/li>\n<li>Les produits de cette collection contiennent des quantit\u00e9s significatives de peptides et d'ingr\u00e9dients revitalisants pour la peau.<\/li>\n<li>Produits hautement concentr\u00e9s<\/li>\n<li>Sans parab\u00e8nes<\/li>\n<li>Cette collection comprend une s\u00e9rie de traitements professionnels d'exfoliation et de gommage.<\/li>\n<li>Cette collection contient une gamme de produits de soins corporels sp\u00e9cialis\u00e9s.<\/li>\n<\/ul>\n<\/div><div class=\"fusion-clearfix\"><\/div><\/div><\/div><div class=\"fusion-layout-column fusion_builder_column fusion-builder-column-8 fusion_builder_column_1_3 1_3 fusion-one-third fusion-column-no-min-height\" style=\"--awb-padding-top:12px;--awb-bg-size:cover;--awb-margin-bottom:0px;width:30.6666%; margin-right: 4%;\"><div class=\"fusion-column-wrapper fusion-flex-column-wrapper-legacy\"><div class=\"fusion-text fusion-text-5\"><p><strong><span class=\"s1\">Pleins feux sur les ingr\u00e9dients<\/span><span class=\"s2\">:<\/span><span class=\"s2\"><br \/>\n<\/span><\/strong><span class=\"s1\">\u00b7<\/span><span class=\"s2\"> Peptide SYN\u00ae-COLL<\/span><span class=\"s2\"><br \/>\n<\/span><span class=\"s1\">\u00b7<\/span><span class=\"s2\"> DELISENS\u2122 Solution peptidique<\/span><br \/>\n<span class=\"s1\">\u00b7<\/span><span class=\"s2\"> L'astaxanthine<\/span><br \/>\n<span class=\"s1\">\u00b7<\/span><span class=\"s2\"> Phlor\u00e9tine<\/span><br \/>\n<span class=\"s1\">\u00b7<\/span><span class=\"s2\"> Emblica<\/span><br \/>\n<span class=\"s1\">\u00b7<\/span><span class=\"s2\"> Acide kojique<\/span><br \/>\n<span class=\"s1\">\u00b7\u00a0<span class=\"s2\">Azelaic Acid<\/span><\/span><br \/>\n<span class=\"s1\">\u00b7<\/span><span class=\"s2\"> Acide hyaluronique<\/span><\/p>\n<p class=\"p1\"><span class=\"s2\">\u00a0<\/span><\/p>\n<\/div><div class=\"fusion-clearfix\"><\/div><\/div><\/div><div class=\"fusion-layout-column fusion_builder_column fusion-builder-column-9 fusion_builder_column_1_3 1_3 fusion-one-third fusion-column-last\" style=\"--awb-bg-size:cover;--awb-border-color:#000000;--awb-border-top:0;--awb-border-right:0;--awb-border-bottom:0;--awb-border-left:0;--awb-border-style:solid;width:30.6666%;\"><div class=\"fusion-column-wrapper fusion-flex-column-wrapper-legacy\"><div class=\"fusion-image-element in-legacy-container\" style=\"--awb-liftup-border-radius:0px;--awb-caption-title-font-family:var(--h2_typography-font-family);--awb-caption-title-font-weight:var(--h2_typography-font-weight);--awb-caption-title-font-style:var(--h2_typography-font-style);--awb-caption-title-size:var(--h2_typography-font-size);--awb-caption-title-transform:var(--h2_typography-text-transform);--awb-caption-title-line-height:var(--h2_typography-line-height);--awb-caption-title-letter-spacing:var(--h2_typography-letter-spacing);\"><div class=\"awb-image-frame awb-image-frame-1 imageframe-liftup\"><span class=\"fusion-imageframe imageframe-dropshadow imageframe-1\" style=\"border:1px solid #000000;-webkit-box-shadow: 3px 3px 7px rgba(0,0,0,0.3);box-shadow: 3px 3px 7px rgba(0,0,0,0.3);\"><img data-recalc-dims=\"1\" decoding=\"async\" width=\"800\" height=\"659\" alt=\"PEPTIDE MATRIX CLINICAL SKINCARE\" title=\"Peptide\" src=\"https:\/\/i0.wp.com\/www.vitellelab.com\/wp-content\/uploads\/2021\/05\/Peptide-1.jpg?resize=800%2C659&#038;ssl=1\" class=\"img-responsive wp-image-3570\" srcset=\"https:\/\/i0.wp.com\/www.vitellelab.com\/wp-content\/uploads\/2021\/05\/Peptide-1.jpg?resize=200%2C165&amp;ssl=1 200w, https:\/\/i0.wp.com\/www.vitellelab.com\/wp-content\/uploads\/2021\/05\/Peptide-1.jpg?resize=300%2C247&amp;ssl=1 300w, https:\/\/i0.wp.com\/www.vitellelab.com\/wp-content\/uploads\/2021\/05\/Peptide-1.jpg?resize=400%2C330&amp;ssl=1 400w, https:\/\/i0.wp.com\/www.vitellelab.com\/wp-content\/uploads\/2021\/05\/Peptide-1.jpg?resize=600%2C494&amp;ssl=1 600w, https:\/\/i0.wp.com\/www.vitellelab.com\/wp-content\/uploads\/2021\/05\/Peptide-1.jpg?resize=768%2C633&amp;ssl=1 768w, https:\/\/i0.wp.com\/www.vitellelab.com\/wp-content\/uploads\/2021\/05\/Peptide-1.jpg?fit=800%2C659&amp;ssl=1 800w\" sizes=\"(max-width: 800px) 100vw, 400px\" \/><\/span><\/div><\/div><div class=\"fusion-clearfix\"><\/div><\/div><\/div><\/div><\/div><div class=\"fusion-fullwidth fullwidth-box fusion-builder-row-3 nonhundred-percent-fullwidth non-hundred-percent-height-scrolling\" style=\"--awb-border-radius-top-left:0px;--awb-border-radius-top-right:0px;--awb-border-radius-bottom-right:0px;--awb-border-radius-bottom-left:0px;--awb-flex-wrap:wrap;\" ><div class=\"fusion-builder-row fusion-row\"><div class=\"fusion-layout-column fusion_builder_column fusion-builder-column-10 fusion_builder_column_1_4 1_4 fusion-one-fourth fusion-column-first\" style=\"--awb-bg-size:cover;width:25%;width:calc(25% - ( ( 4% + 4% ) * 0.25 ) );margin-right: 4%;\"><div class=\"fusion-column-wrapper fusion-flex-column-wrapper-legacy\"><div class=\"fusion-clearfix\"><\/div><\/div><\/div><div class=\"fusion-layout-column fusion_builder_column fusion-builder-column-11 fusion_builder_column_1_2 1_2 fusion-one-half\" style=\"--awb-bg-size:cover;width:50%;width:calc(50% - ( ( 4% + 4% ) * 0.5 ) );margin-right: 4%;\"><div class=\"fusion-column-wrapper fusion-flex-column-wrapper-legacy\"><div class=\"fusion-sep-clear\"><\/div><div class=\"fusion-separator fusion-full-width-sep\" style=\"margin-left: auto;margin-right: auto;margin-top:60px;margin-bottom:30px;width:100%;\"><div class=\"fusion-separator-border sep-single sep-dotted\" style=\"--awb-height:20px;--awb-amount:20px;--awb-sep-color:#514848;border-color:#514848;border-top-width:1px;\"><\/div><\/div><div class=\"fusion-sep-clear\"><\/div><div class=\"fusion-clearfix\"><\/div><\/div><\/div><div class=\"fusion-layout-column fusion_builder_column fusion-builder-column-12 fusion_builder_column_1_4 1_4 fusion-one-fourth fusion-column-last\" style=\"--awb-bg-size:cover;width:25%;width:calc(25% - ( ( 4% + 4% ) * 0.25 ) );\"><div class=\"fusion-column-wrapper fusion-flex-column-wrapper-legacy\"><div class=\"fusion-clearfix\"><\/div><\/div><\/div><div class=\"fusion-layout-column fusion_builder_column fusion-builder-column-13 fusion_builder_column_2_3 2_3 fusion-two-third fusion-column-first\" style=\"--awb-bg-size:cover;width:66.666666666667%;width:calc(66.666666666667% - ( ( 4% ) * 0.66666666666667 ) );margin-right: 4%;\"><div class=\"fusion-column-wrapper fusion-flex-column-wrapper-legacy\"><div class=\"fusion-text fusion-text-6\"><h2 class=\"p1\"><span style=\"color: #51b9e9;\">Medscience<\/span><\/h2>\n<p><span class=\"s1\">Medscience est une solution innovante de soins de la peau anti-\u00e2ge qui offre aux professionnels de l'esth\u00e9tique une gamme compl\u00e8te de produits professionnels et de d\u00e9tail de marque priv\u00e9e enti\u00e8rement personnalisables. Cette collection se concentre sur les r\u00e9sultats de traitements att\u00e9nu\u00e9s typiquement obtenus dans un cabinet d'esth\u00e9tique m\u00e9dicale.<\/span><\/p>\n<\/div><div class=\"fusion-clearfix\"><\/div><\/div><\/div><div class=\"fusion-layout-column fusion_builder_column fusion-builder-column-14 fusion_builder_column_1_3 1_3 fusion-one-third fusion-column-last\" style=\"--awb-bg-size:cover;width:33.333333333333%;width:calc(33.333333333333% - ( ( 4% ) * 0.33333333333333 ) );\"><div class=\"fusion-column-wrapper fusion-flex-column-wrapper-legacy\"><div class=\"fusion-clearfix\"><\/div><\/div><\/div><div class=\"fusion-layout-column fusion_builder_column fusion-builder-column-15 fusion_builder_column_1_3 1_3 fusion-one-third fusion-column-first fusion-column-no-min-height\" style=\"--awb-bg-size:cover;--awb-margin-bottom:0px;width:30.6666%; margin-right: 4%;\"><div class=\"fusion-column-wrapper fusion-flex-column-wrapper-legacy\"><div class=\"fusion-text fusion-text-7\"><ul>\n<li>Lanc\u00e9 en 2013Lanc\u00e9 en 2013<\/li>\n<li>Recommand\u00e9 pour les Spa m\u00e9dicaux, les esth\u00e9ticiennes et les professionnels des soins de la peau.<\/li>\n<li>Gamme compl\u00e8te de produits r\u00e9pondant aux besoins vari\u00e9s des clients<\/li>\n<li>Les produits de cette collection contiennent peu ou pas de parfum et conviennent parfaitement aux traitements post peeling\/chirurgicaux et aux soins \u00e0 domicile.<\/li>\n<li>Ne contient pas de colorants FD &amp; C, de parab\u00e8nes, d'hydroquinone ou de Sodium Lauryl Sulfate.<\/li>\n<li>Sans parab\u00e8nes<\/li>\n<li>This collection includes a wide range of professional only products<\/li>\n<\/ul>\n<\/div><div class=\"fusion-clearfix\"><\/div><\/div><\/div><div class=\"fusion-layout-column fusion_builder_column fusion-builder-column-16 fusion_builder_column_1_3 1_3 fusion-one-third fusion-column-no-min-height\" style=\"--awb-padding-top:12px;--awb-bg-size:cover;--awb-margin-bottom:0px;width:30.6666%; margin-right: 4%;\"><div class=\"fusion-column-wrapper fusion-flex-column-wrapper-legacy\"><div class=\"fusion-text fusion-text-8\"><p><strong><span class=\"s1\">Pleins feux sur les ingr\u00e9dients<\/span><span class=\"s2\">:<\/span><span class=\"s2\"><br \/>\n<\/span><\/strong><span class=\"s1\">\u00b7<\/span><span class=\"s2\"> ARGIRELINE\u00ae Solution peptidique<\/span><span class=\"s2\"><br \/>\n<\/span><span class=\"s1\">\u00b7<\/span><span class=\"s2\"> Acide ascorbique polypeptide<\/span><br \/>\n<span class=\"s1\">\u00b7<\/span><span class=\"s2\"> Dim\u00e9thylamino\u00e9thanol (DMAE)<\/span><br \/>\n<span class=\"s1\">\u00b7<\/span><span class=\"s2\"> Acide thioctique (ALA)<\/span><br \/>\n<span class=\"s1\">\u00b7<\/span><span class=\"s2\"> R\u00e9tinol<\/span><br \/>\n<span class=\"s1\">\u00b7<\/span><span class=\"s2\"> Alpha Arbutine<\/span><br \/>\n<span class=\"s1\">\u00c1cido gamma-aminobut\u00edrico<\/span><\/p>\n<p class=\"p1\"><span class=\"s2\">\u00a0<\/span><\/p>\n<\/div><div class=\"fusion-clearfix\"><\/div><\/div><\/div><div class=\"fusion-layout-column fusion_builder_column fusion-builder-column-17 fusion_builder_column_1_3 1_3 fusion-one-third fusion-column-last fusion-column-no-min-height\" style=\"--awb-bg-size:cover;--awb-margin-bottom:0px;width:30.6666%;\"><div class=\"fusion-column-wrapper fusion-flex-column-wrapper-legacy\"><div class=\"fusion-image-element in-legacy-container\" style=\"--awb-liftup-border-radius:0px;--awb-caption-title-font-family:var(--h2_typography-font-family);--awb-caption-title-font-weight:var(--h2_typography-font-weight);--awb-caption-title-font-style:var(--h2_typography-font-style);--awb-caption-title-size:var(--h2_typography-font-size);--awb-caption-title-transform:var(--h2_typography-text-transform);--awb-caption-title-line-height:var(--h2_typography-line-height);--awb-caption-title-letter-spacing:var(--h2_typography-letter-spacing);\"><div class=\"awb-image-frame awb-image-frame-2 imageframe-liftup\"><span class=\"fusion-imageframe imageframe-dropshadow imageframe-2\" style=\"border:1px solid #000000;-webkit-box-shadow: 3px 3px 7px rgba(0,0,0,0.3);box-shadow: 3px 3px 7px rgba(0,0,0,0.3);\"><img data-recalc-dims=\"1\" decoding=\"async\" width=\"800\" height=\"659\" alt=\"MED SCIENCE CLINICAL SKINCARE\" title=\"Website-Update-2021-Medscience-Image2\" src=\"https:\/\/i0.wp.com\/www.vitellelab.com\/wp-content\/uploads\/2021\/05\/Website-Update-2021-Medscience-Image2-1.jpg?resize=800%2C659&#038;ssl=1\" class=\"img-responsive wp-image-3572\" srcset=\"https:\/\/i0.wp.com\/www.vitellelab.com\/wp-content\/uploads\/2021\/05\/Website-Update-2021-Medscience-Image2-1.jpg?resize=200%2C165&amp;ssl=1 200w, https:\/\/i0.wp.com\/www.vitellelab.com\/wp-content\/uploads\/2021\/05\/Website-Update-2021-Medscience-Image2-1.jpg?resize=300%2C247&amp;ssl=1 300w, https:\/\/i0.wp.com\/www.vitellelab.com\/wp-content\/uploads\/2021\/05\/Website-Update-2021-Medscience-Image2-1.jpg?resize=400%2C330&amp;ssl=1 400w, https:\/\/i0.wp.com\/www.vitellelab.com\/wp-content\/uploads\/2021\/05\/Website-Update-2021-Medscience-Image2-1.jpg?resize=600%2C494&amp;ssl=1 600w, https:\/\/i0.wp.com\/www.vitellelab.com\/wp-content\/uploads\/2021\/05\/Website-Update-2021-Medscience-Image2-1.jpg?resize=768%2C633&amp;ssl=1 768w, https:\/\/i0.wp.com\/www.vitellelab.com\/wp-content\/uploads\/2021\/05\/Website-Update-2021-Medscience-Image2-1.jpg?fit=800%2C659&amp;ssl=1 800w\" sizes=\"(max-width: 800px) 100vw, 400px\" \/><\/span><\/div><\/div><div class=\"fusion-clearfix\"><\/div><\/div><\/div><\/div><\/div><\/p>","protected":false},"excerpt":{"rendered":"","protected":false},"author":1,"featured_media":0,"parent":0,"menu_order":0,"comment_status":"closed","ping_status":"closed","template":"","meta":{"om_disable_all_campaigns":false,"_monsterinsights_skip_tracking":false,"_monsterinsights_sitenote_active":false,"_monsterinsights_sitenote_note":"","_monsterinsights_sitenote_category":0,"footnotes":""},"class_list":["post-544","page","type-page","status-publish","hentry"],"aioseo_notices":[],"jetpack_shortlink":"https:\/\/wp.me\/P95uaQ-8M","jetpack_sharing_enabled":true,"_links":{"self":[{"href":"https:\/\/www.vitellelab.com\/fr\/wp-json\/wp\/v2\/pages\/544"}],"collection":[{"href":"https:\/\/www.vitellelab.com\/fr\/wp-json\/wp\/v2\/pages"}],"about":[{"href":"https:\/\/www.vitellelab.com\/fr\/wp-json\/wp\/v2\/types\/page"}],"author":[{"embeddable":true,"href":"https:\/\/www.vitellelab.com\/fr\/wp-json\/wp\/v2\/users\/1"}],"replies":[{"embeddable":true,"href":"https:\/\/www.vitellelab.com\/fr\/wp-json\/wp\/v2\/comments?post=544"}],"version-history":[{"count":0,"href":"https:\/\/www.vitellelab.com\/fr\/wp-json\/wp\/v2\/pages\/544\/revisions"}],"wp:attachment":[{"href":"https:\/\/www.vitellelab.com\/fr\/wp-json\/wp\/v2\/media?parent=544"}],"curies":[{"name":"wp","href":"https:\/\/api.w.org\/{rel}","templated":true}]}}