{"id":84,"date":"2011-07-06T02:24:55","date_gmt":"2011-07-06T09:24:55","guid":{"rendered":"http:\/\/s373655352.onlinehome.us\/?page_id=84"},"modified":"2024-09-12T09:02:32","modified_gmt":"2024-09-12T16:02:32","slug":"packaging","status":"publish","type":"page","link":"https:\/\/www.vitellelab.com\/fr\/packaging","title":{"rendered":"PACKAGING&#8230; THAT BRINGS YOUR BRAND TO LIFE"},"content":{"rendered":"<p><div class=\"fusion-fullwidth fullwidth-box fusion-builder-row-1 nonhundred-percent-fullwidth non-hundred-percent-height-scrolling\" style=\"--awb-background-position:left top;--awb-border-sizes-top:0px;--awb-border-sizes-bottom:0px;--awb-border-sizes-left:0px;--awb-border-sizes-right:0px;--awb-border-color:#3d3d3d;--awb-border-radius-top-left:0px;--awb-border-radius-top-right:0px;--awb-border-radius-bottom-right:0px;--awb-border-radius-bottom-left:0px;--awb-padding-top:0px;--awb-padding-bottom:0px;--awb-background-color:rgba(255,255,255,0.5);--awb-flex-wrap:wrap;\" ><div class=\"fusion-builder-row fusion-row\"><div class=\"fusion-layout-column fusion_builder_column fusion-builder-column-0 fusion_builder_column_1_2 1_2 fusion-one-half fusion-column-first fusion-column-no-min-height\" style=\"--awb-bg-size:cover;--awb-margin-bottom:0px;width:48%; margin-right: 4%;\"><div class=\"fusion-column-wrapper fusion-flex-column-wrapper-legacy\"><div class=\"fusion-text fusion-text-1\"><h2><span style=\"color: #00ccff;\">CR\u00c9EZ VOTRE PROPRE COLLECTION UNIQUE<\/span><\/h2>\n<p>La qualit\u00e9, l'efficacit\u00e9 et l'emballage des produits jouent un r\u00f4le essentiel dans le lancement et la croissance de votre collection de produits de soins pour la peau et le corps sous marque de distributeur. Conscients que les clients ont des go\u00fbts vari\u00e9s, nous proposons une grande vari\u00e9t\u00e9 d'emballages en stock, qui sont r\u00e9guli\u00e8rement mis \u00e0 jour pour rester en phase avec les tendances actuelles.<\/p>\n<p>Notre large gamme d'emballages en stock permet aux clients d'identifier et d'\u00e9valuer les contenants cosm\u00e9tiques qui r\u00e9pondent \u00e0 leurs besoins. Qu'il s'agisse d'une pr\u00e9f\u00e9rence pour le verre, l'acrylique ou l'aluminium, nous examinons minutieusement vos options et vous aidons \u00e0 s\u00e9lectionner les contenants qui correspondent le mieux \u00e0 votre conception de l'\u00e9tiquette et \u00e0 votre vision de la marque.<\/p>\n<p>Des nettoyants aux s\u00e9rums en passant par les cr\u00e8mes hydratantes, vous pouvez m\u00e9langer et assortir nos collections de signatures pour cr\u00e9er un look tout \u00e0 fait unique ou, si vous avez d\u00e9j\u00e0 vos propres emballages, nous remplirons ces derniers de nos formules exquises pour vous. Rien de plus simple.<\/p>\n<\/div><div class=\"fusion-clearfix\"><\/div><\/div><\/div><div class=\"fusion-layout-column fusion_builder_column fusion-builder-column-1 fusion_builder_column_1_2 1_2 fusion-one-half fusion-column-last fusion-column-no-min-height\" style=\"--awb-padding-top:60px;--awb-bg-size:cover;--awb-margin-bottom:0px;width:48%;\"><div class=\"fusion-column-wrapper fusion-flex-column-wrapper-legacy\"><div class=\"fusion-text fusion-text-2\"><p>Tout ce qu'il vous reste \u00e0 faire, c'est de choisir l'emballage et les produits qui vous conviennent et de nous laisser nous occuper du reste. En tant que client de la marque priv\u00e9e, vous recevrez vos produits enti\u00e8rement \u00e9tiquet\u00e9s et pr\u00eats \u00e0 \u00eatre utilis\u00e9s ou vendus. Nous int\u00e9grons votre design d'\u00e9tiquette unique, votre logo et votre contenu d'\u00e9tiquette personnalis\u00e9 dans un design tout compris qui vous est envoy\u00e9 num\u00e9riquement pour approbation finale. Une fois que vous aurez commenc\u00e9 \u00e0 commander vos produits, il ne vous restera plus qu'\u00e0 d\u00e9baller votre commande et \u00e0 commencer \u00e0 vendre.<\/p>\n<p>En d\u00e9gustant vos produits, vos clients verront le contenu de votre \u00e9tiquette personnalis\u00e9e, la liste compl\u00e8te des ingr\u00e9dients, les instructions d'utilisation et vos coordonn\u00e9es ou informations commerciales. Si vous vendez vos produits sur le web, votre site web peut \u00e9galement figurer sur le panneau de contact afin que vos clients puissent vous trouver facilement pour passer une nouvelle commande.<\/p>\n<\/div><div class=\"fusion-clearfix\"><\/div><\/div><\/div><\/div><\/div><div class=\"fusion-fullwidth fullwidth-box fusion-builder-row-2 nonhundred-percent-fullwidth non-hundred-percent-height-scrolling\" style=\"--awb-border-sizes-top:1px;--awb-border-sizes-bottom:1px;--awb-border-sizes-left:0px;--awb-border-sizes-right:0px;--awb-border-color:#2d2d2d;--awb-border-radius-top-left:0px;--awb-border-radius-top-right:0px;--awb-border-radius-bottom-right:0px;--awb-border-radius-bottom-left:0px;--awb-background-color:#f2f2f2;--awb-flex-wrap:wrap;\" ><div class=\"fusion-builder-row fusion-row\"><div class=\"fusion-layout-column fusion_builder_column fusion-builder-column-2 fusion_builder_column_1_1 1_1 fusion-one-full fusion-column-first fusion-column-last\" style=\"--awb-bg-size:cover;--awb-margin-bottom:0px;\"><div class=\"fusion-column-wrapper fusion-flex-column-wrapper-legacy\"><div class=\"fusion-column-content-centered\"><div class=\"fusion-column-content\"><div class=\"fusion-text fusion-text-3\"><h2 style=\"text-align: center;\"><span style=\"color: #00ccff;\">GALERIE D'INSPIRATION<\/span><\/h2>\n<\/div><div class=\"fusion-slider-sc fusion-flexslider-loading flexslider flexslider-hover-type-zoomin\" data-slideshow_autoplay=\"1\" data-slideshow_smooth_height=\"0\" data-slideshow_speed=\"4000\" style=\"max-width:100%;height:100%;\"><ul class=\"slides\"><li class=\"image\"><span class=\"fusion-image-hover-element hover-type-zoomin\"><img data-recalc-dims=\"1\" decoding=\"async\" src=\"https:\/\/i0.wp.com\/www.vitellelab.com\/wp-content\/uploads\/2011\/07\/Vitelle_Packaging_161.jpg?resize=800%2C495&#038;ssl=1\" alt=\"Vitelle_Packaging_16\" width=\"800\" height=\"495\" class=\"wp-image-372\" srcset=\"https:\/\/i0.wp.com\/www.vitellelab.com\/wp-content\/uploads\/2011\/07\/Vitelle_Packaging_161.jpg?resize=300%2C186&amp;ssl=1 300w, https:\/\/i0.wp.com\/www.vitellelab.com\/wp-content\/uploads\/2011\/07\/Vitelle_Packaging_161.jpg?resize=768%2C475&amp;ssl=1 768w, https:\/\/i0.wp.com\/www.vitellelab.com\/wp-content\/uploads\/2011\/07\/Vitelle_Packaging_161.jpg?fit=800%2C495&amp;ssl=1 800w\" sizes=\"(max-width: 800px) 100vw, 800px\" \/><\/span><\/li><li class=\"image\"><span class=\"fusion-image-hover-element hover-type-zoomin\"><img data-recalc-dims=\"1\" decoding=\"async\" src=\"https:\/\/i0.wp.com\/www.vitellelab.com\/wp-content\/uploads\/2011\/07\/Vitelle_Packaging_15.jpg?resize=800%2C495&#038;ssl=1\" alt=\"Vitelle Packaging\" width=\"800\" height=\"495\" class=\"wp-image-142\" srcset=\"https:\/\/i0.wp.com\/www.vitellelab.com\/wp-content\/uploads\/2011\/07\/Vitelle_Packaging_15.jpg?resize=300%2C186&amp;ssl=1 300w, https:\/\/i0.wp.com\/www.vitellelab.com\/wp-content\/uploads\/2011\/07\/Vitelle_Packaging_15.jpg?resize=768%2C475&amp;ssl=1 768w, https:\/\/i0.wp.com\/www.vitellelab.com\/wp-content\/uploads\/2011\/07\/Vitelle_Packaging_15.jpg?fit=800%2C495&amp;ssl=1 800w\" sizes=\"(max-width: 800px) 100vw, 800px\" \/><\/span><\/li><li class=\"image\"><span class=\"fusion-image-hover-element hover-type-zoomin\"><img data-recalc-dims=\"1\" decoding=\"async\" src=\"https:\/\/i0.wp.com\/www.vitellelab.com\/wp-content\/uploads\/2011\/07\/Vitelle_Packaging_13.jpg?resize=800%2C495&#038;ssl=1\" alt=\"Vitelle Packaging\" width=\"800\" height=\"495\" class=\"wp-image-140\" srcset=\"https:\/\/i0.wp.com\/www.vitellelab.com\/wp-content\/uploads\/2011\/07\/Vitelle_Packaging_13.jpg?resize=300%2C186&amp;ssl=1 300w, https:\/\/i0.wp.com\/www.vitellelab.com\/wp-content\/uploads\/2011\/07\/Vitelle_Packaging_13.jpg?resize=768%2C475&amp;ssl=1 768w, https:\/\/i0.wp.com\/www.vitellelab.com\/wp-content\/uploads\/2011\/07\/Vitelle_Packaging_13.jpg?fit=800%2C495&amp;ssl=1 800w\" sizes=\"(max-width: 800px) 100vw, 800px\" \/><\/span><\/li><li class=\"image\"><span class=\"fusion-image-hover-element hover-type-zoomin\"><img data-recalc-dims=\"1\" decoding=\"async\" src=\"https:\/\/i0.wp.com\/www.vitellelab.com\/wp-content\/uploads\/2011\/07\/Vitelle_Packaging_111.jpg?resize=800%2C495&#038;ssl=1\" alt=\"Vitelle_Packaging_11\" width=\"800\" height=\"495\" class=\"wp-image-367\" srcset=\"https:\/\/i0.wp.com\/www.vitellelab.com\/wp-content\/uploads\/2011\/07\/Vitelle_Packaging_111.jpg?resize=300%2C186&amp;ssl=1 300w, https:\/\/i0.wp.com\/www.vitellelab.com\/wp-content\/uploads\/2011\/07\/Vitelle_Packaging_111.jpg?resize=768%2C475&amp;ssl=1 768w, https:\/\/i0.wp.com\/www.vitellelab.com\/wp-content\/uploads\/2011\/07\/Vitelle_Packaging_111.jpg?fit=800%2C495&amp;ssl=1 800w\" sizes=\"(max-width: 800px) 100vw, 800px\" \/><\/span><\/li><li class=\"image\"><span class=\"fusion-image-hover-element hover-type-zoomin\"><img data-recalc-dims=\"1\" decoding=\"async\" src=\"https:\/\/i0.wp.com\/www.vitellelab.com\/wp-content\/uploads\/2011\/07\/Vitelle_Packaging_91.jpg?resize=800%2C495&#038;ssl=1\" alt=\"Vitelle_Packaging_9\" width=\"800\" height=\"495\" class=\"wp-image-365\" srcset=\"https:\/\/i0.wp.com\/www.vitellelab.com\/wp-content\/uploads\/2011\/07\/Vitelle_Packaging_91.jpg?resize=300%2C186&amp;ssl=1 300w, https:\/\/i0.wp.com\/www.vitellelab.com\/wp-content\/uploads\/2011\/07\/Vitelle_Packaging_91.jpg?resize=768%2C475&amp;ssl=1 768w, https:\/\/i0.wp.com\/www.vitellelab.com\/wp-content\/uploads\/2011\/07\/Vitelle_Packaging_91.jpg?fit=800%2C495&amp;ssl=1 800w\" sizes=\"(max-width: 800px) 100vw, 800px\" \/><\/span><\/li><li class=\"image\"><span class=\"fusion-image-hover-element hover-type-zoomin\"><img data-recalc-dims=\"1\" decoding=\"async\" src=\"https:\/\/i0.wp.com\/www.vitellelab.com\/wp-content\/uploads\/2011\/07\/Vitelle_Packaging_81.jpg?resize=800%2C495&#038;ssl=1\" alt=\"Vitelle_Packaging_8\" width=\"800\" height=\"495\" class=\"wp-image-364\" srcset=\"https:\/\/i0.wp.com\/www.vitellelab.com\/wp-content\/uploads\/2011\/07\/Vitelle_Packaging_81.jpg?resize=300%2C186&amp;ssl=1 300w, https:\/\/i0.wp.com\/www.vitellelab.com\/wp-content\/uploads\/2011\/07\/Vitelle_Packaging_81.jpg?resize=768%2C475&amp;ssl=1 768w, https:\/\/i0.wp.com\/www.vitellelab.com\/wp-content\/uploads\/2011\/07\/Vitelle_Packaging_81.jpg?fit=800%2C495&amp;ssl=1 800w\" sizes=\"(max-width: 800px) 100vw, 800px\" \/><\/span><\/li><li class=\"image\"><span class=\"fusion-image-hover-element hover-type-zoomin\"><img data-recalc-dims=\"1\" decoding=\"async\" src=\"https:\/\/i0.wp.com\/www.vitellelab.com\/wp-content\/uploads\/2011\/07\/Vitelle_Packaging_61.jpg?resize=800%2C495&#038;ssl=1\" alt=\"Vitelle_Packaging_6\" width=\"800\" height=\"495\" class=\"wp-image-362\" srcset=\"https:\/\/i0.wp.com\/www.vitellelab.com\/wp-content\/uploads\/2011\/07\/Vitelle_Packaging_61.jpg?resize=300%2C186&amp;ssl=1 300w, https:\/\/i0.wp.com\/www.vitellelab.com\/wp-content\/uploads\/2011\/07\/Vitelle_Packaging_61.jpg?resize=768%2C475&amp;ssl=1 768w, https:\/\/i0.wp.com\/www.vitellelab.com\/wp-content\/uploads\/2011\/07\/Vitelle_Packaging_61.jpg?fit=800%2C495&amp;ssl=1 800w\" sizes=\"(max-width: 800px) 100vw, 800px\" \/><\/span><\/li><li class=\"image\"><span class=\"fusion-image-hover-element hover-type-zoomin\"><img data-recalc-dims=\"1\" decoding=\"async\" src=\"https:\/\/i0.wp.com\/www.vitellelab.com\/wp-content\/uploads\/2011\/07\/Vitelle_Packaging_51.jpg?resize=800%2C495&#038;ssl=1\" alt=\"Vitelle_Packaging_5\" width=\"800\" height=\"495\" class=\"wp-image-361\" srcset=\"https:\/\/i0.wp.com\/www.vitellelab.com\/wp-content\/uploads\/2011\/07\/Vitelle_Packaging_51.jpg?resize=300%2C186&amp;ssl=1 300w, https:\/\/i0.wp.com\/www.vitellelab.com\/wp-content\/uploads\/2011\/07\/Vitelle_Packaging_51.jpg?resize=768%2C475&amp;ssl=1 768w, https:\/\/i0.wp.com\/www.vitellelab.com\/wp-content\/uploads\/2011\/07\/Vitelle_Packaging_51.jpg?fit=800%2C495&amp;ssl=1 800w\" sizes=\"(max-width: 800px) 100vw, 800px\" \/><\/span><\/li><li class=\"image\"><span class=\"fusion-image-hover-element hover-type-zoomin\"><img data-recalc-dims=\"1\" decoding=\"async\" src=\"https:\/\/i0.wp.com\/www.vitellelab.com\/wp-content\/uploads\/2011\/07\/Vitelle_Packaging_41.jpg?resize=800%2C495&#038;ssl=1\" alt=\"Vitelle_Packaging_4\" width=\"800\" height=\"495\" class=\"wp-image-360\" srcset=\"https:\/\/i0.wp.com\/www.vitellelab.com\/wp-content\/uploads\/2011\/07\/Vitelle_Packaging_41.jpg?resize=300%2C186&amp;ssl=1 300w, https:\/\/i0.wp.com\/www.vitellelab.com\/wp-content\/uploads\/2011\/07\/Vitelle_Packaging_41.jpg?resize=768%2C475&amp;ssl=1 768w, https:\/\/i0.wp.com\/www.vitellelab.com\/wp-content\/uploads\/2011\/07\/Vitelle_Packaging_41.jpg?fit=800%2C495&amp;ssl=1 800w\" sizes=\"(max-width: 800px) 100vw, 800px\" \/><\/span><\/li><li class=\"image\"><span class=\"fusion-image-hover-element hover-type-zoomin\"><img data-recalc-dims=\"1\" decoding=\"async\" src=\"https:\/\/i0.wp.com\/www.vitellelab.com\/wp-content\/uploads\/2011\/07\/Vitelle_Packaging_3.jpg?resize=800%2C495&#038;ssl=1\" alt=\"Vitelle Packaging\" width=\"800\" height=\"495\" class=\"wp-image-130\" srcset=\"https:\/\/i0.wp.com\/www.vitellelab.com\/wp-content\/uploads\/2011\/07\/Vitelle_Packaging_3.jpg?resize=300%2C186&amp;ssl=1 300w, https:\/\/i0.wp.com\/www.vitellelab.com\/wp-content\/uploads\/2011\/07\/Vitelle_Packaging_3.jpg?resize=768%2C475&amp;ssl=1 768w, https:\/\/i0.wp.com\/www.vitellelab.com\/wp-content\/uploads\/2011\/07\/Vitelle_Packaging_3.jpg?fit=800%2C495&amp;ssl=1 800w\" sizes=\"(max-width: 800px) 100vw, 800px\" \/><\/span><\/li><li class=\"image\"><span class=\"fusion-image-hover-element hover-type-zoomin\"><img data-recalc-dims=\"1\" decoding=\"async\" src=\"https:\/\/i0.wp.com\/www.vitellelab.com\/wp-content\/uploads\/2011\/07\/Vitelle_Packaging_21.jpg?resize=800%2C495&#038;ssl=1\" alt=\"Vitelle_Packaging_2\" width=\"800\" height=\"495\" class=\"wp-image-358\" srcset=\"https:\/\/i0.wp.com\/www.vitellelab.com\/wp-content\/uploads\/2011\/07\/Vitelle_Packaging_21.jpg?resize=300%2C186&amp;ssl=1 300w, https:\/\/i0.wp.com\/www.vitellelab.com\/wp-content\/uploads\/2011\/07\/Vitelle_Packaging_21.jpg?resize=768%2C475&amp;ssl=1 768w, https:\/\/i0.wp.com\/www.vitellelab.com\/wp-content\/uploads\/2011\/07\/Vitelle_Packaging_21.jpg?fit=800%2C495&amp;ssl=1 800w\" sizes=\"(max-width: 800px) 100vw, 800px\" \/><\/span><\/li><li class=\"image\"><span class=\"fusion-image-hover-element hover-type-zoomin\"><img data-recalc-dims=\"1\" decoding=\"async\" src=\"https:\/\/i0.wp.com\/www.vitellelab.com\/wp-content\/uploads\/2011\/07\/Vitelle_Packaging_17.jpg?resize=800%2C495&#038;ssl=1\" alt=\"Vitelle_Packaging_1\" width=\"800\" height=\"495\" class=\"wp-image-357\" srcset=\"https:\/\/i0.wp.com\/www.vitellelab.com\/wp-content\/uploads\/2011\/07\/Vitelle_Packaging_17.jpg?resize=300%2C186&amp;ssl=1 300w, https:\/\/i0.wp.com\/www.vitellelab.com\/wp-content\/uploads\/2011\/07\/Vitelle_Packaging_17.jpg?resize=768%2C475&amp;ssl=1 768w, https:\/\/i0.wp.com\/www.vitellelab.com\/wp-content\/uploads\/2011\/07\/Vitelle_Packaging_17.jpg?fit=800%2C495&amp;ssl=1 800w\" sizes=\"(max-width: 800px) 100vw, 800px\" \/><\/span><\/li><\/ul><\/div><\/div><\/div><div class=\"fusion-clearfix\"><\/div><\/div><\/div><\/div><\/div><\/p>","protected":false},"excerpt":{"rendered":"","protected":false},"author":1,"featured_media":0,"parent":0,"menu_order":0,"comment_status":"closed","ping_status":"closed","template":"100-width.php","meta":{"om_disable_all_campaigns":false,"_monsterinsights_skip_tracking":false,"_monsterinsights_sitenote_active":false,"_monsterinsights_sitenote_note":"","_monsterinsights_sitenote_category":0,"footnotes":""},"class_list":["post-84","page","type-page","status-publish","hentry"],"aioseo_notices":[],"jetpack_shortlink":"https:\/\/wp.me\/P95uaQ-1m","jetpack_sharing_enabled":true,"_links":{"self":[{"href":"https:\/\/www.vitellelab.com\/fr\/wp-json\/wp\/v2\/pages\/84"}],"collection":[{"href":"https:\/\/www.vitellelab.com\/fr\/wp-json\/wp\/v2\/pages"}],"about":[{"href":"https:\/\/www.vitellelab.com\/fr\/wp-json\/wp\/v2\/types\/page"}],"author":[{"embeddable":true,"href":"https:\/\/www.vitellelab.com\/fr\/wp-json\/wp\/v2\/users\/1"}],"replies":[{"embeddable":true,"href":"https:\/\/www.vitellelab.com\/fr\/wp-json\/wp\/v2\/comments?post=84"}],"version-history":[{"count":0,"href":"https:\/\/www.vitellelab.com\/fr\/wp-json\/wp\/v2\/pages\/84\/revisions"}],"wp:attachment":[{"href":"https:\/\/www.vitellelab.com\/fr\/wp-json\/wp\/v2\/media?parent=84"}],"curies":[{"name":"wp","href":"https:\/\/api.w.org\/{rel}","templated":true}]}}