{"id":98,"date":"2011-07-06T02:45:36","date_gmt":"2011-07-06T02:45:36","guid":{"rendered":"http:\/\/s373655352.onlinehome.us\/?page_id=98"},"modified":"2025-10-07T13:31:33","modified_gmt":"2025-10-07T20:31:33","slug":"contact","status":"publish","type":"page","link":"https:\/\/www.vitellelab.com\/fr\/contact","title":{"rendered":"CONTACTEZ-NOUS"},"content":{"rendered":"<div class=\"fusion-fullwidth fullwidth-box fusion-builder-row-1 nonhundred-percent-fullwidth non-hundred-percent-height-scrolling\" style=\"--awb-background-position:left top;--awb-border-sizes-top:0px;--awb-border-sizes-bottom:0px;--awb-border-sizes-left:0px;--awb-border-sizes-right:0px;--awb-border-color:#3d3d3d;--awb-border-radius-top-left:0px;--awb-border-radius-top-right:0px;--awb-border-radius-bottom-right:0px;--awb-border-radius-bottom-left:0px;--awb-padding-top:30px;--awb-padding-bottom:0px;--awb-background-color:rgba(255,255,255,0.5);--awb-flex-wrap:wrap;\" ><div class=\"fusion-builder-row fusion-row\"><div class=\"fusion-layout-column fusion_builder_column fusion-builder-column-0 fusion_builder_column_1_3 1_3 fusion-one-third fusion-column-first fusion-column-no-min-height\" style=\"--awb-bg-color:rgba(244,244,244,0);--awb-bg-color-hover:rgba(244,244,244,0);--awb-bg-size:cover;--awb-margin-bottom:0px;width:33.333333333333%;width:calc(33.333333333333% - ( ( 4% + 4% ) * 0.33333333333333 ) );margin-right: 4%;\"><div class=\"fusion-column-wrapper fusion-flex-column-wrapper-legacy\"><div class=\"fusion-text fusion-text-1\"><h2 class=\"p1\"><span style=\"color: #51b9e9;\">SI\u00c8GE SOCIAL DE VITELLE<\/span><\/h2>\n<p>120 - 8365 rue Ontario<br \/>\nVancouver, BC<br \/>\nV5X 3E8<br \/>\nCanada<\/p>\n<\/div><div class=\"fusion-clearfix\"><\/div><\/div><\/div><div class=\"fusion-layout-column fusion_builder_column fusion-builder-column-1 fusion_builder_column_1_3 1_3 fusion-one-third\" style=\"--awb-padding-top:60px;--awb-bg-size:cover;width:33.333333333333%;width:calc(33.333333333333% - ( ( 4% + 4% ) * 0.33333333333333 ) );margin-right: 4%;\"><div class=\"fusion-column-wrapper fusion-flex-column-wrapper-legacy\"><div class=\"fusion-text fusion-text-2\"><p>T\u00e9l : 604-279-5552<br \/>\nT\u00e9l\u00e9copie : 604-279-5519<br \/>\nNum\u00e9ro vert:  877-902-2332<br \/>\nE: <a href=\"mailto:Info@VitelleLab.com\">info@vitellelab.com<\/a><\/p>\n<\/div><div class=\"fusion-clearfix\"><\/div><\/div><\/div><div class=\"fusion-layout-column fusion_builder_column fusion-builder-column-2 fusion_builder_column_1_3 1_3 fusion-one-third fusion-column-last fusion-column-no-min-height\" style=\"--awb-bg-size:cover;width:33.333333333333%;width:calc(33.333333333333% - ( ( 4% + 4% ) * 0.33333333333333 ) );\"><div class=\"fusion-column-wrapper fusion-flex-column-wrapper-legacy\"><div class=\"fusion-text fusion-text-3\"><h2><span style=\"color: #51b9e9;\">ENTREP\u00d4T DES \u00c9TATS-UNIS<\/span><\/h2>\n<p class=\"p1\">925 Unit\u00e9 B, rue Boblett<br \/>\nBlaine, WA 98231-000<\/p>\n<\/div><div class=\"fusion-clearfix\"><\/div><\/div><\/div><div class=\"fusion-layout-column fusion_builder_column fusion-builder-column-3 fusion_builder_column_1_3 1_3 fusion-one-third fusion-column-first\" style=\"--awb-bg-size:cover;width:33.333333333333%;width:calc(33.333333333333% - ( ( 4% + 4% ) * 0.33333333333333 ) );margin-right: 4%;\"><div class=\"fusion-column-wrapper fusion-flex-column-wrapper-legacy\"><div class=\"fusion-clearfix\"><\/div><\/div><\/div><div class=\"fusion-layout-column fusion_builder_column fusion-builder-column-4 fusion_builder_column_1_3 1_3 fusion-one-third\" style=\"--awb-bg-size:cover;width:33.333333333333%;width:calc(33.333333333333% - ( ( 4% + 4% ) * 0.33333333333333 ) );margin-right: 4%;\"><div class=\"fusion-column-wrapper fusion-flex-column-wrapper-legacy\"><div class=\"fusion-sep-clear\"><\/div><div class=\"fusion-separator fusion-full-width-sep\" style=\"margin-left: auto;margin-right: auto;margin-top:40px;margin-bottom:30px;width:100%;\"><div class=\"fusion-separator-border sep-single sep-dotted\" style=\"--awb-height:20px;--awb-amount:20px;--awb-sep-color:#514848;border-color:#514848;border-top-width:1px;\"><\/div><\/div><div class=\"fusion-sep-clear\"><\/div><div class=\"fusion-clearfix\"><\/div><\/div><\/div><div class=\"fusion-layout-column fusion_builder_column fusion-builder-column-5 fusion_builder_column_1_3 1_3 fusion-one-third fusion-column-last\" style=\"--awb-bg-size:cover;width:33.333333333333%;width:calc(33.333333333333% - ( ( 4% + 4% ) * 0.33333333333333 ) );\"><div class=\"fusion-column-wrapper fusion-flex-column-wrapper-legacy\"><div class=\"fusion-clearfix\"><\/div><\/div><\/div><div class=\"fusion-layout-column fusion_builder_column fusion-builder-column-6 fusion_builder_column_1_2 1_2 fusion-one-half fusion-column-first\" style=\"--awb-padding-top:20px;--awb-bg-size:cover;width:50%;width:calc(50% - ( ( 4% ) * 0.5 ) );margin-right: 4%;\"><div class=\"fusion-column-wrapper fusion-flex-column-wrapper-legacy\"><div class=\"fusion-image-element in-legacy-container\" style=\"--awb-caption-title-font-family:var(--h2_typography-font-family);--awb-caption-title-font-weight:var(--h2_typography-font-weight);--awb-caption-title-font-style:var(--h2_typography-font-style);--awb-caption-title-size:var(--h2_typography-font-size);--awb-caption-title-transform:var(--h2_typography-text-transform);--awb-caption-title-line-height:var(--h2_typography-line-height);--awb-caption-title-letter-spacing:var(--h2_typography-letter-spacing);\"><span class=\"fusion-imageframe imageframe-none imageframe-1 hover-type-zoomin\"><img data-recalc-dims=\"1\" decoding=\"async\" width=\"700\" height=\"406\" alt=\"Brochure\" title=\"Corporate-brochure-_transparent-background\" src=\"https:\/\/i0.wp.com\/www.vitellelab.com\/wp-content\/uploads\/2021\/05\/Corporate-brochure-_transparent-background.png?resize=700%2C406&#038;ssl=1\" class=\"img-responsive wp-image-3555\"\/><\/span><\/div><div class=\"fusion-text fusion-text-4\"><p><strong>MARQUE PRIV\u00c9E<\/strong> <strong>BROCHURE\u00a0<\/strong>- Cliquez sur le bouton ci-dessous pour demander une brochure et \u00eatre contact\u00e9 par l'un de nos repr\u00e9sentants du service client\u00e8le.<\/p>\n<\/div><div class=\"fusion-clearfix\"><\/div><\/div><\/div><div class=\"fusion-layout-column fusion_builder_column fusion-builder-column-7 fusion_builder_column_1_2 1_2 fusion-one-half fusion-column-last\" style=\"--awb-bg-size:cover;width:50%;width:calc(50% - ( ( 4% ) * 0.5 ) );\"><div class=\"fusion-column-wrapper fusion-flex-column-wrapper-legacy\"><div class=\"fusion-image-element in-legacy-container\" style=\"--awb-caption-title-font-family:var(--h2_typography-font-family);--awb-caption-title-font-weight:var(--h2_typography-font-weight);--awb-caption-title-font-style:var(--h2_typography-font-style);--awb-caption-title-size:var(--h2_typography-font-size);--awb-caption-title-transform:var(--h2_typography-text-transform);--awb-caption-title-line-height:var(--h2_typography-line-height);--awb-caption-title-letter-spacing:var(--h2_typography-letter-spacing);\"><span class=\"fusion-imageframe imageframe-none imageframe-2 hover-type-zoomin\"><img data-recalc-dims=\"1\" decoding=\"async\" width=\"839\" height=\"500\" alt=\"Vitelle Sample Box\" title=\"Vitelle Sample Box\" src=\"https:\/\/i0.wp.com\/dev.vitellelab.com\/wp-content\/uploads\/2011\/07\/medsampler-1.png?resize=839%2C500\" class=\"img-responsive wp-image-2758\" srcset=\"https:\/\/i0.wp.com\/www.vitellelab.com\/wp-content\/uploads\/2011\/07\/medsampler-1.png?resize=200%2C119&amp;ssl=1 200w, https:\/\/i0.wp.com\/www.vitellelab.com\/wp-content\/uploads\/2011\/07\/medsampler-1.png?resize=300%2C179&amp;ssl=1 300w, https:\/\/i0.wp.com\/www.vitellelab.com\/wp-content\/uploads\/2011\/07\/medsampler-1.png?resize=400%2C238&amp;ssl=1 400w, https:\/\/i0.wp.com\/www.vitellelab.com\/wp-content\/uploads\/2011\/07\/medsampler-1.png?resize=600%2C358&amp;ssl=1 600w, https:\/\/i0.wp.com\/www.vitellelab.com\/wp-content\/uploads\/2011\/07\/medsampler-1.png?resize=768%2C458&amp;ssl=1 768w, https:\/\/i0.wp.com\/www.vitellelab.com\/wp-content\/uploads\/2011\/07\/medsampler-1.png?resize=800%2C477&amp;ssl=1 800w, https:\/\/i0.wp.com\/www.vitellelab.com\/wp-content\/uploads\/2011\/07\/medsampler-1.png?fit=839%2C500&amp;ssl=1 839w\" sizes=\"(max-width: 800px) 100vw, 600px\" \/><\/span><\/div><div class=\"fusion-text fusion-text-5\"><p><strong>\u00c9CHANTILLON DE SOINS DE LA PEAU<\/strong> - Notre bo\u00eete d'\u00e9chantillonnage de produits de soin est disponible \u00e0 l'achat pour des tests et des \u00e9valuations pratiques.<\/p>\n<\/div><div class=\"fusion-clearfix\"><\/div><\/div><\/div><div class=\"fusion-layout-column fusion_builder_column fusion-builder-column-8 fusion_builder_column_1_3 1_3 fusion-one-third fusion-column-first\" style=\"--awb-bg-size:cover;width:33.333333333333%;width:calc(33.333333333333% - ( ( 4% + 4% ) * 0.33333333333333 ) );margin-right: 4%;\"><div class=\"fusion-column-wrapper fusion-flex-column-wrapper-legacy\"><div class=\"fusion-clearfix\"><\/div><\/div><\/div><div class=\"fusion-layout-column fusion_builder_column fusion-builder-column-9 fusion_builder_column_1_3 1_3 fusion-one-third\" style=\"--awb-bg-size:cover;width:33.333333333333%;width:calc(33.333333333333% - ( ( 4% + 4% ) * 0.33333333333333 ) );margin-right: 4%;\"><div class=\"fusion-column-wrapper fusion-flex-column-wrapper-legacy\"><div class=\"fusion-align-block\"><a class=\"fusion-button button-flat button-xlarge button-default fusion-button-default button-1 fusion-button-span-yes fusion-button-default-type\" target=\"_self\" href=\"https:\/\/www.vitellelab.com\/fr\/request-brochure\/\"><span class=\"fusion-button-text\">OBTENIR UNE BROCHURE<\/span><\/a><\/div><div class=\"fusion-clearfix\"><\/div><\/div><\/div><div class=\"fusion-layout-column fusion_builder_column fusion-builder-column-10 fusion_builder_column_1_3 1_3 fusion-one-third fusion-column-last\" style=\"--awb-bg-size:cover;width:33.333333333333%;width:calc(33.333333333333% - ( ( 4% + 4% ) * 0.33333333333333 ) );\"><div class=\"fusion-column-wrapper fusion-flex-column-wrapper-legacy\"><div class=\"fusion-clearfix\"><\/div><\/div><\/div><\/div><\/div>","protected":false},"excerpt":{"rendered":"","protected":false},"author":1,"featured_media":0,"parent":0,"menu_order":0,"comment_status":"closed","ping_status":"closed","template":"","meta":{"om_disable_all_campaigns":false,"_monsterinsights_skip_tracking":false,"_monsterinsights_sitenote_active":false,"_monsterinsights_sitenote_note":"","_monsterinsights_sitenote_category":0,"footnotes":""},"class_list":["post-98","page","type-page","status-publish","hentry"],"aioseo_notices":[],"jetpack_shortlink":"https:\/\/wp.me\/P95uaQ-1A","jetpack_sharing_enabled":true,"_links":{"self":[{"href":"https:\/\/www.vitellelab.com\/fr\/wp-json\/wp\/v2\/pages\/98"}],"collection":[{"href":"https:\/\/www.vitellelab.com\/fr\/wp-json\/wp\/v2\/pages"}],"about":[{"href":"https:\/\/www.vitellelab.com\/fr\/wp-json\/wp\/v2\/types\/page"}],"author":[{"embeddable":true,"href":"https:\/\/www.vitellelab.com\/fr\/wp-json\/wp\/v2\/users\/1"}],"replies":[{"embeddable":true,"href":"https:\/\/www.vitellelab.com\/fr\/wp-json\/wp\/v2\/comments?post=98"}],"version-history":[{"count":0,"href":"https:\/\/www.vitellelab.com\/fr\/wp-json\/wp\/v2\/pages\/98\/revisions"}],"wp:attachment":[{"href":"https:\/\/www.vitellelab.com\/fr\/wp-json\/wp\/v2\/media?parent=98"}],"curies":[{"name":"wp","href":"https:\/\/api.w.org\/{rel}","templated":true}]}}